{"id":41323,"date":"2025-04-10T12:12:57","date_gmt":"2025-04-10T10:12:57","guid":{"rendered":"https:\/\/myspainfood.com\/producto\/carottes-en-tranches-a-inigo-400-g\/"},"modified":"2025-09-02T10:53:05","modified_gmt":"2025-09-02T08:53:05","slug":"carottes-en-tranches-a-inigo-400-g","status":"publish","type":"product","link":"https:\/\/myspainfood.com\/fr\/producto\/carottes-en-tranches-a-inigo-400-g\/","title":{"rendered":"Carottes en tranches A.I\u00f1igo 400 g"},"content":{"rendered":"<p>Les carottes A.I\u00f1igo sont le choix id\u00e9al pour ceux qui recherchent la qualit\u00e9 et la saveur de leurs aliments. Cultiv\u00e9es et s\u00e9lectionn\u00e9es avec soin, ces carottes offrent une texture croquante et une saveur douce et naturelle qui enrichira n&rsquo;importe quel plat. <\/p>\n<p>&nbsp;<\/p>\n<p><strong>Valeur \u00e9nerg\u00e9tique :<\/strong> 71,4 kJ \/ 16,8kcal<\/p>\n<p><strong>Graisses satur\u00e9es<\/strong>: 0 g<\/p>\n<p><strong>Glucides<\/strong>: 4,2 g<\/p>\n<p><strong>Dont sucres :<\/strong> 2,3 g<\/p>\n<p><strong>Fibres alimentaires<\/strong>: 1,4 g<\/p>\n<p><strong>Prot\u00e9ines<\/strong>: 0g<\/p>\n<p><strong>Sel<\/strong>: 0,65 g<\/p>\n","protected":false},"excerpt":{"rendered":"<p>Les carottes A.I\u00f1igo sont le choix id\u00e9al pour ceux qui recherchent la qualit\u00e9 et la saveur de leurs aliments. Cultiv\u00e9es et s\u00e9lectionn\u00e9es avec soin, ces carottes offrent une texture croquante et une saveur douce et naturelle qui enrichira n&rsquo;importe quel plat. &nbsp; Valeur \u00e9nerg\u00e9tique : 71,4 kJ \/ 16,8kcal Graisses satur\u00e9es: 0 g Glucides: 4,2 [&hellip;]<\/p>\n","protected":false},"featured_media":14498,"template":"","meta":{"_et_pb_use_builder":"","_et_pb_old_content":"","_et_gb_content_width":""},"product_brand":[1461],"product_cat":[1941],"product_tag":[],"class_list":{"0":"post-41323","1":"product","2":"type-product","3":"status-publish","4":"has-post-thumbnail","6":"product_brand-a-inigo","7":"product_cat-conserves","9":"first","10":"outofstock","11":"taxable","12":"shipping-taxable","13":"product-type-variable"},"_links":{"self":[{"href":"https:\/\/myspainfood.com\/fr\/wp-json\/wp\/v2\/product\/41323","targetHints":{"allow":["GET"]}}],"collection":[{"href":"https:\/\/myspainfood.com\/fr\/wp-json\/wp\/v2\/product"}],"about":[{"href":"https:\/\/myspainfood.com\/fr\/wp-json\/wp\/v2\/types\/product"}],"wp:featuredmedia":[{"embeddable":true,"href":"https:\/\/myspainfood.com\/fr\/wp-json\/wp\/v2\/media\/14498"}],"wp:attachment":[{"href":"https:\/\/myspainfood.com\/fr\/wp-json\/wp\/v2\/media?parent=41323"}],"wp:term":[{"taxonomy":"product_brand","embeddable":true,"href":"https:\/\/myspainfood.com\/fr\/wp-json\/wp\/v2\/product_brand?post=41323"},{"taxonomy":"product_cat","embeddable":true,"href":"https:\/\/myspainfood.com\/fr\/wp-json\/wp\/v2\/product_cat?post=41323"},{"taxonomy":"product_tag","embeddable":true,"href":"https:\/\/myspainfood.com\/fr\/wp-json\/wp\/v2\/product_tag?post=41323"}],"curies":[{"name":"wp","href":"https:\/\/api.w.org\/{rel}","templated":true}]}}