{"id":41455,"date":"2025-04-10T12:12:57","date_gmt":"2025-04-10T10:12:57","guid":{"rendered":"https:\/\/myspainfood.com\/producto\/la-vieja-fabrica-confiture-de-fruits-de-la-foret-280-g\/"},"modified":"2025-04-10T12:12:57","modified_gmt":"2025-04-10T10:12:57","slug":"la-vieja-fabrica-confiture-de-fruits-de-la-foret-280-g","status":"publish","type":"product","link":"https:\/\/myspainfood.com\/fr\/producto\/la-vieja-fabrica-confiture-de-fruits-de-la-foret-280-g\/","title":{"rendered":"La Vieja F\u00e1brica Confiture de fruits de la for\u00eat 280 g"},"content":{"rendered":"<p>La confiture de fruits de la for\u00eat de La Vieja F\u00e1brica est une combinaison exquise des meilleurs fruits de la for\u00eat, soigneusement s\u00e9lectionn\u00e9s pour offrir une saveur unique et d\u00e9licieuse. Ce produit se distingue par sa production artisanale et son engagement en mati\u00e8re de qualit\u00e9, offrant une exp\u00e9rience gastronomique qui \u00e9voque l&rsquo;essence de la nature \u00e0 chaque cuiller\u00e9e. <\/p>\n<p><span class=\"info-key \"><strong>Nom de la denr\u00e9e alimentaire<\/strong>:<\/span> Confiture de fruits des bois<\/p>\n<p><span class=\"info-key \"><strong>Nom de l&rsquo;op\u00e9rateur<\/strong>:<\/span> \u00c1ngel Camacho Alimentaci\u00f3n, S.L.<\/p>\n<p><strong><span class=\"info-key \">Adresse de l&rsquo;op\u00e9rateur :<\/span><\/strong> Avda. del Pilar, 6 - 41530 Mor\u00f3n de la Frontera (Sevilla).<\/p>\n<p><span class=\"info-key \"><strong>Lieu d&rsquo;origine de la denr\u00e9e alimentaire<\/strong>:<\/span> Produit d&rsquo;Espagne<\/p>\n<p><span class=\"info-key \"><strong>Quantit\u00e9 nette<\/strong>:<\/span> 350 g<\/p>\n<p><span class=\"info-key \"><strong>Autres mentions obligatoires<\/strong>:<\/span> Fabriqu\u00e9 avec 45 g de baies par 100 g.<\/p>\n<p> <strong> Teneur totale en sucre<\/strong> 50 g pour 100 g.<\/p>\n","protected":false},"excerpt":{"rendered":"<p>La confiture de fruits de la for\u00eat de La Vieja F\u00e1brica est une combinaison exquise des meilleurs fruits de la for\u00eat, soigneusement s\u00e9lectionn\u00e9s pour offrir une saveur unique et d\u00e9licieuse. Ce produit se distingue par sa production artisanale et son engagement en mati\u00e8re de qualit\u00e9, offrant une exp\u00e9rience gastronomique qui \u00e9voque l&rsquo;essence de la nature [&hellip;]<\/p>\n","protected":false},"featured_media":14363,"template":"","meta":{"_et_pb_use_builder":"","_et_pb_old_content":"","_et_gb_content_width":""},"product_brand":[1460],"product_cat":[1941],"product_tag":[],"class_list":{"0":"post-41455","1":"product","2":"type-product","3":"status-publish","4":"has-post-thumbnail","6":"product_brand-la-vieja-fabrica","7":"product_cat-conserves","9":"first","10":"outofstock","11":"taxable","12":"shipping-taxable","13":"product-type-variable"},"_links":{"self":[{"href":"https:\/\/myspainfood.com\/fr\/wp-json\/wp\/v2\/product\/41455","targetHints":{"allow":["GET"]}}],"collection":[{"href":"https:\/\/myspainfood.com\/fr\/wp-json\/wp\/v2\/product"}],"about":[{"href":"https:\/\/myspainfood.com\/fr\/wp-json\/wp\/v2\/types\/product"}],"wp:featuredmedia":[{"embeddable":true,"href":"https:\/\/myspainfood.com\/fr\/wp-json\/wp\/v2\/media\/14363"}],"wp:attachment":[{"href":"https:\/\/myspainfood.com\/fr\/wp-json\/wp\/v2\/media?parent=41455"}],"wp:term":[{"taxonomy":"product_brand","embeddable":true,"href":"https:\/\/myspainfood.com\/fr\/wp-json\/wp\/v2\/product_brand?post=41455"},{"taxonomy":"product_cat","embeddable":true,"href":"https:\/\/myspainfood.com\/fr\/wp-json\/wp\/v2\/product_cat?post=41455"},{"taxonomy":"product_tag","embeddable":true,"href":"https:\/\/myspainfood.com\/fr\/wp-json\/wp\/v2\/product_tag?post=41455"}],"curies":[{"name":"wp","href":"https:\/\/api.w.org\/{rel}","templated":true}]}}