{"id":41863,"date":"2025-04-10T12:12:05","date_gmt":"2025-04-10T10:12:05","guid":{"rendered":"https:\/\/myspainfood.com\/producto\/senorio-de-nava-ribera-del-duero-2022-75-cl\/"},"modified":"2026-01-29T12:34:22","modified_gmt":"2026-01-29T11:34:22","slug":"senorio-de-nava-ribera-del-duero-2022-75-cl","status":"publish","type":"product","link":"https:\/\/myspainfood.com\/fr\/producto\/senorio-de-nava-ribera-del-duero-2022-75-cl\/","title":{"rendered":"Se\u00f1or\u00edo De Nava Ribera Del Duero 2022 75 cl"},"content":{"rendered":"<p>D\u00e9couvrez le go\u00fbt authentique de Ribera del Duero avec Se\u00f1or\u00edo De Nava ! Ce vin prestigieux, qui porte la d\u00e9nomination d&rsquo;origine Ribera del Duero, capture l&rsquo;essence m\u00eame de cette r\u00e9gion viticole espagnole renomm\u00e9e. <\/p>\n<p>Le Se\u00f1or\u00edo De Nava Ribera Del Duero est le r\u00e9sultat d&rsquo;une s\u00e9lection minutieuse de raisins Tempranillo, le c\u00e9page embl\u00e9matique de la r\u00e9gion, cultiv\u00e9s dans des vignobles privil\u00e9gi\u00e9s baign\u00e9s par le soleil de la vall\u00e9e du fleuve Duero. Gr\u00e2ce \u00e0 une fermentation contr\u00f4l\u00e9e et \u00e0 un vieillissement m\u00e9ticuleux en f\u00fbts de ch\u00eane, ce vin se distingue par son caract\u00e8re complexe et son \u00e9quilibre exceptionnel. <\/p>\n<p>En bouche, il pr\u00e9sente des notes intenses de fruits m\u00fbrs, de subtiles touches de ch\u00eane et une structure bien d\u00e9finie qui culmine dans une finale longue et satisfaisante. Le Se\u00f1or\u00edo De Nava Ribera Del Duero est le compagnon id\u00e9al pour les occasions sp\u00e9ciales, qu&rsquo;il s&rsquo;agisse de d\u00eeners \u00e9l\u00e9gants ou de r\u00e9unions informelles entre amis. <\/p>\n<p>Laissez-vous s\u00e9duire par l&rsquo;\u00e9l\u00e9gance et la tradition de Ribera del Duero \u00e0 chaque gorg\u00e9e de Se\u00f1or\u00edo De Nava. Appr\u00e9ciez l&rsquo;excellence \u0153nologique de l&rsquo;une des r\u00e9gions viticoles les plus remarquables d&rsquo;Espagne et rendez chaque occasion m\u00e9morable avec ce vin exquis !  <\/p>\n","protected":false},"excerpt":{"rendered":"<p>Le Se\u00f1or\u00edo De Nava Ribera Del Duero est le r\u00e9sultat d&rsquo;une s\u00e9lection minutieuse de raisins Tempranillo, le c\u00e9page embl\u00e9matique de la r\u00e9gion, cultiv\u00e9s dans des vignobles privil\u00e9gi\u00e9s baign\u00e9s par le soleil de la vall\u00e9e du fleuve Duero. Gr\u00e2ce \u00e0 une fermentation contr\u00f4l\u00e9e et \u00e0 un vieillissement m\u00e9ticuleux en f\u00fbts de ch\u00eane, ce vin se distingue par son caract\u00e8re complexe et son \u00e9quilibre exceptionnel. <\/p>\n","protected":false},"featured_media":14174,"template":"","meta":{"_et_pb_use_builder":"","_et_pb_old_content":"","_et_gb_content_width":""},"product_brand":[1224],"product_cat":[4900,4902],"product_tag":[],"class_list":{"0":"post-41863","1":"product","2":"type-product","3":"status-publish","4":"has-post-thumbnail","6":"product_brand-senorio-de-nava","7":"product_cat-boissons","8":"product_cat-le-vin","10":"first","11":"outofstock","12":"taxable","13":"shipping-taxable","14":"product-type-variable"},"_links":{"self":[{"href":"https:\/\/myspainfood.com\/fr\/wp-json\/wp\/v2\/product\/41863","targetHints":{"allow":["GET"]}}],"collection":[{"href":"https:\/\/myspainfood.com\/fr\/wp-json\/wp\/v2\/product"}],"about":[{"href":"https:\/\/myspainfood.com\/fr\/wp-json\/wp\/v2\/types\/product"}],"wp:featuredmedia":[{"embeddable":true,"href":"https:\/\/myspainfood.com\/fr\/wp-json\/wp\/v2\/media\/14174"}],"wp:attachment":[{"href":"https:\/\/myspainfood.com\/fr\/wp-json\/wp\/v2\/media?parent=41863"}],"wp:term":[{"taxonomy":"product_brand","embeddable":true,"href":"https:\/\/myspainfood.com\/fr\/wp-json\/wp\/v2\/product_brand?post=41863"},{"taxonomy":"product_cat","embeddable":true,"href":"https:\/\/myspainfood.com\/fr\/wp-json\/wp\/v2\/product_cat?post=41863"},{"taxonomy":"product_tag","embeddable":true,"href":"https:\/\/myspainfood.com\/fr\/wp-json\/wp\/v2\/product_tag?post=41863"}],"curies":[{"name":"wp","href":"https:\/\/api.w.org\/{rel}","templated":true}]}}