{"id":41876,"date":"2025-04-10T12:12:29","date_gmt":"2025-04-10T10:12:29","guid":{"rendered":"https:\/\/myspainfood.com\/producto\/santos-sodupe-rioja-young-red-descuido\/"},"modified":"2026-01-29T12:48:58","modified_gmt":"2026-01-29T11:48:58","slug":"santos-sodupe-rioja-young-red-descuido","status":"publish","type":"product","link":"https:\/\/myspainfood.com\/fr\/producto\/santos-sodupe-rioja-young-red-descuido\/","title":{"rendered":"Santos Sodupe Rioja Young Red DESCUIDO"},"content":{"rendered":"<p>Mac\u00e9ration carbonique traditionnelle<\/p>\n<p>Mac\u00e9ration \u00e0 froid<\/p>\n<p>Pressage \u00e0 basse pression, jus de goutte<\/p>\n<p>Nettoyage par d\u00e9cantation (desludging)<\/p>\n<p>Fermentation \u00e0 temp\u00e9rature contr\u00f4l\u00e9e<\/p>\n<p>R\u00e9colte s\u00e9lectionn\u00e9e sur la vigne<\/p>\n<p>Sp\u00e9cifications techniques<\/p>\n<p>Jeune rouge<\/p>\n<p>85% tempranillo, 10% viura, 5% graciano<\/p>\n<p>Bodegas Santos Sodupe<\/p>\n<p>San Asensio, La Rioja<\/p>\n<p>D.O.C. Rioja<\/p>\n<p>75cl \/ 12,5%vol.<\/p>\n<p>Contient des sulfites<\/p>\n","protected":false},"excerpt":{"rendered":"<p>Mac\u00e9ration carbonique traditionnelle Mac\u00e9ration \u00e0 froid Pressage \u00e0 basse pression, jus de goutte Nettoyage par d\u00e9cantation (desludging) Fermentation \u00e0 temp\u00e9rature contr\u00f4l\u00e9e R\u00e9colte s\u00e9lectionn\u00e9e sur la vigne Sp\u00e9cifications techniques Jeune rouge 85% tempranillo, 10% viura, 5% graciano Bodegas Santos Sodupe San Asensio, La Rioja D.O.C. Rioja 75cl \/ 12,5%vol. Contient des sulfites<\/p>\n","protected":false},"featured_media":14309,"template":"","meta":{"_et_pb_use_builder":"","_et_pb_old_content":"","_et_gb_content_width":""},"product_brand":[1459],"product_cat":[4900,6279],"product_tag":[],"class_list":{"0":"post-41876","1":"product","2":"type-product","3":"status-publish","4":"has-post-thumbnail","6":"product_brand-santos-sodupe","7":"product_cat-boissons","8":"product_cat-le-vin-fr-2","10":"first","11":"outofstock","12":"taxable","13":"shipping-taxable","14":"product-type-variable"},"_links":{"self":[{"href":"https:\/\/myspainfood.com\/fr\/wp-json\/wp\/v2\/product\/41876","targetHints":{"allow":["GET"]}}],"collection":[{"href":"https:\/\/myspainfood.com\/fr\/wp-json\/wp\/v2\/product"}],"about":[{"href":"https:\/\/myspainfood.com\/fr\/wp-json\/wp\/v2\/types\/product"}],"wp:featuredmedia":[{"embeddable":true,"href":"https:\/\/myspainfood.com\/fr\/wp-json\/wp\/v2\/media\/14309"}],"wp:attachment":[{"href":"https:\/\/myspainfood.com\/fr\/wp-json\/wp\/v2\/media?parent=41876"}],"wp:term":[{"taxonomy":"product_brand","embeddable":true,"href":"https:\/\/myspainfood.com\/fr\/wp-json\/wp\/v2\/product_brand?post=41876"},{"taxonomy":"product_cat","embeddable":true,"href":"https:\/\/myspainfood.com\/fr\/wp-json\/wp\/v2\/product_cat?post=41876"},{"taxonomy":"product_tag","embeddable":true,"href":"https:\/\/myspainfood.com\/fr\/wp-json\/wp\/v2\/product_tag?post=41876"}],"curies":[{"name":"wp","href":"https:\/\/api.w.org\/{rel}","templated":true}]}}