{"id":42155,"date":"2025-04-10T12:12:05","date_gmt":"2025-04-10T10:12:05","guid":{"rendered":"https:\/\/myspainfood.com\/producto\/santos-sodupe-reserva-rioja\/"},"modified":"2026-01-29T12:33:17","modified_gmt":"2026-01-29T11:33:17","slug":"santos-sodupe-reserva-rioja","status":"publish","type":"product","link":"https:\/\/myspainfood.com\/fr\/producto\/santos-sodupe-reserva-rioja\/","title":{"rendered":"Santos Sodupe Reserva Rioja"},"content":{"rendered":"<div class=\"elementor-element elementor-element-dcfae67 aux-appear-watch-animation aux-slide-from-top elementor-widget elementor-widget-aux_modern_heading aux-animated aux-animated-once\" data-id=\"dcfae67\" data-element_type=\"widget\" data-widget_type=\"aux_modern_heading.default\">\n<div class=\"elementor-widget-container\">\n<section class=\"aux-widget-modern-heading\">\n<div class=\"aux-widget-inner\">\n<div class=\"aux-modern-heading-description\">\n<p>Vieilles vignes de s\u00e9lection<\/p>\n<\/div>\n<\/div>\n<\/section>\n<\/div>\n<\/div>\n<div class=\"elementor-element elementor-element-728689c aux-appear-watch-animation aux-fade-in-up elementor-widget elementor-widget-aux_modern_heading aux-animated aux-animated-once\" data-id=\"728689c\" data-element_type=\"widget\" data-widget_type=\"aux_modern_heading.default\">\n<div class=\"elementor-widget-container\">\n<section class=\"aux-widget-modern-heading\">\n<div class=\"aux-widget-inner\">\n<div class=\"aux-modern-heading-description\">\n<p>24 mois en f\u00fbts de ch\u00eane neufs<\/p>\n<p>Ch\u00eane fran\u00e7ais et am\u00e9ricain<\/p>\n<p>Cepas Viejas<\/p>\n<p>Raisins s\u00e9lectionn\u00e9s du vignoble.<\/p>\n<\/div>\n<\/div>\n<\/section>\n<\/div>\n<\/div>\n","protected":false},"excerpt":{"rendered":"<p>Vieilles vignes de s\u00e9lection 24 mois en f\u00fbts de ch\u00eane neufs Ch\u00eane fran\u00e7ais et am\u00e9ricain Cepas Viejas Raisins s\u00e9lectionn\u00e9s du vignoble.<\/p>\n","protected":false},"featured_media":14192,"template":"","meta":{"_et_pb_use_builder":"","_et_pb_old_content":"","_et_gb_content_width":""},"product_brand":[1459],"product_cat":[4900,4902],"product_tag":[],"class_list":{"0":"post-42155","1":"product","2":"type-product","3":"status-publish","4":"has-post-thumbnail","6":"product_brand-santos-sodupe","7":"product_cat-boissons","8":"product_cat-le-vin","10":"first","11":"outofstock","12":"taxable","13":"shipping-taxable","14":"product-type-variable"},"_links":{"self":[{"href":"https:\/\/myspainfood.com\/fr\/wp-json\/wp\/v2\/product\/42155","targetHints":{"allow":["GET"]}}],"collection":[{"href":"https:\/\/myspainfood.com\/fr\/wp-json\/wp\/v2\/product"}],"about":[{"href":"https:\/\/myspainfood.com\/fr\/wp-json\/wp\/v2\/types\/product"}],"wp:featuredmedia":[{"embeddable":true,"href":"https:\/\/myspainfood.com\/fr\/wp-json\/wp\/v2\/media\/14192"}],"wp:attachment":[{"href":"https:\/\/myspainfood.com\/fr\/wp-json\/wp\/v2\/media?parent=42155"}],"wp:term":[{"taxonomy":"product_brand","embeddable":true,"href":"https:\/\/myspainfood.com\/fr\/wp-json\/wp\/v2\/product_brand?post=42155"},{"taxonomy":"product_cat","embeddable":true,"href":"https:\/\/myspainfood.com\/fr\/wp-json\/wp\/v2\/product_cat?post=42155"},{"taxonomy":"product_tag","embeddable":true,"href":"https:\/\/myspainfood.com\/fr\/wp-json\/wp\/v2\/product_tag?post=42155"}],"curies":[{"name":"wp","href":"https:\/\/api.w.org\/{rel}","templated":true}]}}