{"id":42653,"date":"2025-04-10T12:11:42","date_gmt":"2025-04-10T10:11:42","guid":{"rendered":"https:\/\/myspainfood.com\/producto\/nabeel-nafisah-sweets-sweet-damascus-baklava-syrie-150-g\/"},"modified":"2025-04-10T12:11:42","modified_gmt":"2025-04-10T10:11:42","slug":"nabeel-nafisah-sweets-sweet-damascus-baklava-syrie-150-g","status":"publish","type":"product","link":"https:\/\/myspainfood.com\/fr\/producto\/nabeel-nafisah-sweets-sweet-damascus-baklava-syrie-150-g\/","title":{"rendered":"Nabeel Nafisah Sweets Sweet Damascus Baklava Syrie 150 g"},"content":{"rendered":"","protected":false},"excerpt":{"rendered":"<p>Le Baklava est une p\u00e2te phyllo en couches, fourr\u00e9e de noix hach\u00e9es et recouverte de ghee et de sirop de sucre. Il s&rsquo;agit d&rsquo;une friandise croquante, la plus populaire parmi les populations arabes et m\u00e9diterran\u00e9ennes. Il s&rsquo;agit d&rsquo;une combinaison de diff\u00e9rentes vari\u00e9t\u00e9s de Baklava, dispos\u00e9es et organis\u00e9es selon un design oriental sp\u00e9cial.  <\/p>\n","protected":false},"featured_media":13895,"template":"","meta":{"_et_pb_use_builder":"","_et_pb_old_content":"","_et_gb_content_width":""},"product_brand":[1453],"product_cat":[1941,7754],"product_tag":[],"class_list":{"0":"post-42653","1":"product","2":"type-product","3":"status-publish","4":"has-post-thumbnail","6":"product_brand-nabeel-nafisah","7":"product_cat-conserves","8":"product_cat-special-noel","10":"first","11":"outofstock","12":"taxable","13":"shipping-taxable","14":"purchasable","15":"product-type-simple"},"_links":{"self":[{"href":"https:\/\/myspainfood.com\/fr\/wp-json\/wp\/v2\/product\/42653","targetHints":{"allow":["GET"]}}],"collection":[{"href":"https:\/\/myspainfood.com\/fr\/wp-json\/wp\/v2\/product"}],"about":[{"href":"https:\/\/myspainfood.com\/fr\/wp-json\/wp\/v2\/types\/product"}],"wp:featuredmedia":[{"embeddable":true,"href":"https:\/\/myspainfood.com\/fr\/wp-json\/wp\/v2\/media\/13895"}],"wp:attachment":[{"href":"https:\/\/myspainfood.com\/fr\/wp-json\/wp\/v2\/media?parent=42653"}],"wp:term":[{"taxonomy":"product_brand","embeddable":true,"href":"https:\/\/myspainfood.com\/fr\/wp-json\/wp\/v2\/product_brand?post=42653"},{"taxonomy":"product_cat","embeddable":true,"href":"https:\/\/myspainfood.com\/fr\/wp-json\/wp\/v2\/product_cat?post=42653"},{"taxonomy":"product_tag","embeddable":true,"href":"https:\/\/myspainfood.com\/fr\/wp-json\/wp\/v2\/product_tag?post=42653"}],"curies":[{"name":"wp","href":"https:\/\/api.w.org\/{rel}","templated":true}]}}