{"id":42691,"date":"2025-04-10T12:12:05","date_gmt":"2025-04-10T10:12:05","guid":{"rendered":"https:\/\/myspainfood.com\/producto\/la-vieja-fabrica-marmelade-dorange-amere-280-g\/"},"modified":"2025-04-10T12:12:05","modified_gmt":"2025-04-10T10:12:05","slug":"la-vieja-fabrica-marmelade-dorange-amere-280-g","status":"publish","type":"product","link":"https:\/\/myspainfood.com\/fr\/producto\/la-vieja-fabrica-marmelade-dorange-amere-280-g\/","title":{"rendered":"La Vieja F\u00e1brica Marmelade d&rsquo;orange am\u00e8re 280 g"},"content":{"rendered":"<p>La marmelade d&rsquo;orange am\u00e8re de La Vieja F\u00e1brica est un produit traditionnel espagnol qui se distingue par son go\u00fbt authentique et d\u00e9licieux. \u00c9labor\u00e9e avec les meilleures oranges am\u00e8res et selon des recettes traditionnelles, elle offre un \u00e9quilibre parfait entre douceur et amertume. Id\u00e9ale pour accompagner les petits d\u00e9jeuners, les snacks ou les desserts, cette marmelade est un d\u00e9lice qui apporte \u00e0 votre table la richesse des saveurs traditionnelles de l&rsquo;Espagne.  <\/p>\n<p>&nbsp;<\/p>\n<p><span class=\"info-key \"><strong>Nom de la denr\u00e9e<\/strong>:<\/span> Marmelade d&rsquo;orange am\u00e8re<\/p>\n<p><span class=\"info-key \"><strong>Nom de l&rsquo;op\u00e9rateur<\/strong>:<\/span> \u00c1ngel Camacho Alimentaci\u00f3n, S.L.<\/p>\n<p><span class=\"info-key \"><strong>Adresse de l&rsquo;op\u00e9rateur<\/strong>:<\/span> Avda. del Pilar, 6 - 41530 Mor\u00f3n de la Frontera (Sevilla)<\/p>\n<p><span class=\"info-key \"><strong>Lieu d&rsquo;origine de la denr\u00e9e alimentaire<\/strong>:<\/span> Produit d&rsquo;Espagne<\/p>\n<p><span class=\"info-key \"><strong>Quantit\u00e9 nette<\/strong>:<\/span> 365 g<\/p>\n<p><span class=\"info-key \"><strong>Autres mentions obligatoires<\/strong>:<\/span> \u00c9labor\u00e9 \u00e0 partir de 40 g d&rsquo;oranges pour 100 g.<\/p>\n<p><strong>La teneur totale en sucre<\/strong> est de 65 g pour 100 g.<\/p>\n","protected":false},"excerpt":{"rendered":"<p>La marmelade d&rsquo;orange am\u00e8re de La Vieja F\u00e1brica est un produit traditionnel espagnol qui se distingue par son go\u00fbt authentique et d\u00e9licieux. \u00c9labor\u00e9e avec les meilleures oranges am\u00e8res et selon des recettes traditionnelles, elle offre un \u00e9quilibre parfait entre douceur et amertume. Id\u00e9ale pour accompagner les petits d\u00e9jeuners, les snacks ou les desserts, cette marmelade [&hellip;]<\/p>\n","protected":false},"featured_media":14210,"template":"","meta":{"_et_pb_use_builder":"","_et_pb_old_content":"","_et_gb_content_width":""},"product_brand":[1460],"product_cat":[1941],"product_tag":[],"class_list":{"0":"post-42691","1":"product","2":"type-product","3":"status-publish","4":"has-post-thumbnail","6":"product_brand-la-vieja-fabrica","7":"product_cat-conserves","9":"first","10":"outofstock","11":"taxable","12":"shipping-taxable","13":"product-type-variable"},"_links":{"self":[{"href":"https:\/\/myspainfood.com\/fr\/wp-json\/wp\/v2\/product\/42691","targetHints":{"allow":["GET"]}}],"collection":[{"href":"https:\/\/myspainfood.com\/fr\/wp-json\/wp\/v2\/product"}],"about":[{"href":"https:\/\/myspainfood.com\/fr\/wp-json\/wp\/v2\/types\/product"}],"wp:featuredmedia":[{"embeddable":true,"href":"https:\/\/myspainfood.com\/fr\/wp-json\/wp\/v2\/media\/14210"}],"wp:attachment":[{"href":"https:\/\/myspainfood.com\/fr\/wp-json\/wp\/v2\/media?parent=42691"}],"wp:term":[{"taxonomy":"product_brand","embeddable":true,"href":"https:\/\/myspainfood.com\/fr\/wp-json\/wp\/v2\/product_brand?post=42691"},{"taxonomy":"product_cat","embeddable":true,"href":"https:\/\/myspainfood.com\/fr\/wp-json\/wp\/v2\/product_cat?post=42691"},{"taxonomy":"product_tag","embeddable":true,"href":"https:\/\/myspainfood.com\/fr\/wp-json\/wp\/v2\/product_tag?post=42691"}],"curies":[{"name":"wp","href":"https:\/\/api.w.org\/{rel}","templated":true}]}}