{"id":42730,"date":"2025-04-10T12:12:05","date_gmt":"2025-04-10T10:12:05","guid":{"rendered":"https:\/\/myspainfood.com\/producto\/santos-sodupe-rioja-rose-semi-doux-pekadora-rioja\/"},"modified":"2026-01-29T12:41:00","modified_gmt":"2026-01-29T11:41:00","slug":"santos-sodupe-rioja-rose-semi-doux-pekadora-rioja","status":"publish","type":"product","link":"https:\/\/myspainfood.com\/fr\/producto\/santos-sodupe-rioja-rose-semi-doux-pekadora-rioja\/","title":{"rendered":"Santos Sodupe Rioja Ros\u00e9 semi-doux PEKADORA Rioja"},"content":{"rendered":"<p>R\u00e9colte de nuit<\/p>\n<p>Mac\u00e9ration \u00e0 froid<\/p>\n<p>Pressage \u00e0 basse pression, jus de goutte<\/p>\n<p>Nettoyage par flottaison<\/p>\n<p>Fermentation \u00e0 temp\u00e9rature contr\u00f4l\u00e9e<\/p>\n<p>Sp\u00e9cifications techniques<\/p>\n<p>  Ros\u00e9 demi-sucr\u00e9<\/p>\n<p>  100% grenache rouge<\/p>\n<p>  Bodegas Santos Sodupe<\/p>\n<p>  San Asensio, La Rioja<\/p>\n<p>  D.O.C. Rioja<\/p>\n<p>  75cl \/ 12,5%vol.<\/p>\n<p>  Contient des sulfites<\/p>\n<p>d\u00e9gustation<\/p>\n<p>Rose p\u00e2le et franc, reflets saumon\u00e9s<\/p>\n<p>Compote de fruits blancs et notes d&rsquo;agrumes<\/p>\n<p>Sensation vibrante d&rsquo;\u00e9quilibre entre douceur et acidit\u00e9<\/p>\n","protected":false},"excerpt":{"rendered":"<p>R\u00e9colte de nuit Mac\u00e9ration \u00e0 froid Pressage \u00e0 basse pression, jus de goutte Nettoyage par flottaison Fermentation \u00e0 temp\u00e9rature contr\u00f4l\u00e9e Sp\u00e9cifications techniques Ros\u00e9 demi-sucr\u00e9 100% grenache rouge Bodegas Santos Sodupe San Asensio, La Rioja D.O.C. Rioja 75cl \/ 12,5%vol. Contient des sulfites d\u00e9gustation Rose p\u00e2le et franc, reflets saumon\u00e9s Compote de fruits blancs et notes [&hellip;]<\/p>\n","protected":false},"featured_media":14246,"template":"","meta":{"_et_pb_use_builder":"","_et_pb_old_content":"","_et_gb_content_width":""},"product_brand":[1459],"product_cat":[4900,4902],"product_tag":[],"class_list":{"0":"post-42730","1":"product","2":"type-product","3":"status-publish","4":"has-post-thumbnail","6":"product_brand-santos-sodupe","7":"product_cat-boissons","8":"product_cat-le-vin","10":"first","11":"outofstock","12":"taxable","13":"shipping-taxable","14":"product-type-variable"},"_links":{"self":[{"href":"https:\/\/myspainfood.com\/fr\/wp-json\/wp\/v2\/product\/42730","targetHints":{"allow":["GET"]}}],"collection":[{"href":"https:\/\/myspainfood.com\/fr\/wp-json\/wp\/v2\/product"}],"about":[{"href":"https:\/\/myspainfood.com\/fr\/wp-json\/wp\/v2\/types\/product"}],"wp:featuredmedia":[{"embeddable":true,"href":"https:\/\/myspainfood.com\/fr\/wp-json\/wp\/v2\/media\/14246"}],"wp:attachment":[{"href":"https:\/\/myspainfood.com\/fr\/wp-json\/wp\/v2\/media?parent=42730"}],"wp:term":[{"taxonomy":"product_brand","embeddable":true,"href":"https:\/\/myspainfood.com\/fr\/wp-json\/wp\/v2\/product_brand?post=42730"},{"taxonomy":"product_cat","embeddable":true,"href":"https:\/\/myspainfood.com\/fr\/wp-json\/wp\/v2\/product_cat?post=42730"},{"taxonomy":"product_tag","embeddable":true,"href":"https:\/\/myspainfood.com\/fr\/wp-json\/wp\/v2\/product_tag?post=42730"}],"curies":[{"name":"wp","href":"https:\/\/api.w.org\/{rel}","templated":true}]}}