{"id":42733,"date":"2025-04-10T12:12:05","date_gmt":"2025-04-10T10:12:05","guid":{"rendered":"https:\/\/myspainfood.com\/producto\/santos-sodupe-rioja-signature-vin-rouge-graciano-rioja\/"},"modified":"2026-01-29T12:27:17","modified_gmt":"2026-01-29T11:27:17","slug":"santos-sodupe-rioja-signature-vin-rouge-graciano-rioja","status":"publish","type":"product","link":"https:\/\/myspainfood.com\/fr\/producto\/santos-sodupe-rioja-signature-vin-rouge-graciano-rioja\/","title":{"rendered":"Santos Sodupe Rioja signature vin rouge GRACIANO Rioja"},"content":{"rendered":"<p>100% Graciano<\/p>\n<p>16 mois en f\u00fbts de ch\u00eane<\/p>\n<p>Fran\u00e7ais<\/p>\n<p>Vieilles vignes<\/p>\n<p>R\u00e9colte s\u00e9lectionn\u00e9e sur la vigne<\/p>\n<p>M\u00e9daille d&rsquo;or des meilleurs vins 2021<\/p>\n<p>M\u00e9daille d&rsquo;or Civas Gold 2023<\/p>\n<p>Sp\u00e9cifications techniques<\/p>\n<p>Signature Red<\/p>\n<p>100% graciano<\/p>\n<p>Bodegas Santos Sodupe<\/p>\n<p>San Asensio, La Rioja<\/p>\n<p>D.O.C. Rioja<\/p>\n<p>75cl \/ 12,5%vol.<\/p>\n<p>Contient des sulfites<\/p>\n<p>d\u00e9gustation<\/p>\n<p>Rouge cerise avec des tons ocre<\/p>\n<p>Notes \u00e9pic\u00e9es et bois\u00e9es avec des fruits rouges m\u00fbrs<\/p>\n<p>Charnu et long, tannins nobles, ampleur et structure.<\/p>\n","protected":false},"excerpt":{"rendered":"<p>100% Graciano 16 mois en f\u00fbts de ch\u00eane Fran\u00e7ais Vieilles vignes R\u00e9colte s\u00e9lectionn\u00e9e sur la vigne M\u00e9daille d&rsquo;or des meilleurs vins 2021 M\u00e9daille d&rsquo;or Civas Gold 2023 Sp\u00e9cifications techniques Signature Red 100% graciano Bodegas Santos Sodupe San Asensio, La Rioja D.O.C. Rioja 75cl \/ 12,5%vol. Contient des sulfites d\u00e9gustation Rouge cerise avec des tons ocre [&hellip;]<\/p>\n","protected":false},"featured_media":14237,"template":"","meta":{"_et_pb_use_builder":"","_et_pb_old_content":"","_et_gb_content_width":""},"product_brand":[1459],"product_cat":[4900,4902],"product_tag":[],"class_list":{"0":"post-42733","1":"product","2":"type-product","3":"status-publish","4":"has-post-thumbnail","6":"product_brand-santos-sodupe","7":"product_cat-boissons","8":"product_cat-le-vin","10":"first","11":"outofstock","12":"taxable","13":"shipping-taxable","14":"product-type-variable"},"_links":{"self":[{"href":"https:\/\/myspainfood.com\/fr\/wp-json\/wp\/v2\/product\/42733","targetHints":{"allow":["GET"]}}],"collection":[{"href":"https:\/\/myspainfood.com\/fr\/wp-json\/wp\/v2\/product"}],"about":[{"href":"https:\/\/myspainfood.com\/fr\/wp-json\/wp\/v2\/types\/product"}],"wp:featuredmedia":[{"embeddable":true,"href":"https:\/\/myspainfood.com\/fr\/wp-json\/wp\/v2\/media\/14237"}],"wp:attachment":[{"href":"https:\/\/myspainfood.com\/fr\/wp-json\/wp\/v2\/media?parent=42733"}],"wp:term":[{"taxonomy":"product_brand","embeddable":true,"href":"https:\/\/myspainfood.com\/fr\/wp-json\/wp\/v2\/product_brand?post=42733"},{"taxonomy":"product_cat","embeddable":true,"href":"https:\/\/myspainfood.com\/fr\/wp-json\/wp\/v2\/product_cat?post=42733"},{"taxonomy":"product_tag","embeddable":true,"href":"https:\/\/myspainfood.com\/fr\/wp-json\/wp\/v2\/product_tag?post=42733"}],"curies":[{"name":"wp","href":"https:\/\/api.w.org\/{rel}","templated":true}]}}