{"id":42785,"date":"2025-04-10T12:10:02","date_gmt":"2025-04-10T10:10:02","guid":{"rendered":"https:\/\/myspainfood.com\/producto\/chicon-sucettes-aux-olives-900-grammes-paquet-de-6-unites\/"},"modified":"2025-04-10T12:10:02","modified_gmt":"2025-04-10T10:10:02","slug":"chicon-sucettes-aux-olives-900-grammes-paquet-de-6-unites","status":"publish","type":"product","link":"https:\/\/myspainfood.com\/fr\/producto\/chicon-sucettes-aux-olives-900-grammes-paquet-de-6-unites\/","title":{"rendered":"Chic\u00f3n sucettes aux olives 900 grammes paquet de 6 unit\u00e9s"},"content":{"rendered":"<h3>Avantages des olives <a href=\"https:\/\/aceitunaschiconlebron.com\/\" target=\"_blank\" rel=\"noopener noreferrer nofollow\">Chicon<\/a> Chupadedos Ali\u00f1o<\/h3>\n<p>Connaissez-vous les multiples bienfaits de ces Olives Chicon Ali\u00f1o Suckers ? Elles ont un grand pouvoir de pr\u00e9vention des maladies cardiaques et des maladies circulatoires en g\u00e9n\u00e9ral. <\/p>\n<p>Cela est d\u00fb \u00e0 sa teneur \u00e9lev\u00e9e en graisses insatur\u00e9es. En outre, c&rsquo;est un aliment qui contient beaucoup de fer et de fibres et qui est tr\u00e8s rassasiant, ce qui en fait un en-cas id\u00e9al. <\/p>\n<p>Il est conseill\u00e9 de conserver ces olives enti\u00e8res dans un endroit frais et sec, \u00e0 l&rsquo;abri de la lumi\u00e8re du soleil.<\/p>\n<p>Si vous souhaitez acheter des olives ou tout autre type d&rsquo;<a href=\"https:\/\/latiendadesami.com\/categoria-producto\/encurtidos\/\" rel=\"noopener noreferrer nofollow\" target=\"_blank\">aliments marin\u00e9s<\/a>, n&rsquo;h\u00e9sitez pas \u00e0 consulter notre catalogue en ligne pour voir la grande vari\u00e9t\u00e9 d&rsquo;<a href=\"https:\/\/latiendadesami.com\/categoria-producto\/encurtidos\/aceitunas\/\" target=\"_blank\" rel=\"noopener noreferrer nofollow\">olives<\/a> que nous avons.<\/p>\n","protected":false},"excerpt":{"rendered":"<p>Avantages des olives Chicon Chupadedos Ali\u00f1o Connaissez-vous les multiples bienfaits de ces Olives Chicon Ali\u00f1o Suckers ? Elles ont un grand pouvoir de pr\u00e9vention des maladies cardiaques et des maladies circulatoires en g\u00e9n\u00e9ral. Cela est d\u00fb \u00e0 sa teneur \u00e9lev\u00e9e en graisses insatur\u00e9es. En outre, c&rsquo;est un aliment qui contient beaucoup de fer et de [&hellip;]<\/p>\n","protected":false},"featured_media":12347,"template":"","meta":{"_et_pb_use_builder":"","_et_pb_old_content":"","_et_gb_content_width":""},"product_brand":[1036],"product_cat":[2985,3130],"product_tag":[4094],"class_list":{"0":"post-42785","1":"product","2":"type-product","3":"status-publish","4":"has-post-thumbnail","6":"product_brand-chicon","7":"product_cat-commerce-de-gros","8":"product_cat-cornichons-fr-2","9":"product_tag-suceurs","11":"first","12":"instock","13":"taxable","14":"shipping-taxable","15":"purchasable","16":"product-type-variable"},"_links":{"self":[{"href":"https:\/\/myspainfood.com\/fr\/wp-json\/wp\/v2\/product\/42785","targetHints":{"allow":["GET"]}}],"collection":[{"href":"https:\/\/myspainfood.com\/fr\/wp-json\/wp\/v2\/product"}],"about":[{"href":"https:\/\/myspainfood.com\/fr\/wp-json\/wp\/v2\/types\/product"}],"wp:featuredmedia":[{"embeddable":true,"href":"https:\/\/myspainfood.com\/fr\/wp-json\/wp\/v2\/media\/12347"}],"wp:attachment":[{"href":"https:\/\/myspainfood.com\/fr\/wp-json\/wp\/v2\/media?parent=42785"}],"wp:term":[{"taxonomy":"product_brand","embeddable":true,"href":"https:\/\/myspainfood.com\/fr\/wp-json\/wp\/v2\/product_brand?post=42785"},{"taxonomy":"product_cat","embeddable":true,"href":"https:\/\/myspainfood.com\/fr\/wp-json\/wp\/v2\/product_cat?post=42785"},{"taxonomy":"product_tag","embeddable":true,"href":"https:\/\/myspainfood.com\/fr\/wp-json\/wp\/v2\/product_tag?post=42785"}],"curies":[{"name":"wp","href":"https:\/\/api.w.org\/{rel}","templated":true}]}}