{"id":43518,"date":"2025-04-10T12:11:40","date_gmt":"2025-04-10T10:11:40","guid":{"rendered":"https:\/\/myspainfood.com\/producto\/sardines-a-lhuile-de-tournesol-12-14-pieces-111-g\/"},"modified":"2025-04-10T12:11:40","modified_gmt":"2025-04-10T10:11:40","slug":"sardines-a-lhuile-de-tournesol-12-14-pieces-111-g","status":"publish","type":"product","link":"https:\/\/myspainfood.com\/fr\/producto\/sardines-a-lhuile-de-tournesol-12-14-pieces-111-g\/","title":{"rendered":"Sardines \u00e0 l&rsquo;huile de tournesol 12\/14 pi\u00e8ces 111 g"},"content":{"rendered":"<p>D\u00e9couvrez le d\u00e9licieux go\u00fbt de la mer avec nos sardines de premi\u00e8re qualit\u00e9 \u00e0 l&rsquo;huile de tournesol ! Chaque bouch\u00e9e est une explosion de fra\u00eecheur et de qualit\u00e9 qui ravira votre palais et vous transportera vers les c\u00f4tes les plus exotiques. <\/p>\n<p>Nos sardines sont soigneusement p\u00each\u00e9es dans les eaux les plus pures et s\u00e9lectionn\u00e9es pour garantir leur fra\u00eecheur et leur saveur incomparables. Tremp\u00e9es dans de l&rsquo;huile de tournesol de premi\u00e8re qualit\u00e9, nous pr\u00e9servons leur texture tendre et leur saveur naturelle pour faire de chaque bouch\u00e9e une exp\u00e9rience inoubliable. <\/p>\n<p>Riches en acides gras om\u00e9ga-3, en vitamines essentielles et en min\u00e9raux, nos sardines \u00e0 l&rsquo;huile de tournesol sont non seulement d\u00e9licieuses, mais aussi un choix nutritif pour votre alimentation quotidienne. Utilisez-les comme ingr\u00e9dient vedette dans des salades fra\u00eeches, des en-cas gastronomiques ou d\u00e9gustez-les tout simplement directement dans la bo\u00eete. <\/p>\n<p>Que vous pr\u00e9pariez un d\u00eener raffin\u00e9 ou que vous cherchiez un en-cas sain \u00e0 emporter, nos sardines \u00e0 l&rsquo;huile de tournesol sont le choix id\u00e9al. Osez les go\u00fbter et d\u00e9couvrez pourquoi elles sont le secret le mieux gard\u00e9 de tous les gourmets ! <\/p>\n<p>Procurez-vous d\u00e8s aujourd&rsquo;hui votre bo\u00eete de sardines \u00e0 l&rsquo;huile de tournesol et ajoutez une touche de saveur marine \u00e0 vos plats pr\u00e9f\u00e9r\u00e9s !<\/p>\n","protected":false},"excerpt":{"rendered":"<p>D\u00e9couvrez le d\u00e9licieux go\u00fbt de la mer avec nos sardines de premi\u00e8re qualit\u00e9 \u00e0 l&rsquo;huile de tournesol ! Chaque bouch\u00e9e est une explosion de fra\u00eecheur et de qualit\u00e9 qui ravira votre palais et vous transportera vers les c\u00f4tes les plus exotiques. <\/p>\n","protected":false},"featured_media":14129,"template":"","meta":{"_et_pb_use_builder":"","_et_pb_old_content":"","_et_gb_content_width":""},"product_brand":[1358],"product_cat":[1941,3776],"product_tag":[],"class_list":{"0":"post-43518","1":"product","2":"type-product","3":"status-publish","4":"has-post-thumbnail","6":"product_brand-areoso","7":"product_cat-conserves","8":"product_cat-sardinillas-fr","10":"first","11":"outofstock","12":"taxable","13":"shipping-taxable","14":"product-type-simple"},"_links":{"self":[{"href":"https:\/\/myspainfood.com\/fr\/wp-json\/wp\/v2\/product\/43518","targetHints":{"allow":["GET"]}}],"collection":[{"href":"https:\/\/myspainfood.com\/fr\/wp-json\/wp\/v2\/product"}],"about":[{"href":"https:\/\/myspainfood.com\/fr\/wp-json\/wp\/v2\/types\/product"}],"wp:featuredmedia":[{"embeddable":true,"href":"https:\/\/myspainfood.com\/fr\/wp-json\/wp\/v2\/media\/14129"}],"wp:attachment":[{"href":"https:\/\/myspainfood.com\/fr\/wp-json\/wp\/v2\/media?parent=43518"}],"wp:term":[{"taxonomy":"product_brand","embeddable":true,"href":"https:\/\/myspainfood.com\/fr\/wp-json\/wp\/v2\/product_brand?post=43518"},{"taxonomy":"product_cat","embeddable":true,"href":"https:\/\/myspainfood.com\/fr\/wp-json\/wp\/v2\/product_cat?post=43518"},{"taxonomy":"product_tag","embeddable":true,"href":"https:\/\/myspainfood.com\/fr\/wp-json\/wp\/v2\/product_tag?post=43518"}],"curies":[{"name":"wp","href":"https:\/\/api.w.org\/{rel}","templated":true}]}}