{"id":43567,"date":"2025-04-10T12:12:05","date_gmt":"2025-04-10T10:12:05","guid":{"rendered":"https:\/\/myspainfood.com\/producto\/santos-sodupe-rioja-jeune-titis-rose\/"},"modified":"2026-01-29T13:01:31","modified_gmt":"2026-01-29T12:01:31","slug":"santos-sodupe-rioja-jeune-titis-rose","status":"publish","type":"product","link":"https:\/\/myspainfood.com\/fr\/producto\/santos-sodupe-rioja-jeune-titis-rose\/","title":{"rendered":"Santos Sodupe Rioja jeune TITIS ROS\u00c9"},"content":{"rendered":"<p>Rose<\/p>\n<p>Mac\u00e9ration \u00e0 froid<\/p>\n<p>Pressage \u00e0 basse pression, jus de goutte<\/p>\n<p>Nettoyage par flottaison<\/p>\n<p>Fermentation \u00e0 temp\u00e9rature contr\u00f4l\u00e9e<\/p>\n<p>Sp\u00e9cifications techniques<\/p>\n<p>  Jeune ros\u00e9<\/p>\n<p>  100% grenache rouge<\/p>\n<p>  Bodegas Santos Sodupe<\/p>\n<p>  San Asensio, La Rioja<\/p>\n<p>  D.O.C. Rioja<\/p>\n<p>  75cl \/ 12,5%vol.<\/p>\n<p>  Contient des sulfites<\/p>\n<p>d\u00e9gustation<\/p>\n<p>Rose p\u00e2le et franc, reflets saumon\u00e9s<\/p>\n<p>Enveloppant et \u00e9l\u00e9gant, fruits blancs et agrumes.<\/p>\n<p>Long et moelleux, acidit\u00e9 \u00e9l\u00e9gante et persistante.<\/p>\n","protected":false},"excerpt":{"rendered":"<p>Rose Mac\u00e9ration \u00e0 froid Pressage \u00e0 basse pression, jus de goutte Nettoyage par flottaison Fermentation \u00e0 temp\u00e9rature contr\u00f4l\u00e9e Sp\u00e9cifications techniques Jeune ros\u00e9 100% grenache rouge Bodegas Santos Sodupe San Asensio, La Rioja D.O.C. Rioja 75cl \/ 12,5%vol. Contient des sulfites d\u00e9gustation Rose p\u00e2le et franc, reflets saumon\u00e9s Enveloppant et \u00e9l\u00e9gant, fruits blancs et agrumes. Long [&hellip;]<\/p>\n","protected":false},"featured_media":14282,"template":"","meta":{"_et_pb_use_builder":"","_et_pb_old_content":"","_et_gb_content_width":""},"product_brand":[1459],"product_cat":[4900,4902],"product_tag":[],"class_list":{"0":"post-43567","1":"product","2":"type-product","3":"status-publish","4":"has-post-thumbnail","6":"product_brand-santos-sodupe","7":"product_cat-boissons","8":"product_cat-le-vin","10":"first","11":"outofstock","12":"taxable","13":"shipping-taxable","14":"product-type-variable"},"_links":{"self":[{"href":"https:\/\/myspainfood.com\/fr\/wp-json\/wp\/v2\/product\/43567","targetHints":{"allow":["GET"]}}],"collection":[{"href":"https:\/\/myspainfood.com\/fr\/wp-json\/wp\/v2\/product"}],"about":[{"href":"https:\/\/myspainfood.com\/fr\/wp-json\/wp\/v2\/types\/product"}],"wp:featuredmedia":[{"embeddable":true,"href":"https:\/\/myspainfood.com\/fr\/wp-json\/wp\/v2\/media\/14282"}],"wp:attachment":[{"href":"https:\/\/myspainfood.com\/fr\/wp-json\/wp\/v2\/media?parent=43567"}],"wp:term":[{"taxonomy":"product_brand","embeddable":true,"href":"https:\/\/myspainfood.com\/fr\/wp-json\/wp\/v2\/product_brand?post=43567"},{"taxonomy":"product_cat","embeddable":true,"href":"https:\/\/myspainfood.com\/fr\/wp-json\/wp\/v2\/product_cat?post=43567"},{"taxonomy":"product_tag","embeddable":true,"href":"https:\/\/myspainfood.com\/fr\/wp-json\/wp\/v2\/product_tag?post=43567"}],"curies":[{"name":"wp","href":"https:\/\/api.w.org\/{rel}","templated":true}]}}