{"id":43889,"date":"2025-04-10T12:11:27","date_gmt":"2025-04-10T10:11:27","guid":{"rendered":"https:\/\/myspainfood.com\/producto\/oeuf-gildas-a-lanchois-bokeo-4-pieces\/"},"modified":"2025-06-24T13:04:01","modified_gmt":"2025-06-24T11:04:01","slug":"oeuf-gildas-a-lanchois-bokeo-4-pieces","status":"publish","type":"product","link":"https:\/\/myspainfood.com\/fr\/producto\/oeuf-gildas-a-lanchois-bokeo-4-pieces\/","title":{"rendered":"\u0152uf Gildas \u00e0 l&rsquo;anchois Bokeo 4 pi\u00e8ces"},"content":{"rendered":"<p>Gilda d&rsquo;anchois, \u0153uf de caille, olives farcies aux anchois, piparra et poivron rouge.<\/p>\n","protected":false},"excerpt":{"rendered":"<p>Gilda d&rsquo;anchois, \u0153uf de caille, olives farcies aux anchois, piparra et poivron rouge.<\/p>\n","protected":false},"featured_media":10673,"template":"","meta":{"_et_pb_use_builder":"","_et_pb_old_content":"","_et_gb_content_width":""},"product_brand":[1277],"product_cat":[1895,1941,1570,1864,1571,1866,2367],"product_tag":[],"class_list":{"0":"post-43889","1":"product","2":"type-product","3":"status-publish","4":"has-post-thumbnail","6":"product_brand-bokeo","7":"product_cat-anchois-fr","8":"product_cat-conserves","9":"product_cat-cornichons","10":"product_cat-froid","11":"product_cat-olives-fr","12":"product_cat-pintxos-fr","13":"product_cat-poivrons","14":"product_shipping_class-expedition-a-froid","16":"first","17":"outofstock","18":"taxable","19":"shipping-taxable","20":"product-type-variable"},"_links":{"self":[{"href":"https:\/\/myspainfood.com\/fr\/wp-json\/wp\/v2\/product\/43889","targetHints":{"allow":["GET"]}}],"collection":[{"href":"https:\/\/myspainfood.com\/fr\/wp-json\/wp\/v2\/product"}],"about":[{"href":"https:\/\/myspainfood.com\/fr\/wp-json\/wp\/v2\/types\/product"}],"wp:featuredmedia":[{"embeddable":true,"href":"https:\/\/myspainfood.com\/fr\/wp-json\/wp\/v2\/media\/10673"}],"wp:attachment":[{"href":"https:\/\/myspainfood.com\/fr\/wp-json\/wp\/v2\/media?parent=43889"}],"wp:term":[{"taxonomy":"product_brand","embeddable":true,"href":"https:\/\/myspainfood.com\/fr\/wp-json\/wp\/v2\/product_brand?post=43889"},{"taxonomy":"product_cat","embeddable":true,"href":"https:\/\/myspainfood.com\/fr\/wp-json\/wp\/v2\/product_cat?post=43889"},{"taxonomy":"product_tag","embeddable":true,"href":"https:\/\/myspainfood.com\/fr\/wp-json\/wp\/v2\/product_tag?post=43889"}],"curies":[{"name":"wp","href":"https:\/\/api.w.org\/{rel}","templated":true}]}}