{"id":44107,"date":"2025-04-10T12:10:50","date_gmt":"2025-04-10T10:10:50","guid":{"rendered":"https:\/\/myspainfood.com\/producto\/anchois-fume-et-artichauts-braises-35-unites\/"},"modified":"2025-07-31T16:50:40","modified_gmt":"2025-07-31T14:50:40","slug":"anchois-fume-et-artichauts-braises-35-unites","status":"publish","type":"product","link":"https:\/\/myspainfood.com\/fr\/producto\/anchois-fume-et-artichauts-braises-35-unites\/","title":{"rendered":"Anchois fum\u00e9 et artichauts brais\u00e9s 35 unit\u00e9s"},"content":{"rendered":"<p>Huile (85% tournesol, 15% olive), artichauts brais\u00e9s, anchois fum\u00e9s, olives farcies aux anchois et poivron rouge.<\/p>\n","protected":false},"excerpt":{"rendered":"<p>Huile (85% tournesol, 15% olive), artichauts brais\u00e9s, anchois fum\u00e9s, olives farcies aux anchois et poivron rouge.<\/p>\n","protected":false},"featured_media":13184,"template":"","meta":{"_et_pb_use_builder":"","_et_pb_old_content":"","_et_gb_content_width":""},"product_brand":[1277],"product_cat":[2813,1865,1570,1864,1571,1866],"product_tag":[],"class_list":{"0":"post-44107","1":"product","2":"type-product","3":"status-publish","4":"has-post-thumbnail","6":"product_brand-bokeo","7":"product_cat-anchois-fr-2","8":"product_cat-anchois","9":"product_cat-cornichons","10":"product_cat-froid","11":"product_cat-olives-fr","12":"product_cat-pintxos-fr","13":"product_shipping_class-expedition-a-froid","15":"first","16":"outofstock","17":"taxable","18":"shipping-taxable","19":"purchasable","20":"product-type-simple"},"_links":{"self":[{"href":"https:\/\/myspainfood.com\/fr\/wp-json\/wp\/v2\/product\/44107","targetHints":{"allow":["GET"]}}],"collection":[{"href":"https:\/\/myspainfood.com\/fr\/wp-json\/wp\/v2\/product"}],"about":[{"href":"https:\/\/myspainfood.com\/fr\/wp-json\/wp\/v2\/types\/product"}],"wp:featuredmedia":[{"embeddable":true,"href":"https:\/\/myspainfood.com\/fr\/wp-json\/wp\/v2\/media\/13184"}],"wp:attachment":[{"href":"https:\/\/myspainfood.com\/fr\/wp-json\/wp\/v2\/media?parent=44107"}],"wp:term":[{"taxonomy":"product_brand","embeddable":true,"href":"https:\/\/myspainfood.com\/fr\/wp-json\/wp\/v2\/product_brand?post=44107"},{"taxonomy":"product_cat","embeddable":true,"href":"https:\/\/myspainfood.com\/fr\/wp-json\/wp\/v2\/product_cat?post=44107"},{"taxonomy":"product_tag","embeddable":true,"href":"https:\/\/myspainfood.com\/fr\/wp-json\/wp\/v2\/product_tag?post=44107"}],"curies":[{"name":"wp","href":"https:\/\/api.w.org\/{rel}","templated":true}]}}