{"id":44192,"date":"2025-04-10T12:11:14","date_gmt":"2025-04-10T10:11:14","guid":{"rendered":"https:\/\/myspainfood.com\/producto\/cocktail-de-vermouth-los-cantabros-025-lata-de-jairo-cuetao-mis-en-bouteille-par-bodegas-igarmi\/"},"modified":"2026-01-29T12:59:33","modified_gmt":"2026-01-29T11:59:33","slug":"cocktail-de-vermouth-los-cantabros-025-lata-de-jairo-cuetao-mis-en-bouteille-par-bodegas-igarmi","status":"publish","type":"product","link":"https:\/\/myspainfood.com\/fr\/producto\/cocktail-de-vermouth-los-cantabros-025-lata-de-jairo-cuetao-mis-en-bouteille-par-bodegas-igarmi\/","title":{"rendered":"Cocktail de vermouth los C\u00e1ntabros 0,25 Lata de Jairo Cuetao mis en bouteille par bodegas Igarmi"},"content":{"rendered":"<p>Verm\u00fa los C\u00e1ntabros est un hommage \u00e0 tous ces hommes et femmes qui ont su pr\u00e9server et diffuser notre culture.<\/p>\n<p>Nos racines et nos traditions aussi, accompagn\u00e9es de foires, de festivals, de jeux et de gastronomie, de la mer aux montagnes de notre Cantabrie bien-aim\u00e9e.<\/p>\n<p>Ce produit est mis en bouteille par Bodegas Igarmi.  <\/p>\n<p>Bodegas Igarmi est le fruit d&rsquo;une tradition qui, depuis 1890, se caract\u00e9rise par sa qualit\u00e9 et son service \u00e0 la client\u00e8le.<\/p>\n<p>Une entreprise familiale dont la passion et le d\u00e9vouement pour le vin lui ont permis de mettre en bouteille et de commercialiser des vins d&rsquo;un rapport qualit\u00e9-prix imbattable, tr\u00e8s appr\u00e9ci\u00e9s sur le march\u00e9 et par les consommateurs.<\/p>\n<p>Bodegas Igarmi dispose de 3 000 m\u00b2 d&rsquo;installations dans la ville de Heras et d&rsquo;une capacit\u00e9 de stockage d&rsquo;environ un million de litres.<\/p>\n<p>Il s&rsquo;agit \u00e9galement de la plus grande cave de Cantabrie.<\/p>\n<p>Il s&rsquo;agit d&rsquo;une grande \u00e9quipe de plus de 30 personnes qui s&rsquo;engagent \u00e0 fournir au client le meilleur produit et le meilleur service pour lesquels nous nous distinguons.<\/p>\n<p>Ils disposent d&rsquo;une flotte de 20 v\u00e9hicules pour la livraison et la distribution de produits dans toute la Cantabrie et les communaut\u00e9s voisines.<\/p>\n<p>Si vous souhaitez acheter Vermouth Los C\u00e1ntabros 5 litres Bag in Box ou tout autre type de boisson, n&rsquo;h\u00e9sitez pas \u00e0 consulter notre catalogue en ligne pour voir la grande vari\u00e9t\u00e9 de boissons que nous avons.<\/p>\n<p>\u00c9crivez-nous pour plus d&rsquo;informations.<\/p>\n","protected":false},"excerpt":{"rendered":"<p>Verm\u00fa los C\u00e1ntabros est un hommage \u00e0 tous ces hommes et femmes qui ont su pr\u00e9server et diffuser notre culture. Nos racines et nos traditions aussi, accompagn\u00e9es de foires, de festivals, de jeux et de gastronomie, de la mer aux montagnes de notre Cantabrie bien-aim\u00e9e. Ce produit est mis en bouteille par Bodegas Igarmi. Bodegas [&hellip;]<\/p>\n","protected":false},"featured_media":13598,"template":"","meta":{"_et_pb_use_builder":"","_et_pb_old_content":"","_et_gb_content_width":""},"product_brand":[1244,1245],"product_cat":[4900,5767],"product_tag":[5768],"class_list":{"0":"post-44192","1":"product","2":"type-product","3":"status-publish","4":"has-post-thumbnail","6":"product_brand-igarmi","7":"product_brand-los-cantabros","8":"product_cat-boissons","9":"product_cat-vermouth","10":"product_tag-igarmi-fr","12":"first","13":"outofstock","14":"featured","15":"taxable","16":"shipping-taxable","17":"product-type-variable"},"_links":{"self":[{"href":"https:\/\/myspainfood.com\/fr\/wp-json\/wp\/v2\/product\/44192","targetHints":{"allow":["GET"]}}],"collection":[{"href":"https:\/\/myspainfood.com\/fr\/wp-json\/wp\/v2\/product"}],"about":[{"href":"https:\/\/myspainfood.com\/fr\/wp-json\/wp\/v2\/types\/product"}],"wp:featuredmedia":[{"embeddable":true,"href":"https:\/\/myspainfood.com\/fr\/wp-json\/wp\/v2\/media\/13598"}],"wp:attachment":[{"href":"https:\/\/myspainfood.com\/fr\/wp-json\/wp\/v2\/media?parent=44192"}],"wp:term":[{"taxonomy":"product_brand","embeddable":true,"href":"https:\/\/myspainfood.com\/fr\/wp-json\/wp\/v2\/product_brand?post=44192"},{"taxonomy":"product_cat","embeddable":true,"href":"https:\/\/myspainfood.com\/fr\/wp-json\/wp\/v2\/product_cat?post=44192"},{"taxonomy":"product_tag","embeddable":true,"href":"https:\/\/myspainfood.com\/fr\/wp-json\/wp\/v2\/product_tag?post=44192"}],"curies":[{"name":"wp","href":"https:\/\/api.w.org\/{rel}","templated":true}]}}