{"id":44279,"date":"2025-04-10T12:11:27","date_gmt":"2025-04-10T10:11:27","guid":{"rendered":"https:\/\/myspainfood.com\/producto\/sachet-dassortiment-400-grammes-la-ponderosa\/"},"modified":"2025-04-10T12:11:27","modified_gmt":"2025-04-10T10:11:27","slug":"sachet-dassortiment-400-grammes-la-ponderosa","status":"publish","type":"product","link":"https:\/\/myspainfood.com\/fr\/producto\/sachet-dassortiment-400-grammes-la-ponderosa\/","title":{"rendered":"Sachet d&rsquo;assortiment 400 grammes La Ponderosa"},"content":{"rendered":"<p>Description<\/p>\n<p>Dans cet assortiment mini sac 400 grs vous trouverez les produits les plus traditionnels de No\u00ebl. Dans un seul produit vous trouverez une s\u00e9lection de : <\/p>\n<p>- Beignets au vin et aux amandes. La version mini de notre exquis beignet au vin. De forme ronde, avec un trou au centre, ils sont pr\u00e9par\u00e9s avec du vin doux, des amandes, des graines de s\u00e9same et du sucre glace.  <\/p>\n<p>- Polvoroncitos de almendra : que serait No\u00ebl sans les traditionnels polvoronones ? Bien que plus petits que les originaux, nos polvoroncitos conservent cette saveur caract\u00e9ristique d&rsquo;amande.  <\/p>\n<p>- Sabl\u00e9s \u00e0 la cannelle. Le roi de No\u00ebl avec le polvor\u00f3n. La version mini de notre mantecado est fabriqu\u00e9e avec les m\u00eames ingr\u00e9dients : beurre, farine, amandes moulues, graines de s\u00e9same et cannelle.  <\/p>\n<p>Ingr\u00e9dients<\/p>\n<p>Mini beurre \u00e0 la cannelle : Farine de bl\u00e9, sucre, saindoux ib\u00e9rique (antioxydant : E-320), cannelle (1%) et graines de s\u00e9same. Peut contenir des traces de fruits \u00e0 coque, d&rsquo;arachides et de sulfites. <\/p>\n<p>Mini polvor\u00f3n aux amandes : Farine de bl\u00e9, sucre, saindoux ib\u00e9rique (antioxydant : E-320), amandes (8%), cannelle, clous de girofle et ar\u00f4me de citron. Peut contenir des traces d&rsquo;arachides, de s\u00e9same et de sulfites. <\/p>\n<p>Mini beignet au vin et aux amandes : Farine de bl\u00e9, saindoux ib\u00e9rique (antioxydant : E-320), sucre, vin (contient des sulfites) (12%), amandes (5%), anis, cannelle, graines de s\u00e9same, ar\u00f4me d&rsquo;anis et ar\u00f4me de citron. Peut contenir des traces d&rsquo;arachides. <\/p>\n<p>Allerg\u00e8nes<\/p>\n<p>Contient du gluten, des fruits \u00e0 coque, du s\u00e9same et des sulfites. Peut contenir des traces d&rsquo;arachides. <\/p>\n","protected":false},"excerpt":{"rendered":"<p>Description Dans cet assortiment mini sac 400 grs vous trouverez les produits les plus traditionnels de No\u00ebl. Dans un seul produit vous trouverez une s\u00e9lection de : - Beignets au vin et aux amandes. La version mini de notre exquis beignet au vin. De forme ronde, avec un trou au centre, ils sont pr\u00e9par\u00e9s avec [&hellip;]<\/p>\n","protected":false},"featured_media":13787,"template":"","meta":{"_et_pb_use_builder":"","_et_pb_old_content":"","_et_gb_content_width":""},"product_brand":[1417],"product_cat":[1941,7754],"product_tag":[],"class_list":{"0":"post-44279","1":"product","2":"type-product","3":"status-publish","4":"has-post-thumbnail","6":"product_brand-la-ponderosa","7":"product_cat-conserves","8":"product_cat-special-noel","10":"first","11":"outofstock","12":"taxable","13":"shipping-taxable","14":"product-type-variable"},"_links":{"self":[{"href":"https:\/\/myspainfood.com\/fr\/wp-json\/wp\/v2\/product\/44279","targetHints":{"allow":["GET"]}}],"collection":[{"href":"https:\/\/myspainfood.com\/fr\/wp-json\/wp\/v2\/product"}],"about":[{"href":"https:\/\/myspainfood.com\/fr\/wp-json\/wp\/v2\/types\/product"}],"wp:featuredmedia":[{"embeddable":true,"href":"https:\/\/myspainfood.com\/fr\/wp-json\/wp\/v2\/media\/13787"}],"wp:attachment":[{"href":"https:\/\/myspainfood.com\/fr\/wp-json\/wp\/v2\/media?parent=44279"}],"wp:term":[{"taxonomy":"product_brand","embeddable":true,"href":"https:\/\/myspainfood.com\/fr\/wp-json\/wp\/v2\/product_brand?post=44279"},{"taxonomy":"product_cat","embeddable":true,"href":"https:\/\/myspainfood.com\/fr\/wp-json\/wp\/v2\/product_cat?post=44279"},{"taxonomy":"product_tag","embeddable":true,"href":"https:\/\/myspainfood.com\/fr\/wp-json\/wp\/v2\/product_tag?post=44279"}],"curies":[{"name":"wp","href":"https:\/\/api.w.org\/{rel}","templated":true}]}}