{"id":44316,"date":"2025-04-10T12:11:27","date_gmt":"2025-04-10T10:11:27","guid":{"rendered":"https:\/\/myspainfood.com\/producto\/sables-maison-sac-de-500-grammes-la-ponderosa\/"},"modified":"2025-04-10T12:11:27","modified_gmt":"2025-04-10T10:11:27","slug":"sables-maison-sac-de-500-grammes-la-ponderosa","status":"publish","type":"product","link":"https:\/\/myspainfood.com\/fr\/producto\/sables-maison-sac-de-500-grammes-la-ponderosa\/","title":{"rendered":"Sabl\u00e9s maison sac de 500 grammes La Ponderosa"},"content":{"rendered":"<p>Chocolat, citron, cannelle&#8230; Il existe de nombreux parfums de mantecados sur le march\u00e9, mais s&rsquo;il y en a un qui est incontournable sur la table de No\u00ebl, c&rsquo;est bien le mantecados maison. Le m\u00e9lange de qualit\u00e9, puisque nos mantecados faits maison sont \u00e9labor\u00e9s avec les meilleurs ingr\u00e9dients, avec le savoir-faire artisanal et la tradition d&rsquo;un produit commercialis\u00e9 depuis des ann\u00e9es dans notre pays, en fait l&rsquo;un des produits les plus vendus parmi nos clients. <\/p>\n<p>Ingr\u00e9dients :<\/p>\n<p>Farine de bl\u00e9, sucre, saindoux ib\u00e9rique (antioxydant : E-320), cannelle et graines de s\u00e9same. Peut contenir des traces de fruits \u00e0 coque, d&rsquo;arachides et de sulfites. <\/p>\n<p>Allerg\u00e8nes<\/p>\n<p>Contient du gluten et du s\u00e9same. Peut contenir des traces de fruits \u00e0 coque, d&rsquo;arachides et de sulfites. <\/p>\n","protected":false},"excerpt":{"rendered":"<p>Chocolat, citron, cannelle&#8230; Il existe de nombreux parfums de mantecados sur le march\u00e9, mais s&rsquo;il y en a un qui est incontournable sur la table de No\u00ebl, c&rsquo;est bien le mantecados maison. Le m\u00e9lange de qualit\u00e9, puisque nos mantecados faits maison sont \u00e9labor\u00e9s avec les meilleurs ingr\u00e9dients, avec le savoir-faire artisanal et la tradition d&rsquo;un [&hellip;]<\/p>\n","protected":false},"featured_media":13769,"template":"","meta":{"_et_pb_use_builder":"","_et_pb_old_content":"","_et_gb_content_width":""},"product_brand":[1417],"product_cat":[1941,7754],"product_tag":[],"class_list":{"0":"post-44316","1":"product","2":"type-product","3":"status-publish","4":"has-post-thumbnail","6":"product_brand-la-ponderosa","7":"product_cat-conserves","8":"product_cat-special-noel","10":"first","11":"outofstock","12":"taxable","13":"shipping-taxable","14":"product-type-variable"},"_links":{"self":[{"href":"https:\/\/myspainfood.com\/fr\/wp-json\/wp\/v2\/product\/44316","targetHints":{"allow":["GET"]}}],"collection":[{"href":"https:\/\/myspainfood.com\/fr\/wp-json\/wp\/v2\/product"}],"about":[{"href":"https:\/\/myspainfood.com\/fr\/wp-json\/wp\/v2\/types\/product"}],"wp:featuredmedia":[{"embeddable":true,"href":"https:\/\/myspainfood.com\/fr\/wp-json\/wp\/v2\/media\/13769"}],"wp:attachment":[{"href":"https:\/\/myspainfood.com\/fr\/wp-json\/wp\/v2\/media?parent=44316"}],"wp:term":[{"taxonomy":"product_brand","embeddable":true,"href":"https:\/\/myspainfood.com\/fr\/wp-json\/wp\/v2\/product_brand?post=44316"},{"taxonomy":"product_cat","embeddable":true,"href":"https:\/\/myspainfood.com\/fr\/wp-json\/wp\/v2\/product_cat?post=44316"},{"taxonomy":"product_tag","embeddable":true,"href":"https:\/\/myspainfood.com\/fr\/wp-json\/wp\/v2\/product_tag?post=44316"}],"curies":[{"name":"wp","href":"https:\/\/api.w.org\/{rel}","templated":true}]}}