{"id":44734,"date":"2025-04-10T12:07:16","date_gmt":"2025-04-10T10:07:16","guid":{"rendered":"https:\/\/myspainfood.com\/producto\/miel-de-fleurs-1-kg-la-celda-real\/"},"modified":"2025-09-10T17:05:55","modified_gmt":"2025-09-10T15:05:55","slug":"miel-de-fleurs-1-kg-la-celda-real","status":"publish","type":"product","link":"https:\/\/myspainfood.com\/fr\/producto\/miel-de-fleurs-1-kg-la-celda-real\/","title":{"rendered":"Miel de fleurs 1 kg La Celda Real"},"content":{"rendered":"<p style=\"text-align: left\">Miel de Flores 1 kg est un produit fabriqu\u00e9 gr\u00e2ce \u00e0 de vastes installations \u00e9quip\u00e9es de lignes de <a href=\"https:\/\/es.wikipedia.org\/wiki\/Miel\" target=\"_blank\" rel=\"noopener noreferrer nofollow\">production<\/a> automatis\u00e9es et d&rsquo;un syst\u00e8me de qualit\u00e9 int\u00e9gr\u00e9.<\/p>\n<p style=\"text-align: left\">Apr\u00e8s avoir \u00e9t\u00e9 r\u00e9colt\u00e9 par des apiculteurs exp\u00e9riment\u00e9s, le produit est conditionn\u00e9 selon un processus qui garantit une pr\u00e9servation maximale de ses propri\u00e9t\u00e9s naturelles.<\/p>\n<p style=\"text-align: left\">Ce produit \u00e9volue gr\u00e2ce \u00e0 l&rsquo;exp\u00e9rience, aux connaissances et \u00e0 l&rsquo;enthousiasme de tous ceux qui le composent, avec un engagement \u00e9quilibr\u00e9 en faveur de la meilleure tradition, en pr\u00e9servant le bon travail d&rsquo;antan, et \u00e0 travers des processus de production qui garantissent la <strong>qualit\u00e9 du produit final.<\/strong><\/p>\n<p style=\"text-align: left\">Le miel est un aliment complet produit par les abeilles \u00e0 partir du nectar qu&rsquo;elles extraient des fleurs.<\/p>\n<p style=\"text-align: left\">Il s&rsquo;agit d&rsquo;un liquide dor\u00e9, visqueux, sucr\u00e9 et d\u00e9licieux que les abeilles conservent pour se nourrir pendant la saison estivale.<\/p>\n<p style=\"text-align: left\">Il pr\u00e9sente de nombreux avantages, tels que<\/p>\n<ul style=\"text-align: left\">\n<li>C&rsquo;est un substitut du sucre. Naturel et d\u00e9licieux. <\/li>\n<li>Il renforce vos d\u00e9fenses. Il vous prot\u00e8ge organiquement. <\/li>\n<li>Il pr\u00e9vient les infections. Il prend soin de votre sant\u00e9. <\/li>\n<li>Il vous donne une \u00e9nergie suppl\u00e9mentaire au quotidien.<\/li>\n<li>  Favorise la digestion<\/li>\n<\/ul>\n<p style=\"text-align: left\">Si vous souhaitez acheter Miel de Flores 1 kg ou tout autre type de <a href=\"https:\/\/latiendadesami.com\/categoria-producto\/conservas\/\" rel=\"noopener noreferrer nofollow\" target=\"_blank\">conserve<\/a>, n&rsquo;h\u00e9sitez pas \u00e0 consulter notre catalogue en ligne pour voir la grande vari\u00e9t\u00e9 dont nous disposons.<\/p>\n<p style=\"text-align: left\">\u00c9crivez-nous pour plus d&rsquo;informations.<\/p>\n","protected":false},"excerpt":{"rendered":"<p>Miel de fleurs 1 kg<\/p>\n","protected":false},"featured_media":9593,"template":"","meta":{"_et_pb_use_builder":"","_et_pb_old_content":"","_et_gb_content_width":""},"product_brand":[1210],"product_cat":[1941,2984],"product_tag":[],"class_list":{"0":"post-44734","1":"product","2":"type-product","3":"status-publish","4":"has-post-thumbnail","6":"product_brand-la-celda-real","7":"product_cat-conserves","8":"product_cat-miel-fr","10":"first","11":"instock","12":"taxable","13":"shipping-taxable","14":"purchasable","15":"product-type-variable"},"_links":{"self":[{"href":"https:\/\/myspainfood.com\/fr\/wp-json\/wp\/v2\/product\/44734","targetHints":{"allow":["GET"]}}],"collection":[{"href":"https:\/\/myspainfood.com\/fr\/wp-json\/wp\/v2\/product"}],"about":[{"href":"https:\/\/myspainfood.com\/fr\/wp-json\/wp\/v2\/types\/product"}],"wp:featuredmedia":[{"embeddable":true,"href":"https:\/\/myspainfood.com\/fr\/wp-json\/wp\/v2\/media\/9593"}],"wp:attachment":[{"href":"https:\/\/myspainfood.com\/fr\/wp-json\/wp\/v2\/media?parent=44734"}],"wp:term":[{"taxonomy":"product_brand","embeddable":true,"href":"https:\/\/myspainfood.com\/fr\/wp-json\/wp\/v2\/product_brand?post=44734"},{"taxonomy":"product_cat","embeddable":true,"href":"https:\/\/myspainfood.com\/fr\/wp-json\/wp\/v2\/product_cat?post=44734"},{"taxonomy":"product_tag","embeddable":true,"href":"https:\/\/myspainfood.com\/fr\/wp-json\/wp\/v2\/product_tag?post=44734"}],"curies":[{"name":"wp","href":"https:\/\/api.w.org\/{rel}","templated":true}]}}