{"id":44797,"date":"2025-04-10T12:07:40","date_gmt":"2025-04-10T10:07:40","guid":{"rendered":"https:\/\/myspainfood.com\/producto\/fromage-affine-las-gavillas-env-800-g\/"},"modified":"2025-06-24T14:11:42","modified_gmt":"2025-06-24T12:11:42","slug":"fromage-affine-las-gavillas-env-800-g","status":"publish","type":"product","link":"https:\/\/myspainfood.com\/fr\/producto\/fromage-affine-las-gavillas-env-800-g\/","title":{"rendered":"Fromage affin\u00e9 Las Gavillas env. 800 g"},"content":{"rendered":"<p>Fromage \u00e0 base de lait cru de vache, de ch\u00e8vre et de brebis<\/p>\n<p> Pi\u00e8ce d&rsquo;environ 800 gr.<\/p>\n","protected":false},"excerpt":{"rendered":"<p>Fromage \u00e0 base de lait cru de vache, de ch\u00e8vre et de brebis Pi\u00e8ce d&rsquo;environ 800 gr.<\/p>\n","protected":false},"featured_media":9971,"template":"","meta":{"_et_pb_use_builder":"","_et_pb_old_content":"","_et_gb_content_width":""},"product_brand":[1247],"product_cat":[1864,2295],"product_tag":[],"class_list":{"0":"post-44797","1":"product","2":"type-product","3":"status-publish","4":"has-post-thumbnail","6":"product_brand-gavillas","7":"product_cat-froid","8":"product_cat-fromage-et-saucisse","9":"product_shipping_class-expedition-a-froid","11":"first","12":"outofstock","13":"featured","14":"taxable","15":"shipping-taxable","16":"purchasable","17":"product-type-simple"},"_links":{"self":[{"href":"https:\/\/myspainfood.com\/fr\/wp-json\/wp\/v2\/product\/44797","targetHints":{"allow":["GET"]}}],"collection":[{"href":"https:\/\/myspainfood.com\/fr\/wp-json\/wp\/v2\/product"}],"about":[{"href":"https:\/\/myspainfood.com\/fr\/wp-json\/wp\/v2\/types\/product"}],"wp:featuredmedia":[{"embeddable":true,"href":"https:\/\/myspainfood.com\/fr\/wp-json\/wp\/v2\/media\/9971"}],"wp:attachment":[{"href":"https:\/\/myspainfood.com\/fr\/wp-json\/wp\/v2\/media?parent=44797"}],"wp:term":[{"taxonomy":"product_brand","embeddable":true,"href":"https:\/\/myspainfood.com\/fr\/wp-json\/wp\/v2\/product_brand?post=44797"},{"taxonomy":"product_cat","embeddable":true,"href":"https:\/\/myspainfood.com\/fr\/wp-json\/wp\/v2\/product_cat?post=44797"},{"taxonomy":"product_tag","embeddable":true,"href":"https:\/\/myspainfood.com\/fr\/wp-json\/wp\/v2\/product_tag?post=44797"}],"curies":[{"name":"wp","href":"https:\/\/api.w.org\/{rel}","templated":true}]}}