{"id":44991,"date":"2025-04-10T12:11:39","date_gmt":"2025-04-10T10:11:39","guid":{"rendered":"https:\/\/myspainfood.com\/producto\/moules-neo-zelandaises-portonovo-frites-dans-une-sauce-au-vinaigre-80-100-pieces\/"},"modified":"2025-04-10T12:11:39","modified_gmt":"2025-04-10T10:11:39","slug":"moules-neo-zelandaises-portonovo-frites-dans-une-sauce-au-vinaigre-80-100-pieces","status":"publish","type":"product","link":"https:\/\/myspainfood.com\/fr\/producto\/moules-neo-zelandaises-portonovo-frites-dans-une-sauce-au-vinaigre-80-100-pieces\/","title":{"rendered":"Moules n\u00e9o-z\u00e9landaises Portonovo frites dans une sauce au vinaigre 80-100 pi\u00e8ces"},"content":{"rendered":"<p>Ils sont cuits et frits dans de l&rsquo;huile de tournesol. Les byssus sont retir\u00e9s \u00e0 la main et emball\u00e9s un par un. Accompagn\u00e9 d&rsquo;une marinade unique compos\u00e9e d&rsquo;ingr\u00e9dients enti\u00e8rement naturels : Moules de Nouvelle-Z\u00e9lande, escab\u00e8che (huile de tournesol, vinaigre de vin rouge, eau, ar\u00f4mes naturels, \u00e9pices et sel).  <\/p>\n","protected":false},"excerpt":{"rendered":"<p>Ils sont cuits et frits dans de l&rsquo;huile de tournesol. Les byssus sont retir\u00e9s \u00e0 la main et emball\u00e9s un par un. Accompagn\u00e9 d&rsquo;une marinade unique compos\u00e9e d&rsquo;ingr\u00e9dients enti\u00e8rement naturels : Moules de Nouvelle-Z\u00e9lande, escab\u00e8che (huile de tournesol, vinaigre de vin rouge, eau, ar\u00f4mes naturels, \u00e9pices et sel).<\/p>\n","protected":false},"featured_media":13940,"template":"","meta":{"_et_pb_use_builder":"","_et_pb_old_content":"","_et_gb_content_width":""},"product_brand":[1428],"product_cat":[1941,4046],"product_tag":[],"class_list":{"0":"post-44991","1":"product","2":"type-product","3":"status-publish","4":"has-post-thumbnail","6":"product_brand-portonovo","7":"product_cat-conserves","8":"product_cat-moules","10":"first","11":"outofstock","12":"taxable","13":"shipping-taxable","14":"product-type-variable"},"_links":{"self":[{"href":"https:\/\/myspainfood.com\/fr\/wp-json\/wp\/v2\/product\/44991","targetHints":{"allow":["GET"]}}],"collection":[{"href":"https:\/\/myspainfood.com\/fr\/wp-json\/wp\/v2\/product"}],"about":[{"href":"https:\/\/myspainfood.com\/fr\/wp-json\/wp\/v2\/types\/product"}],"wp:featuredmedia":[{"embeddable":true,"href":"https:\/\/myspainfood.com\/fr\/wp-json\/wp\/v2\/media\/13940"}],"wp:attachment":[{"href":"https:\/\/myspainfood.com\/fr\/wp-json\/wp\/v2\/media?parent=44991"}],"wp:term":[{"taxonomy":"product_brand","embeddable":true,"href":"https:\/\/myspainfood.com\/fr\/wp-json\/wp\/v2\/product_brand?post=44991"},{"taxonomy":"product_cat","embeddable":true,"href":"https:\/\/myspainfood.com\/fr\/wp-json\/wp\/v2\/product_cat?post=44991"},{"taxonomy":"product_tag","embeddable":true,"href":"https:\/\/myspainfood.com\/fr\/wp-json\/wp\/v2\/product_tag?post=44991"}],"curies":[{"name":"wp","href":"https:\/\/api.w.org\/{rel}","templated":true}]}}