{"id":45004,"date":"2025-04-10T12:11:40","date_gmt":"2025-04-10T10:11:40","guid":{"rendered":"https:\/\/myspainfood.com\/producto\/huile-dolive-extra-vierge-salmorejo-cordobes-arteoliva-1-litre\/"},"modified":"2026-01-29T12:02:27","modified_gmt":"2026-01-29T11:02:27","slug":"huile-dolive-extra-vierge-salmorejo-cordobes-arteoliva-1-litre","status":"publish","type":"product","link":"https:\/\/myspainfood.com\/fr\/producto\/huile-dolive-extra-vierge-salmorejo-cordobes-arteoliva-1-litre\/","title":{"rendered":"Huile d&rsquo;olive extra vierge Salmorejo Cordob\u00e9s ArteOliva 1 litre"},"content":{"rendered":"<p>Cr\u00e8me froide typique de Cordoue, \u00e9labor\u00e9e principalement avec des tomates fra\u00eeches s\u00e9lectionn\u00e9es, de l&rsquo;huile d&rsquo;olive extra vierge, du pain et de l&rsquo;ail.<\/p>\n","protected":false},"excerpt":{"rendered":"<p>Cr\u00e8me froide typique de Cordoue, \u00e9labor\u00e9e principalement avec des tomates fra\u00eeches s\u00e9lectionn\u00e9es, de l&rsquo;huile d&rsquo;olive extra vierge, du pain et de l&rsquo;ail.<\/p>\n","protected":false},"featured_media":14057,"template":"","meta":{"_et_pb_use_builder":"","_et_pb_old_content":"","_et_gb_content_width":""},"product_brand":[1457],"product_cat":[4900,1941,1864,2592],"product_tag":[],"class_list":{"0":"post-45004","1":"product","2":"type-product","3":"status-publish","4":"has-post-thumbnail","6":"product_brand-arteoliva","7":"product_cat-boissons","8":"product_cat-conserves","9":"product_cat-froid","10":"product_cat-olive-extra-vierge","11":"product_shipping_class-expedition-a-froid","13":"first","14":"outofstock","15":"taxable","16":"shipping-taxable","17":"product-type-variable"},"_links":{"self":[{"href":"https:\/\/myspainfood.com\/fr\/wp-json\/wp\/v2\/product\/45004","targetHints":{"allow":["GET"]}}],"collection":[{"href":"https:\/\/myspainfood.com\/fr\/wp-json\/wp\/v2\/product"}],"about":[{"href":"https:\/\/myspainfood.com\/fr\/wp-json\/wp\/v2\/types\/product"}],"wp:featuredmedia":[{"embeddable":true,"href":"https:\/\/myspainfood.com\/fr\/wp-json\/wp\/v2\/media\/14057"}],"wp:attachment":[{"href":"https:\/\/myspainfood.com\/fr\/wp-json\/wp\/v2\/media?parent=45004"}],"wp:term":[{"taxonomy":"product_brand","embeddable":true,"href":"https:\/\/myspainfood.com\/fr\/wp-json\/wp\/v2\/product_brand?post=45004"},{"taxonomy":"product_cat","embeddable":true,"href":"https:\/\/myspainfood.com\/fr\/wp-json\/wp\/v2\/product_cat?post=45004"},{"taxonomy":"product_tag","embeddable":true,"href":"https:\/\/myspainfood.com\/fr\/wp-json\/wp\/v2\/product_tag?post=45004"}],"curies":[{"name":"wp","href":"https:\/\/api.w.org\/{rel}","templated":true}]}}