{"id":45092,"date":"2025-04-10T12:05:33","date_gmt":"2025-04-10T10:05:33","guid":{"rendered":"https:\/\/myspainfood.com\/producto\/olive-machacamoya\/"},"modified":"2025-04-10T12:05:33","modified_gmt":"2025-04-10T10:05:33","slug":"olive-machacamoya","status":"publish","type":"product","link":"https:\/\/myspainfood.com\/fr\/producto\/olive-machacamoya\/","title":{"rendered":"Olive Machacamoya"},"content":{"rendered":"<p>L&rsquo;olive Machacamoya se distingue par son go\u00fbt amer typique. Pour les palais les plus raffin\u00e9s, il s&rsquo;agit d&rsquo;une olive ovale, assaisonn\u00e9e d&rsquo;ail et de paprika, d&rsquo;herbes aromatiques et de vinaigre. C&rsquo;est une olive tr\u00e8s populaire dans les bars. Elle est parfaite pour accompagner un vin espagnol ou un verre de bi\u00e8re.   <\/p>\n","protected":false},"excerpt":{"rendered":"<p>L&rsquo;olive Machacamoya se distingue par son go\u00fbt amer typique. Pour les palais les plus raffin\u00e9s, il s&rsquo;agit d&rsquo;une olive ovale, assaisonn\u00e9e d&rsquo;ail et de paprika, d&rsquo;herbes aromatiques et de vinaigre. C&rsquo;est une olive tr\u00e8s populaire dans les bars. Elle est parfaite pour accompagner un vin espagnol ou un verre de bi\u00e8re.<\/p>\n","protected":false},"featured_media":7666,"template":"","meta":{"_et_pb_use_builder":"","_et_pb_old_content":"","_et_gb_content_width":""},"product_brand":[1057],"product_cat":[1570,1571],"product_tag":[9337],"class_list":{"0":"post-45092","1":"product","2":"type-product","3":"status-publish","4":"has-post-thumbnail","6":"product_brand-la-encajera","7":"product_cat-cornichons","8":"product_cat-olives-fr","9":"product_tag-machacamoya-fr","11":"first","12":"outofstock","13":"taxable","14":"shipping-taxable","15":"product-type-variable"},"_links":{"self":[{"href":"https:\/\/myspainfood.com\/fr\/wp-json\/wp\/v2\/product\/45092","targetHints":{"allow":["GET"]}}],"collection":[{"href":"https:\/\/myspainfood.com\/fr\/wp-json\/wp\/v2\/product"}],"about":[{"href":"https:\/\/myspainfood.com\/fr\/wp-json\/wp\/v2\/types\/product"}],"wp:featuredmedia":[{"embeddable":true,"href":"https:\/\/myspainfood.com\/fr\/wp-json\/wp\/v2\/media\/7666"}],"wp:attachment":[{"href":"https:\/\/myspainfood.com\/fr\/wp-json\/wp\/v2\/media?parent=45092"}],"wp:term":[{"taxonomy":"product_brand","embeddable":true,"href":"https:\/\/myspainfood.com\/fr\/wp-json\/wp\/v2\/product_brand?post=45092"},{"taxonomy":"product_cat","embeddable":true,"href":"https:\/\/myspainfood.com\/fr\/wp-json\/wp\/v2\/product_cat?post=45092"},{"taxonomy":"product_tag","embeddable":true,"href":"https:\/\/myspainfood.com\/fr\/wp-json\/wp\/v2\/product_tag?post=45092"}],"curies":[{"name":"wp","href":"https:\/\/api.w.org\/{rel}","templated":true}]}}