{"id":45148,"date":"2025-04-10T12:05:33","date_gmt":"2025-04-10T10:05:33","guid":{"rendered":"https:\/\/myspainfood.com\/producto\/aubergine-saveur-olive\/"},"modified":"2025-04-10T12:05:33","modified_gmt":"2025-04-10T10:05:33","slug":"aubergine-saveur-olive","status":"publish","type":"product","link":"https:\/\/myspainfood.com\/fr\/producto\/aubergine-saveur-olive\/","title":{"rendered":"Aubergine Saveur Olive"},"content":{"rendered":"<p>La saveur de l&rsquo;olive aubergine est tr\u00e8s douce, ce qui en fait un <a href=\"https:\/\/www.laencajera.es\/aceitunas\" target=\"_blank\" rel=\"noopener noreferrer nofollow\">hors-d&rsquo;\u0153uvre<\/a> audacieux et toujours app\u00e9tissant.<\/p>\n<p>En plus d&rsquo;\u00eatre un accompagnement id\u00e9al pour les plats \u00e0 la cuill\u00e8re, ils peuvent \u00eatre d\u00e9gust\u00e9s avec un verre de vin. Ils peuvent \u00eatre d\u00e9gust\u00e9s avec un verre de vin. <\/p>\n<p>Ingr\u00e9dients : Olives, eau, poivre, sel, vinaigre, \u00e9pices naturelles (ail, cumin, paprika et huile), exhausteur de go\u00fbt (E-631, E-627, E-621), acidifiant (E-330), conservateurs (E-270, E-202, E-211), antioxydant (E-330) et ar\u00f4mes naturels. Peut contenir des sulfites. <\/p>\n<p>Conserver dans un endroit frais et sec, entre 3\u00baC et 10\u00baC. Tenir \u00e0 l&rsquo;\u00e9cart de la lumi\u00e8re du soleil et des odeurs fortes. <\/p>\n<p>La saveur aubergine Olive une fois ouverte, conservez-la au r\u00e9frig\u00e9rateur et consommez-la dans les 30 jours.<\/p>\n<p>Si vous souhaitez acheter des olives ou tout autre type de <a href=\"https:\/\/latiendadesami.com\/categoria-producto\/encurtidos\/\" rel=\"noopener noreferrer nofollow\" target=\"_blank\">cornichons<\/a>, n&rsquo;h\u00e9sitez pas \u00e0 consulter notre catalogue en ligne pour voir la grande vari\u00e9t\u00e9 d&rsquo;<a href=\"https:\/\/latiendadesami.com\/categoria-producto\/encurtidos\/berenjenas\/\" target=\"_blank\" rel=\"noopener noreferrer nofollow\">aubergines<\/a> que nous avons.<\/p>\n<p>La marque est La Encajonera, une entreprise familiale fond\u00e9e en 1990, situ\u00e9e au c\u0153ur de La Mancha, dans la ville d&rsquo;ALMAGRO, dans la province de Ciudad Real.<\/p>\n<p>Le processus de fabrication de ses produits commence dans la m\u00eame zone de culture, en s\u00e9lectionnant le produit de la meilleure qualit\u00e9.<\/p>\n<p>L&rsquo;usine est \u00e9quip\u00e9e des technologies les plus avanc\u00e9es, tout en pr\u00e9servant la tradition et le savoir-faire de ses artisans.<\/p>\n","protected":false},"excerpt":{"rendered":"<p>La saveur de l&rsquo;olive aubergine est tr\u00e8s douce, ce qui en fait un hors-d&rsquo;\u0153uvre audacieux et toujours app\u00e9tissant. En plus d&rsquo;\u00eatre un accompagnement id\u00e9al pour les plats \u00e0 la cuill\u00e8re, ils peuvent \u00eatre d\u00e9gust\u00e9s avec un verre de vin. Ils peuvent \u00eatre d\u00e9gust\u00e9s avec un verre de vin. Ingr\u00e9dients : Olives, eau, poivre, sel, vinaigre, [&hellip;]<\/p>\n","protected":false},"featured_media":7614,"template":"","meta":{"_et_pb_use_builder":"","_et_pb_old_content":"","_et_gb_content_width":""},"product_brand":[1057],"product_cat":[1570,1571],"product_tag":[2180],"class_list":{"0":"post-45148","1":"product","2":"type-product","3":"status-publish","4":"has-post-thumbnail","6":"product_brand-la-encajera","7":"product_cat-cornichons","8":"product_cat-olives-fr","9":"product_tag-aubergine-fr","11":"first","12":"outofstock","13":"taxable","14":"shipping-taxable","15":"product-type-variable"},"_links":{"self":[{"href":"https:\/\/myspainfood.com\/fr\/wp-json\/wp\/v2\/product\/45148","targetHints":{"allow":["GET"]}}],"collection":[{"href":"https:\/\/myspainfood.com\/fr\/wp-json\/wp\/v2\/product"}],"about":[{"href":"https:\/\/myspainfood.com\/fr\/wp-json\/wp\/v2\/types\/product"}],"wp:featuredmedia":[{"embeddable":true,"href":"https:\/\/myspainfood.com\/fr\/wp-json\/wp\/v2\/media\/7614"}],"wp:attachment":[{"href":"https:\/\/myspainfood.com\/fr\/wp-json\/wp\/v2\/media?parent=45148"}],"wp:term":[{"taxonomy":"product_brand","embeddable":true,"href":"https:\/\/myspainfood.com\/fr\/wp-json\/wp\/v2\/product_brand?post=45148"},{"taxonomy":"product_cat","embeddable":true,"href":"https:\/\/myspainfood.com\/fr\/wp-json\/wp\/v2\/product_cat?post=45148"},{"taxonomy":"product_tag","embeddable":true,"href":"https:\/\/myspainfood.com\/fr\/wp-json\/wp\/v2\/product_tag?post=45148"}],"curies":[{"name":"wp","href":"https:\/\/api.w.org\/{rel}","templated":true}]}}