{"id":45176,"date":"2025-04-10T12:05:46","date_gmt":"2025-04-10T10:05:46","guid":{"rendered":"https:\/\/myspainfood.com\/producto\/desosse-45-kg\/"},"modified":"2025-04-10T12:05:46","modified_gmt":"2025-04-10T10:05:46","slug":"desosse-45-kg","status":"publish","type":"product","link":"https:\/\/myspainfood.com\/fr\/producto\/desosse-45-kg\/","title":{"rendered":"D\u00e9soss\u00e9 4,5 kg"},"content":{"rendered":"<p>L&rsquo;olive d\u00e9noyaut\u00e9e de 4,5 kg est de couleur verte et <a href=\"https:\/\/www.google.com\/search?q=aceitunas+deshuesadas&amp;sxsrf=APq-WBvbn4FM7rlwj2SbPE3GYq4nrKA1Ug:1644314369924&amp;source=lnms&amp;tbm=isch&amp;sa=X&amp;ved=2ahUKEwjE56uv7O_1AhWrgf0HHWvsDTUQ_AUoAXoECAEQAw&amp;biw=1577&amp;bih=780&amp;dpr=1\" target=\"_blank\" rel=\"noopener noreferrer nofollow\">d\u00e9noyaut\u00e9e<\/a>. Elle conserve sa forme originale. <\/p>\n<p>Il s&rsquo;agit d&rsquo;un compl\u00e9ment tr\u00e8s sain \u00e0 notre r\u00e9gime m\u00e9diterran\u00e9en nutritif traditionnel.<\/p>\n<p>En Espagne, on trouve des olives, des cornichons, des aubergines almagro, des carottes, des oignons, des c\u00e2pres tr\u00e8s traditionnelles, de l&rsquo;ail ou m\u00eame un m\u00e9lange de ces ingr\u00e9dients.<\/p>\n<p>Ils sont souvent servis comme tapas pour accompagner la bi\u00e8re (pas le vin en raison de leur teneur en vinaigre).<\/p>\n<p>Les cornichons sont pass\u00e9s d&rsquo;une technique ancestrale de conservation des aliments dans le monde entier \u00e0 l&rsquo;une des tapas ou entr\u00e9es les plus populaires de la gastronomie espagnole.<\/p>\n<h3>Avantages des olives d\u00e9noyaut\u00e9es 4,5 kg<\/h3>\n<p>Connaissez-vous les multiples bienfaits de ces olives ? Elles sont tr\u00e8s efficaces pour pr\u00e9venir les maladies cardiaques et circulatoires en g\u00e9n\u00e9ral. <\/p>\n<p>Cela est d\u00fb \u00e0 sa teneur \u00e9lev\u00e9e en graisses insatur\u00e9es. En outre, c&rsquo;est un aliment qui contient beaucoup de fer et de fibres et qui est tr\u00e8s rassasiant, ce qui en fait un en-cas id\u00e9al. <\/p>\n<p>Si vous souhaitez acheter des olives ou tout autre type d&rsquo;<a href=\"https:\/\/latiendadesami.com\/categoria-producto\/encurtidos\/\" rel=\"noopener noreferrer nofollow\" target=\"_blank\">aliments marin\u00e9s<\/a>, n&rsquo;h\u00e9sitez pas \u00e0 consulter notre catalogue en ligne pour voir la grande vari\u00e9t\u00e9 d&rsquo;<a href=\"https:\/\/latiendadesami.com\/categoria-producto\/encurtidos\/aceitunas\/\" target=\"_blank\" rel=\"noopener noreferrer nofollow\">olives<\/a> que nous avons.<\/p>\n<p>Vous pouvez nous \u00e9crire pour obtenir plus d&rsquo;informations sur l&rsquo;ensemble de notre collection d&rsquo;\u00e9chantillons.<\/p>\n","protected":false},"excerpt":{"rendered":"<p>L&rsquo;olive d\u00e9noyaut\u00e9e de 4,5 kg est de couleur verte et d\u00e9noyaut\u00e9e. Elle conserve sa forme originale. Il s&rsquo;agit d&rsquo;un compl\u00e9ment tr\u00e8s sain \u00e0 notre r\u00e9gime m\u00e9diterran\u00e9en nutritif traditionnel. En Espagne, on trouve des olives, des cornichons, des aubergines almagro, des carottes, des oignons, des c\u00e2pres tr\u00e8s traditionnelles, de l&rsquo;ail ou m\u00eame un m\u00e9lange de ces [&hellip;]<\/p>\n","protected":false},"featured_media":7775,"template":"","meta":{"_et_pb_use_builder":"","_et_pb_old_content":"","_et_gb_content_width":""},"product_brand":[1069],"product_cat":[1570,1571],"product_tag":[9347],"class_list":{"0":"post-45176","1":"product","2":"type-product","3":"status-publish","4":"has-post-thumbnail","6":"product_brand-sangar","7":"product_cat-cornichons","8":"product_cat-olives-fr","9":"product_tag-desosse","11":"first","12":"outofstock","13":"taxable","14":"shipping-taxable","15":"product-type-variable"},"_links":{"self":[{"href":"https:\/\/myspainfood.com\/fr\/wp-json\/wp\/v2\/product\/45176","targetHints":{"allow":["GET"]}}],"collection":[{"href":"https:\/\/myspainfood.com\/fr\/wp-json\/wp\/v2\/product"}],"about":[{"href":"https:\/\/myspainfood.com\/fr\/wp-json\/wp\/v2\/types\/product"}],"wp:featuredmedia":[{"embeddable":true,"href":"https:\/\/myspainfood.com\/fr\/wp-json\/wp\/v2\/media\/7775"}],"wp:attachment":[{"href":"https:\/\/myspainfood.com\/fr\/wp-json\/wp\/v2\/media?parent=45176"}],"wp:term":[{"taxonomy":"product_brand","embeddable":true,"href":"https:\/\/myspainfood.com\/fr\/wp-json\/wp\/v2\/product_brand?post=45176"},{"taxonomy":"product_cat","embeddable":true,"href":"https:\/\/myspainfood.com\/fr\/wp-json\/wp\/v2\/product_cat?post=45176"},{"taxonomy":"product_tag","embeddable":true,"href":"https:\/\/myspainfood.com\/fr\/wp-json\/wp\/v2\/product_tag?post=45176"}],"curies":[{"name":"wp","href":"https:\/\/api.w.org\/{rel}","templated":true}]}}