{"id":46227,"date":"2025-04-10T12:11:40","date_gmt":"2025-04-10T10:11:40","guid":{"rendered":"https:\/\/myspainfood.com\/producto\/nieva-cojonudos-asperges-blanches-extra-13-16-tres-epais\/"},"modified":"2025-04-10T12:11:40","modified_gmt":"2025-04-10T10:11:40","slug":"nieva-cojonudos-asperges-blanches-extra-13-16-tres-epais","status":"publish","type":"product","link":"https:\/\/myspainfood.com\/fr\/producto\/nieva-cojonudos-asperges-blanches-extra-13-16-tres-epais\/","title":{"rendered":"Nieva \u00a0\u00bbCojonudos\u00a0\u00bb Asperges blanches Extra 13\/16 Tr\u00e8s \u00e9pais"},"content":{"rendered":"<p>Plongez-vous dans l&rsquo;exquise asperge blanche tr\u00e8s \u00e9paisse de Nieva et d\u00e9couvrez une exp\u00e9rience culinaire unique ! Chaque asperge est soigneusement s\u00e9lectionn\u00e9e et cultiv\u00e9e dans les terres les plus fertiles, ce qui garantit une qualit\u00e9 et une fra\u00eecheur optimales \u00e0 chaque bouch\u00e9e. <\/p>\n<p>Les asperges blanches de la marque Nieva se distinguent par leur taille g\u00e9n\u00e9reuse et leur texture ferme et juteuse. D&rsquo;un diam\u00e8tre exceptionnellement large, ces asperges sont le choix id\u00e9al pour ceux qui recherchent une saveur intense et une consistance d\u00e9licieuse dans chaque portion. <\/p>\n<p>Provenant des champs les plus soigneusement cultiv\u00e9s et r\u00e9colt\u00e9s \u00e0 maturit\u00e9 optimale, nos asperges blanches sont un tr\u00e9sor de la nature qui ravira votre palais et \u00e9l\u00e8vera vos plats \u00e0 de nouveaux sommets gastronomiques.<\/p>\n<p>Appr\u00e9ciez leur go\u00fbt doux et l\u00e9g\u00e8rement amer et leur texture \u00e0 la fois tendre et coriace. Que vous les d\u00e9gustiez en garniture de vos plats principaux, que vous les ajoutiez \u00e0 des salades fra\u00eeches ou que vous les incorporiez \u00e0 des recettes gastronomiques, les asperges blanches tr\u00e8s \u00e9paisses de Nieva sont le choix id\u00e9al pour les amateurs de cuisine raffin\u00e9e. <\/p>\n<p>Surprenez vos invit\u00e9s avec l&rsquo;excellence gastronomique de nos asperges blanches et faites de chaque repas une exp\u00e9rience inoubliable. Achetez-les maintenant et d\u00e9couvrez pourquoi Nieva est synonyme de qualit\u00e9 exceptionnelle et de saveur \u00e0 chaque bouch\u00e9e ! <\/p>\n","protected":false},"excerpt":{"rendered":"<p>Plongez-vous dans l&rsquo;exquise asperge blanche tr\u00e8s \u00e9paisse de Nieva et d\u00e9couvrez une exp\u00e9rience culinaire unique ! Chaque asperge est soigneusement s\u00e9lectionn\u00e9e et cultiv\u00e9e dans les terres les plus fertiles, ce qui garantit une qualit\u00e9 et une fra\u00eecheur optimales \u00e0 chaque bouch\u00e9e. <\/p>\n","protected":false},"featured_media":14111,"template":"","meta":{"_et_pb_use_builder":"","_et_pb_old_content":"","_et_gb_content_width":""},"product_brand":[1458],"product_cat":[6397,1941],"product_tag":[],"class_list":{"0":"post-46227","1":"product","2":"type-product","3":"status-publish","4":"has-post-thumbnail","6":"product_brand-nieva-cojonudos","7":"product_cat-asperges","8":"product_cat-conserves","10":"first","11":"outofstock","12":"taxable","13":"shipping-taxable","14":"product-type-variable"},"_links":{"self":[{"href":"https:\/\/myspainfood.com\/fr\/wp-json\/wp\/v2\/product\/46227","targetHints":{"allow":["GET"]}}],"collection":[{"href":"https:\/\/myspainfood.com\/fr\/wp-json\/wp\/v2\/product"}],"about":[{"href":"https:\/\/myspainfood.com\/fr\/wp-json\/wp\/v2\/types\/product"}],"wp:featuredmedia":[{"embeddable":true,"href":"https:\/\/myspainfood.com\/fr\/wp-json\/wp\/v2\/media\/14111"}],"wp:attachment":[{"href":"https:\/\/myspainfood.com\/fr\/wp-json\/wp\/v2\/media?parent=46227"}],"wp:term":[{"taxonomy":"product_brand","embeddable":true,"href":"https:\/\/myspainfood.com\/fr\/wp-json\/wp\/v2\/product_brand?post=46227"},{"taxonomy":"product_cat","embeddable":true,"href":"https:\/\/myspainfood.com\/fr\/wp-json\/wp\/v2\/product_cat?post=46227"},{"taxonomy":"product_tag","embeddable":true,"href":"https:\/\/myspainfood.com\/fr\/wp-json\/wp\/v2\/product_tag?post=46227"}],"curies":[{"name":"wp","href":"https:\/\/api.w.org\/{rel}","templated":true}]}}