{"id":46854,"date":"2025-04-10T12:06:14","date_gmt":"2025-04-10T10:06:14","guid":{"rendered":"https:\/\/myspainfood.com\/producto\/anchois-chop-chop-2-kg\/"},"modified":"2025-06-24T16:17:39","modified_gmt":"2025-06-24T14:17:39","slug":"anchois-chop-chop-2-kg","status":"publish","type":"product","link":"https:\/\/myspainfood.com\/fr\/producto\/anchois-chop-chop-2-kg\/","title":{"rendered":"Anchois Chop &amp; Chop 2 kg"},"content":{"rendered":"<p>Les Boquer\u00f3n Picar&amp;Picar 2 kg GOLD SERIES sont des anchois \u00e0 l&rsquo;ail et au persil GOLD SERIES.<\/p>\n<p>Il s&rsquo;agit d&rsquo;un poisson exquis et de tr\u00e8s grande taille pr\u00e9sent\u00e9 dans une barquette de 200 g.<\/p>\n<p>Ce <a href=\"https:\/\/picaripicar.com\/presentacion\/\" target=\"_blank\" rel=\"noopener noreferrer nofollow\">produit<\/a> est conserv\u00e9 dans de l&rsquo;huile de tournesol, du vinaigre et de l&rsquo;ail.<\/p>\n<p>Le plateau doit \u00eatre maintenu entre 0 et 4\u00baC.<\/p>\n<p>Pour sa pr\u00e9paration, nous utilisons les longes d&rsquo;anchois nettoy\u00e9es, qui ont initialement une chair brun\u00e2tre.<\/p>\n<p>Ils mettent en \u00e9vidence les reflets argent\u00e9s de leur peau ext\u00e9rieure et sont immerg\u00e9s dans un bac (en verre, jamais en m\u00e9tal car il serait attaqu\u00e9 par l&rsquo;acide ac\u00e9tique du vinaigre) avec du sel, de l&rsquo;eau et du vinaigre pendant 3 heures dans l&rsquo;eau et environ 6 heures dans le vinaigre, dans un endroit frais.<\/p>\n<p>Les filets d&rsquo;anchois, auparavant bruns, deviendront blancs au fur et \u00e0 mesure de l&rsquo;action du vinaigre.<\/p>\n<p>Apr\u00e8s avoir \u00e9goutt\u00e9 le liquide, garnissez-le de beaucoup d&rsquo;ail hach\u00e9, d&rsquo;huile d&rsquo;olive et de persil.<\/p>\n<p>Cet aliment est g\u00e9n\u00e9ralement consomm\u00e9 froid avec une bi\u00e8re (le vin n&rsquo;est pas recommand\u00e9 car la consommation de vinaigre interagit mal avec le vin).<\/p>\n<p>C&rsquo;est un ap\u00e9ritif tr\u00e8s typique en Espagne, surtout pendant les mois les plus chauds.<\/p>\n<p>En Espagne, il est typique de les voir sur des plateaux pos\u00e9s sur les comptoirs de nombreux bars et restaurants.<\/p>\n<p>La portion est souvent garnie de cornichons, de c\u00e2pres ou d&rsquo;olives et servie avec des chips sur une grande assiette.<\/p>\n<p>En Espagne, ce produit est vendu dans les grands supermarch\u00e9s dans des bacs en plastique de diff\u00e9rentes tailles, auxquels il faut ajouter uniquement l&rsquo;ail et le persil.<\/p>\n<h2>Boquer\u00f3n Picar&amp;Picar 2 kg GOLD SERIES<\/h2>\n<p>Si vous souhaitez acheter Boquer\u00f3n Picar&amp;Picar 2 kg SERIE ORO ou tout autre type d&rsquo;<a href=\"https:\/\/latiendadesami.com\/categoria-producto\/frio\/\" rel=\"noopener noreferrer nofollow\" target=\"_blank\">aliment froid<\/a>, n&rsquo;h\u00e9sitez pas \u00e0 consulter notre catalogue en ligne.<\/p>\n<p>Nous offrons la meilleure qualit\u00e9 au meilleur prix.<\/p>\n<p>\u00c9crivez-nous pour plus d&rsquo;informations ou si vous avez des questions sur ce produit ou tout autre produit.<\/p>\n","protected":false},"excerpt":{"rendered":"<p>Les Boquer\u00f3n Picar&amp;Picar 2 kg GOLD SERIES sont des anchois \u00e0 l&rsquo;ail et au persil GOLD SERIES. Il s&rsquo;agit d&rsquo;un poisson exquis et de tr\u00e8s grande taille pr\u00e9sent\u00e9 dans une barquette de 200 g. Ce produit est conserv\u00e9 dans de l&rsquo;huile de tournesol, du vinaigre et de l&rsquo;ail. Le plateau doit \u00eatre maintenu entre 0 [&hellip;]<\/p>\n","protected":false},"featured_media":8405,"template":"","meta":{"_et_pb_use_builder":"","_et_pb_old_content":"","_et_gb_content_width":""},"product_brand":[1127],"product_cat":[1895,1864],"product_tag":[],"class_list":{"0":"post-46854","1":"product","2":"type-product","3":"status-publish","4":"has-post-thumbnail","6":"product_brand-picarpicar","7":"product_cat-anchois-fr","8":"product_cat-froid","9":"product_shipping_class-expedition-a-froid","11":"first","12":"instock","13":"taxable","14":"shipping-taxable","15":"purchasable","16":"product-type-variable"},"_links":{"self":[{"href":"https:\/\/myspainfood.com\/fr\/wp-json\/wp\/v2\/product\/46854","targetHints":{"allow":["GET"]}}],"collection":[{"href":"https:\/\/myspainfood.com\/fr\/wp-json\/wp\/v2\/product"}],"about":[{"href":"https:\/\/myspainfood.com\/fr\/wp-json\/wp\/v2\/types\/product"}],"wp:featuredmedia":[{"embeddable":true,"href":"https:\/\/myspainfood.com\/fr\/wp-json\/wp\/v2\/media\/8405"}],"wp:attachment":[{"href":"https:\/\/myspainfood.com\/fr\/wp-json\/wp\/v2\/media?parent=46854"}],"wp:term":[{"taxonomy":"product_brand","embeddable":true,"href":"https:\/\/myspainfood.com\/fr\/wp-json\/wp\/v2\/product_brand?post=46854"},{"taxonomy":"product_cat","embeddable":true,"href":"https:\/\/myspainfood.com\/fr\/wp-json\/wp\/v2\/product_cat?post=46854"},{"taxonomy":"product_tag","embeddable":true,"href":"https:\/\/myspainfood.com\/fr\/wp-json\/wp\/v2\/product_tag?post=46854"}],"curies":[{"name":"wp","href":"https:\/\/api.w.org\/{rel}","templated":true}]}}