{"id":47480,"date":"2025-04-10T12:07:16","date_gmt":"2025-04-10T10:07:16","guid":{"rendered":"https:\/\/myspainfood.com\/producto\/filet-danchois-mateo-950-gr\/"},"modified":"2025-06-24T16:22:35","modified_gmt":"2025-06-24T14:22:35","slug":"filet-danchois-mateo-950-gr","status":"publish","type":"product","link":"https:\/\/myspainfood.com\/fr\/producto\/filet-danchois-mateo-950-gr\/","title":{"rendered":"Filet d&rsquo;anchois Mateo 950 gr"},"content":{"rendered":"<p>Filet d&rsquo;anchois Mateo 950 gr dans de l&rsquo;huile de <a href=\"https:\/\/twitter.com\/mca_spain\" target=\"_blank\" rel=\"noopener noreferrer nofollow\">tournesol<\/a>.<\/p>\n<p>Ingr\u00e9dients : Anchois, huile de tournesol (32%) et sel.<\/p>\n<p>Apr\u00e8s ouverture, conservez au r\u00e9frig\u00e9rateur et consommez de pr\u00e9f\u00e9rence dans les 5 jours.<\/p>\n<p>La Viuda de Mateo est l&rsquo;une des marques commerciales sous lesquelles le groupe MCA Espagne se pr\u00e9sente sur le march\u00e9.<\/p>\n<p>L&rsquo;origine de MCA Espagne r\u00e9side dans l&rsquo;exp\u00e9rience de Carlos Ripa, son actuel directeur g\u00e9n\u00e9ral, qui a travaill\u00e9 pendant dix ans dans une entreprise familiale li\u00e9e au secteur de l&rsquo;alimentation de d\u00e9tail.<\/p>\n<p>Cependant, c&rsquo;est au milieu des ann\u00e9es 1980 que Ripa a lanc\u00e9 son propre projet personnel dans sa ville natale (Mendavia, Navarre) : une entreprise de conserves, MCA Spain.<\/p>\n<p>Cette entreprise, sp\u00e9cialis\u00e9e dans les conserves de l\u00e9gumes et de poissons, s&rsquo;est positionn\u00e9e dans la premi\u00e8re division du secteur agroalimentaire espagnol.<\/p>\n<p>Un d\u00e9veloppement spectaculaire qui n&rsquo;aurait pas \u00e9t\u00e9 possible sans une \u00e9quipe de premier ordre et une vocation pour le service \u00e0 la client\u00e8le.<\/p>\n<p>Si vous souhaitez acheter Mateo filet d&rsquo;anchois 950 gr ou tout autre type d&rsquo;<a href=\"https:\/\/latiendadesami.com\/categoria-producto\/frio\/\" rel=\"noopener noreferrer nofollow\" target=\"_blank\">aliment froid<\/a>, n&rsquo;h\u00e9sitez pas \u00e0 consulter tout notre catalogue en ligne.<\/p>\n<p>Nous offrons la meilleure qualit\u00e9 au meilleur prix.<\/p>\n<p>Ecrivez-nous pour plus d&rsquo;informations ou si vous avez des questions sur ce produit ou tout autre produit de notre catalogue.<\/p>\n","protected":false},"excerpt":{"rendered":"<p>Filet d&rsquo;anchois Mateo 950 gr dans de l&rsquo;huile de tournesol. Ingr\u00e9dients : Anchois, huile de tournesol (32%) et sel. Apr\u00e8s ouverture, conservez au r\u00e9frig\u00e9rateur et consommez de pr\u00e9f\u00e9rence dans les 5 jours. La Viuda de Mateo est l&rsquo;une des marques commerciales sous lesquelles le groupe MCA Espagne se pr\u00e9sente sur le march\u00e9. L&rsquo;origine de MCA [&hellip;]<\/p>\n","protected":false},"featured_media":9746,"template":"","meta":{"_et_pb_use_builder":"","_et_pb_old_content":"","_et_gb_content_width":""},"product_brand":[1129],"product_cat":[1865,1864],"product_tag":[],"class_list":{"0":"post-47480","1":"product","2":"type-product","3":"status-publish","4":"has-post-thumbnail","6":"product_brand-mateo","7":"product_cat-anchois","8":"product_cat-froid","9":"product_shipping_class-expedition-a-froid","11":"first","12":"outofstock","13":"taxable","14":"shipping-taxable","15":"product-type-variable"},"_links":{"self":[{"href":"https:\/\/myspainfood.com\/fr\/wp-json\/wp\/v2\/product\/47480","targetHints":{"allow":["GET"]}}],"collection":[{"href":"https:\/\/myspainfood.com\/fr\/wp-json\/wp\/v2\/product"}],"about":[{"href":"https:\/\/myspainfood.com\/fr\/wp-json\/wp\/v2\/types\/product"}],"wp:featuredmedia":[{"embeddable":true,"href":"https:\/\/myspainfood.com\/fr\/wp-json\/wp\/v2\/media\/9746"}],"wp:attachment":[{"href":"https:\/\/myspainfood.com\/fr\/wp-json\/wp\/v2\/media?parent=47480"}],"wp:term":[{"taxonomy":"product_brand","embeddable":true,"href":"https:\/\/myspainfood.com\/fr\/wp-json\/wp\/v2\/product_brand?post=47480"},{"taxonomy":"product_cat","embeddable":true,"href":"https:\/\/myspainfood.com\/fr\/wp-json\/wp\/v2\/product_cat?post=47480"},{"taxonomy":"product_tag","embeddable":true,"href":"https:\/\/myspainfood.com\/fr\/wp-json\/wp\/v2\/product_tag?post=47480"}],"curies":[{"name":"wp","href":"https:\/\/api.w.org\/{rel}","templated":true}]}}