{"id":48565,"date":"2025-04-10T12:07:42","date_gmt":"2025-04-10T10:07:42","guid":{"rendered":"https:\/\/myspainfood.com\/producto\/piment-15-kg-poids-net\/"},"modified":"2025-04-10T12:07:42","modified_gmt":"2025-04-10T10:07:42","slug":"piment-15-kg-poids-net","status":"publish","type":"product","link":"https:\/\/myspainfood.com\/fr\/producto\/piment-15-kg-poids-net\/","title":{"rendered":"Piment 1,5 kg poids net"},"content":{"rendered":"<p>Le Piparra 1,5 kg poids net en vinaigre donnera \u00e0 nos <a href=\"https:\/\/es.wikipedia.org\/wiki\/Guindilla_de_Ibarra\" target=\"_blank\" rel=\"noopener noreferrer nofollow\">plats<\/a> la touche piquante qui les distinguera.<\/p>\n<p>Ce produit fait vibrer le palais et est tr\u00e8s appr\u00e9ci\u00e9 \u00e0 c\u00f4t\u00e9 des rago\u00fbts ou des sauces pleines de saveur.<\/p>\n<p>Parmi les nombreux ingr\u00e9dients traditionnels de la cuisine basque figure le piment piparra.<\/p>\n<p>Un piment tr\u00e8s sp\u00e9cial car il ne pique pratiquement pas.<\/p>\n<p>Il s&rsquo;int\u00e8gre tr\u00e8s bien dans tous les types de menus et est tr\u00e8s bien accueilli par ceux qui ne sont pas particuli\u00e8rement friands de cette saveur.<\/p>\n<p>Les Piparra d&rsquo;un poids net de 1,5 kg provenant de ce conteneur sont de taille moyenne et sont pr\u00e9par\u00e9s avec du vinaigre.<\/p>\n<p>Une touche authentique avec laquelle les piparras sont normalement servies et qui vous fera frissonner d&rsquo;une saveur intense \u00e0 chaque bouch\u00e9e.<\/p>\n<p>Quelques propri\u00e9t\u00e9s de la pintade :<\/p>\n<ul>\n<li>R\u00e9duit le cholest\u00e9rol.<\/li>\n<li>Stimule la circulation sanguine et respiratoire.<\/li>\n<li>On pense qu&rsquo;il peut aider \u00e0 r\u00e9duire l&rsquo;exc\u00e8s de poids en acc\u00e9l\u00e9rant le m\u00e9tabolisme.<\/li>\n<li>Selon certaines \u00e9tudes, il prot\u00e8ge l&rsquo;estomac en lui faisant produire plus de mucus.<\/li>\n<\/ul>\n<p>Si vous souhaitez acheter des olives ou tout autre type de <a href=\"https:\/\/latiendadesami.com\/categoria-producto\/encurtidos\/\" rel=\"noopener noreferrer nofollow\" target=\"_blank\">cornichons<\/a>, n&rsquo;h\u00e9sitez pas \u00e0 consulter notre catalogue en ligne pour voir la grande vari\u00e9t\u00e9 de <a href=\"https:\/\/latiendadesami.com\/categoria-producto\/encurtidos\/pepinillos\/\" target=\"_blank\" rel=\"noopener noreferrer nofollow\">cornichons<\/a> que nous avons.<\/p>\n","protected":false},"excerpt":{"rendered":"<p>Le Piparra 1,5 kg poids net en vinaigre donnera \u00e0 nos plats la touche piquante qui les distinguera. Ce produit fait vibrer le palais et est tr\u00e8s appr\u00e9ci\u00e9 \u00e0 c\u00f4t\u00e9 des rago\u00fbts ou des sauces pleines de saveur. Parmi les nombreux ingr\u00e9dients traditionnels de la cuisine basque figure le piment piparra. Un piment tr\u00e8s sp\u00e9cial [&hellip;]<\/p>\n","protected":false},"featured_media":10016,"template":"","meta":{"_et_pb_use_builder":"","_et_pb_old_content":"","_et_gb_content_width":""},"product_brand":[1069],"product_cat":[1570,4015],"product_tag":[9874],"class_list":{"0":"post-48565","1":"product","2":"type-product","3":"status-publish","4":"has-post-thumbnail","6":"product_brand-sangar","7":"product_cat-cornichons","8":"product_cat-piments","9":"product_tag-piparra-fr","11":"first","12":"outofstock","13":"taxable","14":"shipping-taxable","15":"purchasable","16":"product-type-simple"},"_links":{"self":[{"href":"https:\/\/myspainfood.com\/fr\/wp-json\/wp\/v2\/product\/48565","targetHints":{"allow":["GET"]}}],"collection":[{"href":"https:\/\/myspainfood.com\/fr\/wp-json\/wp\/v2\/product"}],"about":[{"href":"https:\/\/myspainfood.com\/fr\/wp-json\/wp\/v2\/types\/product"}],"wp:featuredmedia":[{"embeddable":true,"href":"https:\/\/myspainfood.com\/fr\/wp-json\/wp\/v2\/media\/10016"}],"wp:attachment":[{"href":"https:\/\/myspainfood.com\/fr\/wp-json\/wp\/v2\/media?parent=48565"}],"wp:term":[{"taxonomy":"product_brand","embeddable":true,"href":"https:\/\/myspainfood.com\/fr\/wp-json\/wp\/v2\/product_brand?post=48565"},{"taxonomy":"product_cat","embeddable":true,"href":"https:\/\/myspainfood.com\/fr\/wp-json\/wp\/v2\/product_cat?post=48565"},{"taxonomy":"product_tag","embeddable":true,"href":"https:\/\/myspainfood.com\/fr\/wp-json\/wp\/v2\/product_tag?post=48565"}],"curies":[{"name":"wp","href":"https:\/\/api.w.org\/{rel}","templated":true}]}}