{"id":48649,"date":"2025-04-10T12:07:47","date_gmt":"2025-04-10T10:07:47","guid":{"rendered":"https:\/\/myspainfood.com\/producto\/manzanilla-4-kg-242-aperitif\/"},"modified":"2025-04-10T12:07:47","modified_gmt":"2025-04-10T10:07:47","slug":"manzanilla-4-kg-242-aperitif","status":"publish","type":"product","link":"https:\/\/myspainfood.com\/fr\/producto\/manzanilla-4-kg-242-aperitif\/","title":{"rendered":"Manzanilla 4 kg 242 ap\u00e9ritif"},"content":{"rendered":"<p>Le nom \u00ab\u00a0manzanilla\u00a0\u00bb est donn\u00e9 \u00e0 diff\u00e9rentes vari\u00e9t\u00e9s d&rsquo;oliviers (Olea europaea). Ce nom est \u00e9galement donn\u00e9 au fruit ou \u00e0 l&rsquo;olive qu&rsquo;ils produisent. Les principales vari\u00e9t\u00e9s sont la manzanilla sevillana, la manzanilla cacere\u00f1a et la manzanilla alore\u00f1a.    <\/p>\n","protected":false},"excerpt":{"rendered":"<p>Le nom \u00ab\u00a0manzanilla\u00a0\u00bb est donn\u00e9 \u00e0 diff\u00e9rentes vari\u00e9t\u00e9s d&rsquo;oliviers (Olea europaea). Ce nom est \u00e9galement donn\u00e9 au fruit ou \u00e0 l&rsquo;olive qu&rsquo;ils produisent. Les principales vari\u00e9t\u00e9s sont la manzanilla sevillana, la manzanilla cacere\u00f1a et la manzanilla alore\u00f1a.<\/p>\n","protected":false},"featured_media":10142,"template":"","meta":{"_et_pb_use_builder":"","_et_pb_old_content":"","_et_gb_content_width":""},"product_brand":[1069],"product_cat":[1570,1571],"product_tag":[2044],"class_list":{"0":"post-48649","1":"product","2":"type-product","3":"status-publish","4":"has-post-thumbnail","6":"product_brand-sangar","7":"product_cat-cornichons","8":"product_cat-olives-fr","9":"product_tag-camomille","11":"first","12":"outofstock","13":"taxable","14":"shipping-taxable","15":"purchasable","16":"product-type-simple"},"_links":{"self":[{"href":"https:\/\/myspainfood.com\/fr\/wp-json\/wp\/v2\/product\/48649","targetHints":{"allow":["GET"]}}],"collection":[{"href":"https:\/\/myspainfood.com\/fr\/wp-json\/wp\/v2\/product"}],"about":[{"href":"https:\/\/myspainfood.com\/fr\/wp-json\/wp\/v2\/types\/product"}],"wp:featuredmedia":[{"embeddable":true,"href":"https:\/\/myspainfood.com\/fr\/wp-json\/wp\/v2\/media\/10142"}],"wp:attachment":[{"href":"https:\/\/myspainfood.com\/fr\/wp-json\/wp\/v2\/media?parent=48649"}],"wp:term":[{"taxonomy":"product_brand","embeddable":true,"href":"https:\/\/myspainfood.com\/fr\/wp-json\/wp\/v2\/product_brand?post=48649"},{"taxonomy":"product_cat","embeddable":true,"href":"https:\/\/myspainfood.com\/fr\/wp-json\/wp\/v2\/product_cat?post=48649"},{"taxonomy":"product_tag","embeddable":true,"href":"https:\/\/myspainfood.com\/fr\/wp-json\/wp\/v2\/product_tag?post=48649"}],"curies":[{"name":"wp","href":"https:\/\/api.w.org\/{rel}","templated":true}]}}