{"id":48879,"date":"2025-04-10T12:08:45","date_gmt":"2025-04-10T10:08:45","guid":{"rendered":"https:\/\/myspainfood.com\/producto\/fromage-riojana-75-unites\/"},"modified":"2026-04-24T07:39:13","modified_gmt":"2026-04-24T05:39:13","slug":"fromage-riojana-75-unites","status":"publish","type":"product","link":"https:\/\/myspainfood.com\/fr\/producto\/fromage-riojana-75-unites\/","title":{"rendered":"Fromage Riojana 75 unit\u00e9s"},"content":{"rendered":"<p>Huile (85% tournesol, 15% olive), olives farcies aux <strong>anchois<\/strong>, filet d&rsquo;<strong> anchois<\/strong>, fromage \u00e0 p\u00e2te molle \u00e9pic\u00e9 et poivron rouge.<\/p>\n","protected":false},"excerpt":{"rendered":"<p>Huile (85% tournesol, 15% olive), olives farcies aux anchois, filet d&rsquo; anchois, fromage \u00e0 p\u00e2te molle \u00e9pic\u00e9 et poivron rouge.<\/p>\n","protected":false},"featured_media":11312,"template":"","meta":{"_et_pb_use_builder":"","_et_pb_old_content":"","_et_gb_content_width":""},"product_brand":[],"product_cat":[1865,1570,1864,2295,1571,1866,2367],"product_tag":[],"class_list":{"0":"post-48879","1":"product","2":"type-product","3":"status-publish","4":"has-post-thumbnail","6":"product_cat-anchois","7":"product_cat-cornichons","8":"product_cat-froid","9":"product_cat-fromage-et-saucisse","10":"product_cat-olives-fr","11":"product_cat-pintxos-fr","12":"product_cat-poivrons","13":"product_shipping_class-expedition-a-froid","15":"first","16":"outofstock","17":"taxable","18":"shipping-taxable","19":"purchasable","20":"product-type-simple"},"_links":{"self":[{"href":"https:\/\/myspainfood.com\/fr\/wp-json\/wp\/v2\/product\/48879","targetHints":{"allow":["GET"]}}],"collection":[{"href":"https:\/\/myspainfood.com\/fr\/wp-json\/wp\/v2\/product"}],"about":[{"href":"https:\/\/myspainfood.com\/fr\/wp-json\/wp\/v2\/types\/product"}],"wp:featuredmedia":[{"embeddable":true,"href":"https:\/\/myspainfood.com\/fr\/wp-json\/wp\/v2\/media\/11312"}],"wp:attachment":[{"href":"https:\/\/myspainfood.com\/fr\/wp-json\/wp\/v2\/media?parent=48879"}],"wp:term":[{"taxonomy":"product_brand","embeddable":true,"href":"https:\/\/myspainfood.com\/fr\/wp-json\/wp\/v2\/product_brand?post=48879"},{"taxonomy":"product_cat","embeddable":true,"href":"https:\/\/myspainfood.com\/fr\/wp-json\/wp\/v2\/product_cat?post=48879"},{"taxonomy":"product_tag","embeddable":true,"href":"https:\/\/myspainfood.com\/fr\/wp-json\/wp\/v2\/product_tag?post=48879"}],"curies":[{"name":"wp","href":"https:\/\/api.w.org\/{rel}","templated":true}]}}