{"id":49107,"date":"2025-04-10T12:09:51","date_gmt":"2025-04-10T10:09:51","guid":{"rendered":"https:\/\/myspainfood.com\/producto\/60-pieces-cruceiro-de-ferreiros-albarino\/"},"modified":"2025-04-10T12:09:51","modified_gmt":"2025-04-10T10:09:51","slug":"60-pieces-cruceiro-de-ferreiros-albarino","status":"publish","type":"product","link":"https:\/\/myspainfood.com\/fr\/producto\/60-pieces-cruceiro-de-ferreiros-albarino\/","title":{"rendered":"60 pi\u00e8ces. Cruceiro de Ferreiros Albari\u00f1o"},"content":{"rendered":"<p>Ce vin galicien classique est net et brillant, avec une couleur presque verte. Ses ar\u00f4mes de pamplemousse s&rsquo;expriment sur un fond floral avec des touches de min\u00e9ralit\u00e9. Il a du corps, une bonne structure et une finale puissante. C&rsquo;est un vin id\u00e9al pour les plats de poisson l\u00e9gers ou les fromages frais.  <\/p>\n<div>\u00e9labor\u00e9 \u00e0 partir des c\u00e9pages Albari\u00f1o, Godello et Loureiro, a re\u00e7u la m\u00e9daille d&rsquo;argent aux International Wine Awards 2017 dans la cat\u00e9gorie des vins blancs.<\/div>\n<p>Nom\/zone : Ixp Do Mi\u00f1o<\/p>\n","protected":false},"excerpt":{"rendered":"<p>Ce vin galicien classique est net et brillant, avec une couleur presque verte. Ses ar\u00f4mes de pamplemousse s&rsquo;expriment sur un fond floral avec des touches de min\u00e9ralit\u00e9. Il a du corps, une bonne structure et une finale puissante. C&rsquo;est un vin id\u00e9al pour les plats de poisson l\u00e9gers ou les fromages frais. \u00e9labor\u00e9 \u00e0 partir [&hellip;]<\/p>\n","protected":false},"featured_media":11465,"template":"","meta":{"_et_pb_use_builder":"","_et_pb_old_content":"","_et_gb_content_width":""},"product_brand":[1302],"product_cat":[4900,2985,4902],"product_tag":[7019],"class_list":{"0":"post-49107","1":"product","2":"type-product","3":"status-publish","4":"has-post-thumbnail","6":"product_brand-galiciano","7":"product_cat-boissons","8":"product_cat-commerce-de-gros","9":"product_cat-le-vin","10":"product_tag-albarino-fr","12":"first","13":"outofstock","14":"taxable","15":"shipping-taxable","16":"purchasable","17":"product-type-simple"},"_links":{"self":[{"href":"https:\/\/myspainfood.com\/fr\/wp-json\/wp\/v2\/product\/49107","targetHints":{"allow":["GET"]}}],"collection":[{"href":"https:\/\/myspainfood.com\/fr\/wp-json\/wp\/v2\/product"}],"about":[{"href":"https:\/\/myspainfood.com\/fr\/wp-json\/wp\/v2\/types\/product"}],"wp:featuredmedia":[{"embeddable":true,"href":"https:\/\/myspainfood.com\/fr\/wp-json\/wp\/v2\/media\/11465"}],"wp:attachment":[{"href":"https:\/\/myspainfood.com\/fr\/wp-json\/wp\/v2\/media?parent=49107"}],"wp:term":[{"taxonomy":"product_brand","embeddable":true,"href":"https:\/\/myspainfood.com\/fr\/wp-json\/wp\/v2\/product_brand?post=49107"},{"taxonomy":"product_cat","embeddable":true,"href":"https:\/\/myspainfood.com\/fr\/wp-json\/wp\/v2\/product_cat?post=49107"},{"taxonomy":"product_tag","embeddable":true,"href":"https:\/\/myspainfood.com\/fr\/wp-json\/wp\/v2\/product_tag?post=49107"}],"curies":[{"name":"wp","href":"https:\/\/api.w.org\/{rel}","templated":true}]}}