{"id":49153,"date":"2025-04-10T12:10:00","date_gmt":"2025-04-10T10:10:00","guid":{"rendered":"https:\/\/myspainfood.com\/producto\/alino-de-mi-pueblo-olives-chicon-900-grammes-paquet-de-6-unites\/"},"modified":"2026-03-20T10:11:02","modified_gmt":"2026-03-20T09:11:02","slug":"alino-de-mi-pueblo-olives-chicon-900-grammes-paquet-de-6-unites","status":"publish","type":"product","link":"https:\/\/myspainfood.com\/fr\/producto\/alino-de-mi-pueblo-olives-chicon-900-grammes-paquet-de-6-unites\/","title":{"rendered":"Ali\u00f1o de mi pueblo Olives Chic\u00f3n 900 grammes paquet de 6 unit\u00e9s"},"content":{"rendered":"<p>Les <strong>olives<\/strong> \u00ab\u00a0Ali\u00f1o de mi Pueblo\u00a0\u00bb manzanilla <strong>dressed<\/strong> sont des <a href=\"https:\/\/aceitunaschiconlebron.com\/catalogo-productos\/comprar-aceitunas\/deshuesadas\/\" target=\"_blank\" rel=\"noopener noreferrer nofollow\">olives d\u00e9noyaut\u00e9es<\/a> assaisonn\u00e9es avec les meilleurs ingr\u00e9dients selon une recette traditionnelle.<\/p>\n<p>L&rsquo;utilisation d&rsquo;\u00e9pices naturelles et le contr\u00f4le de la temp\u00e9rature sont le secret de la saveur particuli\u00e8re de ces olives.<\/p>\n<p>Les olives Ali\u00f1o de mi pueblo sont douces et leur chair juteuse leur conf\u00e8re une saveur incomparable.<\/p>\n<p>Tremp\u00e9es dans la saumure et trait\u00e9es pour en r\u00e9duire l&rsquo;acidit\u00e9, les olives <a href=\"https:\/\/latiendadesami.com\/categoria-producto\/encurtidos\/\" target=\"_blank\" rel=\"noopener noreferrer nofollow\">marin\u00e9es<\/a> faites maison sont pr\u00e9sentes sur de nombreuses terrasses et dans les restaurants.<\/p>\n<h3>Les bienfaits des olives Ali\u00f1o de mi Pueblo<\/h3>\n<p>Connaissez-vous les multiples bienfaits de ces <strong>olives<\/strong>? Elles sont tr\u00e8s efficaces pour pr\u00e9venir les maladies cardiaques et circulatoires en g\u00e9n\u00e9ral. <\/p>\n<p>Cela est d\u00fb \u00e0 sa teneur \u00e9lev\u00e9e en graisses insatur\u00e9es. En outre, c&rsquo;est un aliment qui contient beaucoup de fer et de fibres et qui est tr\u00e8s rassasiant, ce qui en fait un en-cas id\u00e9al. <\/p>\n<p>Si vous souhaitez acheter des olives ou tout autre type d&rsquo;<a href=\"https:\/\/latiendadesami.com\/categoria-producto\/encurtidos\/\" rel=\"noopener noreferrer nofollow\" target=\"_blank\">aliments marin\u00e9s<\/a>, n&rsquo;h\u00e9sitez pas \u00e0 consulter notre catalogue en ligne pour voir la grande vari\u00e9t\u00e9 d&rsquo;<a href=\"https:\/\/latiendadesami.com\/categoria-producto\/encurtidos\/aceitunas\/\" target=\"_blank\" rel=\"noopener noreferrer nofollow\">olives<\/a> que nous avons.<\/p>\n","protected":false},"excerpt":{"rendered":"<p>Les olives \u00ab\u00a0Ali\u00f1o de mi Pueblo\u00a0\u00bb manzanilla dressed sont des olives d\u00e9noyaut\u00e9es assaisonn\u00e9es avec les meilleurs ingr\u00e9dients selon une recette traditionnelle. L&rsquo;utilisation d&rsquo;\u00e9pices naturelles et le contr\u00f4le de la temp\u00e9rature sont le secret de la saveur particuli\u00e8re de ces olives. Les olives Ali\u00f1o de mi pueblo sont douces et leur chair juteuse leur conf\u00e8re une [&hellip;]<\/p>\n","protected":false},"featured_media":12311,"template":"","meta":{"_et_pb_use_builder":"","_et_pb_old_content":"","_et_gb_content_width":""},"product_brand":[1036],"product_cat":[2985,3130],"product_tag":[9931],"class_list":{"0":"post-49153","1":"product","2":"type-product","3":"status-publish","4":"has-post-thumbnail","6":"product_brand-chicon","7":"product_cat-commerce-de-gros","8":"product_cat-cornichons-fr-2","9":"product_tag-village","11":"first","12":"instock","13":"taxable","14":"shipping-taxable","15":"product-type-variable"},"_links":{"self":[{"href":"https:\/\/myspainfood.com\/fr\/wp-json\/wp\/v2\/product\/49153","targetHints":{"allow":["GET"]}}],"collection":[{"href":"https:\/\/myspainfood.com\/fr\/wp-json\/wp\/v2\/product"}],"about":[{"href":"https:\/\/myspainfood.com\/fr\/wp-json\/wp\/v2\/types\/product"}],"wp:featuredmedia":[{"embeddable":true,"href":"https:\/\/myspainfood.com\/fr\/wp-json\/wp\/v2\/media\/12311"}],"wp:attachment":[{"href":"https:\/\/myspainfood.com\/fr\/wp-json\/wp\/v2\/media?parent=49153"}],"wp:term":[{"taxonomy":"product_brand","embeddable":true,"href":"https:\/\/myspainfood.com\/fr\/wp-json\/wp\/v2\/product_brand?post=49153"},{"taxonomy":"product_cat","embeddable":true,"href":"https:\/\/myspainfood.com\/fr\/wp-json\/wp\/v2\/product_cat?post=49153"},{"taxonomy":"product_tag","embeddable":true,"href":"https:\/\/myspainfood.com\/fr\/wp-json\/wp\/v2\/product_tag?post=49153"}],"curies":[{"name":"wp","href":"https:\/\/api.w.org\/{rel}","templated":true}]}}