{"id":49593,"date":"2025-04-10T12:07:46","date_gmt":"2025-04-10T10:07:46","guid":{"rendered":"https:\/\/myspainfood.com\/producto\/manzanilla-4-kg-calibre-180-200\/"},"modified":"2025-04-10T12:07:46","modified_gmt":"2025-04-10T10:07:46","slug":"manzanilla-4-kg-calibre-180-200","status":"publish","type":"product","link":"https:\/\/myspainfood.com\/fr\/producto\/manzanilla-4-kg-calibre-180-200\/","title":{"rendered":"Manzanilla 4 kg calibre 180\/200"},"content":{"rendered":"<p>Les olives Manzanilla 180\/200 calibre 4kg conservent leur forme <a href=\"https:\/\/www.google.com\/search?q=aceituna+manzanilla+calibre&amp;tbm=isch&amp;ved=2ahUKEwjzs-WOhPD1AhWHh1wKHXXjAgAQ2-cCegQIABAA&amp;oq=aceituna+manzanilla+calibre&amp;gs_lcp=CgNpbWcQA1CzBli4GGC8GWgAcAB4AIABbYgBzQySAQQxNy4ymAEAoAEBqgELZ3dzLXdpei1pbWfAAQE&amp;sclient=img&amp;ei=6FcCYvOfBoeP8gL1xgs&amp;bih=780&amp;biw=1577\" target=\"_blank\" rel=\"noopener noreferrer nofollow\">originale<\/a>, en gardant leur noyau \u00e0 l&rsquo;int\u00e9rieur du fruit.<\/p>\n<p>Diff\u00e9rentes vari\u00e9t\u00e9s d&rsquo;olivier (Olea europaea) sont connues sous le nom de camomille.<\/p>\n<p>Ce nom est \u00e9galement donn\u00e9 au fruit ou \u00e0 l&rsquo;olive qu&rsquo;ils produisent.<\/p>\n<p>Les principales vari\u00e9t\u00e9s sont la manzanilla sevillana, la manzanilla cacere\u00f1a et la manzanilla alore\u00f1a.<\/p>\n<p>Il est conseill\u00e9 de conserver ces olives enti\u00e8res dans un endroit frais et sec, \u00e0 l&rsquo;abri de la lumi\u00e8re du soleil.<\/p>\n<h3>Les avantages de la camomille 180\/200 calibre 4kg<\/h3>\n<p>Connaissez-vous les multiples bienfaits de ces olives ? Elles sont tr\u00e8s efficaces pour pr\u00e9venir les maladies cardiaques et circulatoires en g\u00e9n\u00e9ral. <\/p>\n<p>Cela est d\u00fb \u00e0 sa teneur \u00e9lev\u00e9e en graisses insatur\u00e9es. En outre, c&rsquo;est un aliment qui contient beaucoup de fer et de fibres et qui est tr\u00e8s rassasiant, ce qui en fait un en-cas id\u00e9al. <\/p>\n<p>Si vous souhaitez acheter des olives ou tout autre type d&rsquo;<a href=\"https:\/\/latiendadesami.com\/categoria-producto\/encurtidos\/\" rel=\"noopener noreferrer nofollow\" target=\"_blank\">aliments marin\u00e9s<\/a>, n&rsquo;h\u00e9sitez pas \u00e0 consulter notre catalogue en ligne pour voir la grande vari\u00e9t\u00e9 d&rsquo;<a href=\"https:\/\/latiendadesami.com\/categoria-producto\/encurtidos\/aceitunas\/\" target=\"_blank\" rel=\"noopener noreferrer nofollow\">olives<\/a> que nous avons.<\/p>\n","protected":false},"excerpt":{"rendered":"<p>Les olives Manzanilla 180\/200 calibre 4kg conservent leur forme originale, en gardant leur noyau \u00e0 l&rsquo;int\u00e9rieur du fruit. Diff\u00e9rentes vari\u00e9t\u00e9s d&rsquo;olivier (Olea europaea) sont connues sous le nom de camomille. Ce nom est \u00e9galement donn\u00e9 au fruit ou \u00e0 l&rsquo;olive qu&rsquo;ils produisent. Les principales vari\u00e9t\u00e9s sont la manzanilla sevillana, la manzanilla cacere\u00f1a et la manzanilla [&hellip;]<\/p>\n","protected":false},"featured_media":10124,"template":"","meta":{"_et_pb_use_builder":"","_et_pb_old_content":"","_et_gb_content_width":""},"product_brand":[1069],"product_cat":[1570,1571],"product_tag":[2044],"class_list":{"0":"post-49593","1":"product","2":"type-product","3":"status-publish","4":"has-post-thumbnail","6":"product_brand-sangar","7":"product_cat-cornichons","8":"product_cat-olives-fr","9":"product_tag-camomille","11":"first","12":"outofstock","13":"taxable","14":"shipping-taxable","15":"purchasable","16":"product-type-simple"},"_links":{"self":[{"href":"https:\/\/myspainfood.com\/fr\/wp-json\/wp\/v2\/product\/49593","targetHints":{"allow":["GET"]}}],"collection":[{"href":"https:\/\/myspainfood.com\/fr\/wp-json\/wp\/v2\/product"}],"about":[{"href":"https:\/\/myspainfood.com\/fr\/wp-json\/wp\/v2\/types\/product"}],"wp:featuredmedia":[{"embeddable":true,"href":"https:\/\/myspainfood.com\/fr\/wp-json\/wp\/v2\/media\/10124"}],"wp:attachment":[{"href":"https:\/\/myspainfood.com\/fr\/wp-json\/wp\/v2\/media?parent=49593"}],"wp:term":[{"taxonomy":"product_brand","embeddable":true,"href":"https:\/\/myspainfood.com\/fr\/wp-json\/wp\/v2\/product_brand?post=49593"},{"taxonomy":"product_cat","embeddable":true,"href":"https:\/\/myspainfood.com\/fr\/wp-json\/wp\/v2\/product_cat?post=49593"},{"taxonomy":"product_tag","embeddable":true,"href":"https:\/\/myspainfood.com\/fr\/wp-json\/wp\/v2\/product_tag?post=49593"}],"curies":[{"name":"wp","href":"https:\/\/api.w.org\/{rel}","templated":true}]}}