{"id":50635,"date":"2025-05-21T08:44:03","date_gmt":"2025-05-21T06:44:03","guid":{"rendered":"https:\/\/myspainfood.com\/producto\/camomille-avec-os-900-gr-chicon\/"},"modified":"2026-01-29T12:58:36","modified_gmt":"2026-01-29T11:58:36","slug":"camomille-avec-os-900-gr-chicon","status":"publish","type":"product","link":"https:\/\/myspainfood.com\/fr\/producto\/camomille-avec-os-900-gr-chicon\/","title":{"rendered":"Camomille Avec Os 900 gr Chic\u00f3n"},"content":{"rendered":"<p>Les olives Manzanilla enti\u00e8res avec noyau conservent leur forme originale, le noyau restant \u00e0 l&rsquo;int\u00e9rieur du fruit.<\/p>\n<p>Il est conseill\u00e9 de conserver ces olives enti\u00e8res dans un endroit frais et sec, \u00e0 l&rsquo;abri de la lumi\u00e8re du soleil.<\/p>\n<h3>Les bienfaits des olives Manzanilla avec noyaux de <a href=\"https:\/\/aceitunaschiconlebron.com\/catalogo-productos\/comprar-aceitunas\/deshuesadas\/\" target=\"_blank\" rel=\"noopener noreferrer nofollow\">Chic\u00f3n<\/a><\/h3>\n<p>Connaissez-vous les multiples bienfaits de ces olives ? Elles sont tr\u00e8s efficaces pour pr\u00e9venir les maladies cardiaques et circulatoires en g\u00e9n\u00e9ral. <\/p>\n<p>Cela est d\u00fb \u00e0 sa teneur \u00e9lev\u00e9e en graisses insatur\u00e9es. En outre, c&rsquo;est un aliment qui contient beaucoup de fer et de fibres et qui est tr\u00e8s rassasiant, ce qui en fait un en-cas id\u00e9al. <\/p>\n<p>Si vous souhaitez acheter des olives ou tout autre type de <a href=\"https:\/\/latiendadesami.com\/categoria-producto\/encurtidos\/\" rel=\"noopener noreferrer nofollow\" target=\"_blank\">cornichons<\/a>, n&rsquo;h\u00e9sitez pas \u00e0 consulter notre catalogue en ligne pour voir la grande vari\u00e9t\u00e9 d&rsquo;<a href=\"https:\/\/latiendadesami.com\/categoria-producto\/encurtidos\/aceitunas\/\" target=\"_blank\" rel=\"noopener noreferrer nofollow\">olives<\/a> que nous avons.<\/p>\n","protected":false},"excerpt":{"rendered":"<p>Les olives Manzanilla enti\u00e8res avec noyau conservent leur forme originale, le noyau restant \u00e0 l&rsquo;int\u00e9rieur du fruit. Il est conseill\u00e9 de conserver ces olives enti\u00e8res dans un endroit frais et sec, \u00e0 l&rsquo;abri de la lumi\u00e8re du soleil. Les bienfaits des olives Manzanilla avec noyaux de Chic\u00f3n Connaissez-vous les multiples bienfaits de ces olives ? [&hellip;]<\/p>\n","protected":false},"featured_media":50337,"template":"","meta":{"_et_pb_use_builder":"","_et_pb_old_content":"","_et_gb_content_width":""},"product_brand":[1036],"product_cat":[1570,1571],"product_tag":[10027,2044],"class_list":{"0":"post-50635","1":"product","2":"type-product","3":"status-publish","4":"has-post-thumbnail","6":"product_brand-chicon","7":"product_cat-cornichons","8":"product_cat-olives-fr","9":"product_tag-avec-os","10":"product_tag-camomille","12":"first","13":"instock","14":"taxable","15":"shipping-taxable","16":"purchasable","17":"product-type-variable"},"_links":{"self":[{"href":"https:\/\/myspainfood.com\/fr\/wp-json\/wp\/v2\/product\/50635","targetHints":{"allow":["GET"]}}],"collection":[{"href":"https:\/\/myspainfood.com\/fr\/wp-json\/wp\/v2\/product"}],"about":[{"href":"https:\/\/myspainfood.com\/fr\/wp-json\/wp\/v2\/types\/product"}],"wp:featuredmedia":[{"embeddable":true,"href":"https:\/\/myspainfood.com\/fr\/wp-json\/wp\/v2\/media\/50337"}],"wp:attachment":[{"href":"https:\/\/myspainfood.com\/fr\/wp-json\/wp\/v2\/media?parent=50635"}],"wp:term":[{"taxonomy":"product_brand","embeddable":true,"href":"https:\/\/myspainfood.com\/fr\/wp-json\/wp\/v2\/product_brand?post=50635"},{"taxonomy":"product_cat","embeddable":true,"href":"https:\/\/myspainfood.com\/fr\/wp-json\/wp\/v2\/product_cat?post=50635"},{"taxonomy":"product_tag","embeddable":true,"href":"https:\/\/myspainfood.com\/fr\/wp-json\/wp\/v2\/product_tag?post=50635"}],"curies":[{"name":"wp","href":"https:\/\/api.w.org\/{rel}","templated":true}]}}