{"id":50993,"date":"2025-05-21T09:40:50","date_gmt":"2025-05-21T07:40:50","guid":{"rendered":"https:\/\/myspainfood.com\/producto\/kimbitos-olives-et-cornichons-900-gr-chicon\/"},"modified":"2026-01-29T13:06:16","modified_gmt":"2026-01-29T12:06:16","slug":"kimbitos-olives-et-cornichons-900-gr-chicon","status":"publish","type":"product","link":"https:\/\/myspainfood.com\/fr\/producto\/kimbitos-olives-et-cornichons-900-gr-chicon\/","title":{"rendered":"Kimbitos - olives et cornichons 900 gr Chic\u00f3n"},"content":{"rendered":"<p><a href=\"https:\/\/aceitunaschiconlebron.com\/catalogo\/manzanilla-rellena-de-pepinillo\/\" target=\"_blank\" rel=\"noopener noreferrer nofollow\">Kimbitos olive et cornichon<\/a>, avec un l\u00e9ger go\u00fbt aigre-doux.<\/p>\n<h3>Propri\u00e9t\u00e9s des olives Manzanilla ou Kimbitos<\/h3>\n<p>Les olives Manzanilla, originaires d&rsquo;Espagne, pr\u00e9sentent de nombreux avantages, dont les suivants :<\/p>\n<p>Ils fournissent de grandes quantit\u00e9s d&rsquo;antioxydants.<\/p>\n<p>Ils r\u00e9duisent la tension art\u00e9rielle et le cholest\u00e9rol.<\/p>\n<p>pr\u00e9vient certains types de cancer.<\/p>\n<p>Ils agissent comme un probiotique naturel.<\/p>\n<p>Am\u00e9liorer la sant\u00e9 cardiaque.<\/p>\n<p>Ils aident \u00e0 lutter contre les infections.<\/p>\n<p>Ils pr\u00e9viennent l&rsquo;ost\u00e9oporose.<\/p>\n<p>Connaissez-vous les multiples bienfaits de ces olives Kimbitos ? Elles ont un pouvoir \u00e9lev\u00e9 en mati\u00e8re de pr\u00e9vention des maladies cardiaques et circulatoires en g\u00e9n\u00e9ral. <\/p>\n<p>Si vous souhaitez acheter des olives ou tout autre type de <a href=\"https:\/\/latiendadesami.com\/categoria-producto\/encurtidos\/\" rel=\"noopener noreferrer nofollow\" target=\"_blank\">cornichons<\/a>, n&rsquo;h\u00e9sitez pas \u00e0 consulter notre catalogue en ligne pour voir la grande vari\u00e9t\u00e9 d&rsquo;<a href=\"https:\/\/latiendadesami.com\/categoria-producto\/encurtidos\/aceitunas\/\" target=\"_blank\" rel=\"noopener noreferrer nofollow\">olives<\/a> que nous avons.<\/p>\n","protected":false},"excerpt":{"rendered":"<p>Kimbitos olive et cornichon, avec un l\u00e9ger go\u00fbt aigre-doux. Propri\u00e9t\u00e9s des olives Manzanilla ou Kimbitos Les olives Manzanilla, originaires d&rsquo;Espagne, pr\u00e9sentent de nombreux avantages, dont les suivants : Ils fournissent de grandes quantit\u00e9s d&rsquo;antioxydants. Ils r\u00e9duisent la tension art\u00e9rielle et le cholest\u00e9rol. pr\u00e9vient certains types de cancer. Ils agissent comme un probiotique naturel. Am\u00e9liorer la [&hellip;]<\/p>\n","protected":false},"featured_media":7127,"template":"","meta":{"_et_pb_use_builder":"","_et_pb_old_content":"","_et_gb_content_width":""},"product_brand":[1036],"product_cat":[1636,1570,1571],"product_tag":[2044,2025,1630],"class_list":{"0":"post-50993","1":"product","2":"type-product","3":"status-publish","4":"has-post-thumbnail","6":"product_brand-chicon","7":"product_cat-cornichons-fr","8":"product_cat-cornichons","9":"product_cat-olives-fr","10":"product_tag-camomille","11":"product_tag-cornichon","12":"product_tag-kimbo-fr","14":"first","15":"instock","16":"taxable","17":"shipping-taxable","18":"purchasable","19":"product-type-variable"},"_links":{"self":[{"href":"https:\/\/myspainfood.com\/fr\/wp-json\/wp\/v2\/product\/50993","targetHints":{"allow":["GET"]}}],"collection":[{"href":"https:\/\/myspainfood.com\/fr\/wp-json\/wp\/v2\/product"}],"about":[{"href":"https:\/\/myspainfood.com\/fr\/wp-json\/wp\/v2\/types\/product"}],"wp:featuredmedia":[{"embeddable":true,"href":"https:\/\/myspainfood.com\/fr\/wp-json\/wp\/v2\/media\/7127"}],"wp:attachment":[{"href":"https:\/\/myspainfood.com\/fr\/wp-json\/wp\/v2\/media?parent=50993"}],"wp:term":[{"taxonomy":"product_brand","embeddable":true,"href":"https:\/\/myspainfood.com\/fr\/wp-json\/wp\/v2\/product_brand?post=50993"},{"taxonomy":"product_cat","embeddable":true,"href":"https:\/\/myspainfood.com\/fr\/wp-json\/wp\/v2\/product_cat?post=50993"},{"taxonomy":"product_tag","embeddable":true,"href":"https:\/\/myspainfood.com\/fr\/wp-json\/wp\/v2\/product_tag?post=50993"}],"curies":[{"name":"wp","href":"https:\/\/api.w.org\/{rel}","templated":true}]}}