{"id":51103,"date":"2025-05-21T09:40:50","date_gmt":"2025-05-21T07:40:50","guid":{"rendered":"https:\/\/myspainfood.com\/producto\/oeufs-brouilles-extra-900-gr-chicon\/"},"modified":"2026-01-29T13:05:00","modified_gmt":"2026-01-29T12:05:00","slug":"oeufs-brouilles-extra-900-gr-chicon","status":"publish","type":"product","link":"https:\/\/myspainfood.com\/fr\/producto\/oeufs-brouilles-extra-900-gr-chicon\/","title":{"rendered":"\u0152ufs brouill\u00e9s Extra 900 gr Chic\u00f3n"},"content":{"rendered":"<p>Nos \u0153ufs brouill\u00e9s extra avec olives et cornichons sont compos\u00e9s d&rsquo;<a href=\"https:\/\/aceitunaschiconlebron.com\/catalogo\/revuelto-extra-aceitunas-encurtidos\/\" target=\"_blank\" rel=\"noopener noreferrer nofollow\">olives<\/a> manzanilla, de cornichons, d&rsquo;oignons et de carottes.<\/p>\n<p>Cette combinaison d&rsquo;olives et de cornichons permet de donner une saveur incomparable \u00e0 vos tapas ou \u00e0 vos amuse-gueules.<\/p>\n<p>Il s&rsquo;agit d&rsquo;un compl\u00e9ment tr\u00e8s sain \u00e0 notre r\u00e9gime m\u00e9diterran\u00e9en nutritif traditionnel.<\/p>\n<p>Les cornichons sont pass\u00e9s d&rsquo;une technique ancestrale de conservation des aliments dans le monde entier \u00e0 l&rsquo;une des tapas ou entr\u00e9es les plus populaires de la gastronomie espagnole.<\/p>\n<h3><strong>Les avantages de l&rsquo;extra brouill\u00e9<\/strong><\/h3>\n<p>Connaissez-vous les bienfaits du Revuelto Extra et des cornichons en g\u00e9n\u00e9ral ? Voici une liste des plus importants : <\/p>\n<ul>\n<li>Riche en probiotiques.<\/li>\n<li>Ils facilitent la digestion.<\/li>\n<li>Ils renforcent le syst\u00e8me immunitaire.<\/li>\n<li>Ils r\u00e9duisent les envies de sucre.<\/li>\n<li>Favorable \u00e0 la v\u00e9sicule biliaire.<\/li>\n<\/ul>\n<p>Si vous souhaitez acheter des olives ou tout autre type de <a href=\"https:\/\/latiendadesami.com\/categoria-producto\/encurtidos\/\" rel=\"noopener noreferrer nofollow\" target=\"_blank\">cornichons<\/a>, n&rsquo;h\u00e9sitez pas \u00e0 consulter notre catalogue en ligne pour voir la grande vari\u00e9t\u00e9 d&rsquo;<a href=\"https:\/\/latiendadesami.com\/categoria-producto\/encurtidos\/aceitunas\/\" target=\"_blank\" rel=\"noopener noreferrer nofollow\">olives<\/a> que nous avons.<\/p>\n","protected":false},"excerpt":{"rendered":"<p>Nos \u0153ufs brouill\u00e9s extra avec olives et cornichons sont compos\u00e9s d&rsquo;olives manzanilla, de cornichons, d&rsquo;oignons et de carottes. Cette combinaison d&rsquo;olives et de cornichons permet de donner une saveur incomparable \u00e0 vos tapas ou \u00e0 vos amuse-gueules. Il s&rsquo;agit d&rsquo;un compl\u00e9ment tr\u00e8s sain \u00e0 notre r\u00e9gime m\u00e9diterran\u00e9en nutritif traditionnel. Les cornichons sont pass\u00e9s d&rsquo;une technique [&hellip;]<\/p>\n","protected":false},"featured_media":50825,"template":"","meta":{"_et_pb_use_builder":"","_et_pb_old_content":"","_et_gb_content_width":""},"product_brand":[1036],"product_cat":[1570,1571],"product_tag":[8146],"class_list":{"0":"post-51103","1":"product","2":"type-product","3":"status-publish","4":"has-post-thumbnail","6":"product_brand-chicon","7":"product_cat-cornichons","8":"product_cat-olives-fr","9":"product_tag-oeufs-brouilles","11":"first","12":"instock","13":"taxable","14":"shipping-taxable","15":"purchasable","16":"product-type-variable"},"_links":{"self":[{"href":"https:\/\/myspainfood.com\/fr\/wp-json\/wp\/v2\/product\/51103","targetHints":{"allow":["GET"]}}],"collection":[{"href":"https:\/\/myspainfood.com\/fr\/wp-json\/wp\/v2\/product"}],"about":[{"href":"https:\/\/myspainfood.com\/fr\/wp-json\/wp\/v2\/types\/product"}],"wp:featuredmedia":[{"embeddable":true,"href":"https:\/\/myspainfood.com\/fr\/wp-json\/wp\/v2\/media\/50825"}],"wp:attachment":[{"href":"https:\/\/myspainfood.com\/fr\/wp-json\/wp\/v2\/media?parent=51103"}],"wp:term":[{"taxonomy":"product_brand","embeddable":true,"href":"https:\/\/myspainfood.com\/fr\/wp-json\/wp\/v2\/product_brand?post=51103"},{"taxonomy":"product_cat","embeddable":true,"href":"https:\/\/myspainfood.com\/fr\/wp-json\/wp\/v2\/product_cat?post=51103"},{"taxonomy":"product_tag","embeddable":true,"href":"https:\/\/myspainfood.com\/fr\/wp-json\/wp\/v2\/product_tag?post=51103"}],"curies":[{"name":"wp","href":"https:\/\/api.w.org\/{rel}","templated":true}]}}