{"id":51346,"date":"2025-05-21T10:50:34","date_gmt":"2025-05-21T08:50:34","guid":{"rendered":"https:\/\/myspainfood.com\/producto\/le-secret-de-grand-mere\/"},"modified":"2026-01-29T13:14:05","modified_gmt":"2026-01-29T12:14:05","slug":"le-secret-de-grand-mere","status":"publish","type":"product","link":"https:\/\/myspainfood.com\/fr\/producto\/le-secret-de-grand-mere\/","title":{"rendered":"Le secret de grand-m\u00e8re"},"content":{"rendered":"<p>Les Olives Secreto de la Abuela sont une combinaison d&rsquo;olives gordal d\u00e9noyaut\u00e9es, d&rsquo;ail blanc, de c\u00e2pres et de morceaux d&rsquo;aubergine.<\/p>\n<p>L&rsquo;assaisonnement est propre \u00e0 <a href=\"https:\/\/aceitunaschiconlebron.com\/\" target=\"_blank\" rel=\"noopener noreferrer nofollow\">Chic\u00f3n<\/a>.<\/p>\n<h3><strong>Les bienfaits des olives Secreto de la Abuela<\/strong><\/h3>\n<p>Connaissez-vous les bienfaits de ce type d&rsquo;olives et des cornichons en g\u00e9n\u00e9ral ? Voici une liste des plus importants : <\/p>\n<ul>\n<li>Riche en probiotiques.<\/li>\n<li>Ils facilitent la digestion.<\/li>\n<li>Ils renforcent le syst\u00e8me immunitaire.<\/li>\n<li>Ils r\u00e9duisent les envies de sucre.<\/li>\n<li>Favorable \u00e0 la v\u00e9sicule biliaire.<\/li>\n<\/ul>\n<p>&nbsp;<\/p>\n<p>Si vous souhaitez acheter des olives ou tout autre type de <a href=\"https:\/\/latiendadesami.com\/categoria-producto\/encurtidos\/\" rel=\"noopener noreferrer nofollow\" target=\"_blank\">cornichons<\/a>, n&rsquo;h\u00e9sitez pas \u00e0 consulter notre catalogue en ligne pour voir la grande vari\u00e9t\u00e9 d&rsquo;<a href=\"https:\/\/latiendadesami.com\/categoria-producto\/encurtidos\/aceitunas\/\" target=\"_blank\" rel=\"noopener noreferrer nofollow\">olives<\/a> que nous avons.<\/p>\n","protected":false},"excerpt":{"rendered":"<p>Les Olives Secreto de la Abuela sont une combinaison d&rsquo;olives gordal d\u00e9noyaut\u00e9es, d&rsquo;ail blanc, de c\u00e2pres et de morceaux d&rsquo;aubergine. L&rsquo;assaisonnement est propre \u00e0 Chic\u00f3n. Les bienfaits des olives Secreto de la Abuela Connaissez-vous les bienfaits de ce type d&rsquo;olives et des cornichons en g\u00e9n\u00e9ral ? Voici une liste des plus importants : Riche en [&hellip;]<\/p>\n","protected":false},"featured_media":51206,"template":"","meta":{"_et_pb_use_builder":"","_et_pb_old_content":"","_et_gb_content_width":""},"product_brand":[1036],"product_cat":[1570,1571],"product_tag":[1772,10119],"class_list":{"0":"post-51346","1":"product","2":"type-product","3":"status-publish","4":"has-post-thumbnail","6":"product_brand-chicon","7":"product_cat-cornichons","8":"product_cat-olives-fr","9":"product_tag-grand-mere","10":"product_tag-secret-fr","12":"first","13":"outofstock","14":"taxable","15":"shipping-taxable","16":"product-type-variable"},"_links":{"self":[{"href":"https:\/\/myspainfood.com\/fr\/wp-json\/wp\/v2\/product\/51346","targetHints":{"allow":["GET"]}}],"collection":[{"href":"https:\/\/myspainfood.com\/fr\/wp-json\/wp\/v2\/product"}],"about":[{"href":"https:\/\/myspainfood.com\/fr\/wp-json\/wp\/v2\/types\/product"}],"wp:featuredmedia":[{"embeddable":true,"href":"https:\/\/myspainfood.com\/fr\/wp-json\/wp\/v2\/media\/51206"}],"wp:attachment":[{"href":"https:\/\/myspainfood.com\/fr\/wp-json\/wp\/v2\/media?parent=51346"}],"wp:term":[{"taxonomy":"product_brand","embeddable":true,"href":"https:\/\/myspainfood.com\/fr\/wp-json\/wp\/v2\/product_brand?post=51346"},{"taxonomy":"product_cat","embeddable":true,"href":"https:\/\/myspainfood.com\/fr\/wp-json\/wp\/v2\/product_cat?post=51346"},{"taxonomy":"product_tag","embeddable":true,"href":"https:\/\/myspainfood.com\/fr\/wp-json\/wp\/v2\/product_tag?post=51346"}],"curies":[{"name":"wp","href":"https:\/\/api.w.org\/{rel}","templated":true}]}}