{"id":52396,"date":"2025-05-23T12:58:14","date_gmt":"2025-05-23T10:58:14","guid":{"rendered":"https:\/\/myspainfood.com\/producto\/barre-de-chocolat-a-la-pistache-alyan-dubai-100-grammes\/"},"modified":"2026-01-29T13:16:49","modified_gmt":"2026-01-29T12:16:49","slug":"barre-de-chocolat-a-la-pistache-alyan-dubai-100-grammes","status":"publish","type":"product","link":"https:\/\/myspainfood.com\/fr\/producto\/barre-de-chocolat-a-la-pistache-alyan-dubai-100-grammes\/","title":{"rendered":"Alyan Dubai tablette de chocolat \u00e0 la pistache 100 grammes"},"content":{"rendered":"<p>Chocolat au lait fourr\u00e9 de pistaches et de kunafa. Ingr\u00e9dients : <\/p>\n<p>P\u00e2te de pistache 45% [sucre, pistaches (30%), huile v\u00e9g\u00e9tale (huiles de palme, de coton et de tournesol enti\u00e8rement hydrog\u00e9n\u00e9es), lait \u00e9cr\u00e9m\u00e9, \u00e9mulsifiant (l\u00e9cithine de tournesol), ar\u00f4mes (lait, vanilline)],<\/p>\n<p>Chocolat au lait 45% [sucre, beurre de cacao, lait entier en poudre, p\u00e2te de cacao, lait \u00e9cr\u00e9m\u00e9 en poudre, lactos\u00e9rum en poudre, \u00e9mulsifiant (phosphatides d&rsquo;ammonium, polyricinol\u00e9ate de polyglyc\u00e9rol, l\u00e9cithine de tournesol), ar\u00f4me (vanilline)],<\/p>\n<p>Kunafa 10% [bl\u00e9 (contient du gluten), eau], conservateurs (sorbate de potassium, propionate de calcium).<\/p>\n<p>Allerg\u00e8nes : lait, bl\u00e9 et pistaches. Peut contenir des traces d&rsquo;autres fruits \u00e0 coque, d&rsquo;arachides et d&rsquo;\u0153ufs. <\/p>\n","protected":false},"excerpt":{"rendered":"<p>Chocolat au lait fourr\u00e9 de pistaches et de kunafa. Ingr\u00e9dients : P\u00e2te de pistache 45% [sucre, pistaches (30%), huile v\u00e9g\u00e9tale (huiles de palme, de coton et de tournesol enti\u00e8rement hydrog\u00e9n\u00e9es), lait \u00e9cr\u00e9m\u00e9, \u00e9mulsifiant (l\u00e9cithine de tournesol), ar\u00f4mes (lait, vanilline)], Chocolat au lait 45% [sucre, beurre de cacao, lait entier en poudre, p\u00e2te de cacao, lait [&hellip;]<\/p>\n","protected":false},"featured_media":52366,"template":"","meta":{"_et_pb_use_builder":"","_et_pb_old_content":"","_et_gb_content_width":""},"product_brand":[],"product_cat":[1941],"product_tag":[],"class_list":{"0":"post-52396","1":"product","2":"type-product","3":"status-publish","4":"has-post-thumbnail","6":"product_cat-conserves","8":"first","9":"instock","10":"featured","11":"taxable","12":"shipping-taxable","13":"purchasable","14":"product-type-variable"},"_links":{"self":[{"href":"https:\/\/myspainfood.com\/fr\/wp-json\/wp\/v2\/product\/52396","targetHints":{"allow":["GET"]}}],"collection":[{"href":"https:\/\/myspainfood.com\/fr\/wp-json\/wp\/v2\/product"}],"about":[{"href":"https:\/\/myspainfood.com\/fr\/wp-json\/wp\/v2\/types\/product"}],"wp:featuredmedia":[{"embeddable":true,"href":"https:\/\/myspainfood.com\/fr\/wp-json\/wp\/v2\/media\/52366"}],"wp:attachment":[{"href":"https:\/\/myspainfood.com\/fr\/wp-json\/wp\/v2\/media?parent=52396"}],"wp:term":[{"taxonomy":"product_brand","embeddable":true,"href":"https:\/\/myspainfood.com\/fr\/wp-json\/wp\/v2\/product_brand?post=52396"},{"taxonomy":"product_cat","embeddable":true,"href":"https:\/\/myspainfood.com\/fr\/wp-json\/wp\/v2\/product_cat?post=52396"},{"taxonomy":"product_tag","embeddable":true,"href":"https:\/\/myspainfood.com\/fr\/wp-json\/wp\/v2\/product_tag?post=52396"}],"curies":[{"name":"wp","href":"https:\/\/api.w.org\/{rel}","templated":true}]}}