{"id":57145,"date":"2025-04-10T12:05:35","date_gmt":"2025-04-10T10:05:35","guid":{"rendered":"https:\/\/myspainfood.com\/producto\/auberginefylte-gordal-oliven-45-kg\/"},"modified":"2025-04-10T12:05:35","modified_gmt":"2025-04-10T10:05:35","slug":"auberginefylte-gordal-oliven-45-kg","status":"publish","type":"product","link":"https:\/\/myspainfood.com\/fr\/producto\/auberginefylte-gordal-oliven-45-kg\/","title":{"rendered":"Auberginefylte Gordal-oliven 4,5 kg"},"content":{"rendered":"<p>L&rsquo;huile d&rsquo;olive est un m\u00e9lange d&rsquo;huile d&rsquo;olive et d&rsquo;huile d&rsquo;olive traditionnelle <a href=\"https:\/\/www.laencajera.es\/aceitunas\" target=\"_blank\" rel=\"noopener noreferrer nofollow\">d&rsquo;Almagro<\/a>.<\/p>\n<p>Une des variantes les plus populaires. Il est id\u00e9al pour l&rsquo;ap\u00e9ritif.   <\/p>\n<p>Ingr\u00e9dient : NTES : Gordal-oliven med groper, aubergine \u00ab De Almagro \u00bb, vann, salt, vineddik, kvernet spisskummen, paprika de la Vera, oregano, smaksforsterker (E-621, E-631, E-627), syrningsmiddel (E-330), konserveringsmidler (E-260, E-211, E-202), antioksidant (E-300) og naturlige essenser (essens av pepper, essens av hvitl\u00f8k, essens av spisskummen). Vous pouvez utiliser des sulfateurs innehol\u00e9s.   <\/p>\n<p>Les produits doivent \u00eatre plac\u00e9s sur un support solide et r\u00e9sistant, entre 3\u00baC et 10\u00baC.<\/p>\n<p>La qualit\u00e9 de l&rsquo;accueil et de l&rsquo;h\u00e9bergement est excellente.<\/p>\n<p>L&rsquo;orge de Barbarie, qui contient de l&rsquo;aubergine, est consomm\u00e9 dans les 30 jours qui suivent la mise en place du produit.<\/p>\n<p>Si vous souhaitez acheter des olives ou d&rsquo;autres types de <a href=\"https:\/\/latiendadesami.com\/categoria-producto\/encurtidos\/\" rel=\"noopener noreferrer nofollow\" target=\"_blank\">produits<\/a>, vous pouvez consulter votre catalogue en ligne pour voir si le magasin a \u00e9t\u00e9 con\u00e7u en fonction des <a href=\"https:\/\/latiendadesami.com\/categoria-producto\/encurtidos\/berenjenas\/\" target=\"_blank\" rel=\"noopener noreferrer nofollow\">produits<\/a> que vous poss\u00e9dez.<\/p>\n<p>Merket er La Encajonera, en familiebedrift som ble grunnlagt i 1990, og ligger in hjertet av La Mancha, i byen ALMAGRO i provinsen Ciudad Real.<\/p>\n<p>Le processus de s\u00e9lection des produits commence au m\u00eame endroit, o\u00f9 l&rsquo;on trouve les meilleurs produits de qualit\u00e9.<\/p>\n<p>L&rsquo;usine s&rsquo;appuie sur les technologies les plus avanc\u00e9es, ainsi que sur les traditions et le savoir-faire les plus r\u00e9cents.<\/p>\n","protected":false},"excerpt":{"rendered":"<p>L&rsquo;huile d&rsquo;olive est un m\u00e9lange d&rsquo;huile d&rsquo;olive et d&rsquo;huile d&rsquo;olive traditionnelle d&rsquo;Almagro. Une des variantes les plus populaires. Il est id\u00e9al pour l&rsquo;ap\u00e9ritif. Ingr\u00e9dient : NTES : Gordal-oliven med groper, aubergine \u00ab De Almagro \u00bb, vann, salt, vineddik, kvernet spisskummen, paprika de la Vera, oregano, smaksforsterker (E-621, E-631, E-627), syrningsmiddel (E-330), konserveringsmidler (E-260, E-211, E-202), [&hellip;]<\/p>\n","protected":false},"featured_media":0,"template":"","meta":{"_et_pb_use_builder":"","_et_pb_old_content":"","_et_gb_content_width":""},"product_brand":[],"product_cat":[15],"product_tag":[],"class_list":{"0":"post-57145","1":"product","2":"type-product","3":"status-publish","5":"product_cat-uncategorized","7":"first","8":"instock","9":"taxable","10":"shipping-taxable","11":"purchasable","12":"product-type-simple"},"_links":{"self":[{"href":"https:\/\/myspainfood.com\/fr\/wp-json\/wp\/v2\/product\/57145","targetHints":{"allow":["GET"]}}],"collection":[{"href":"https:\/\/myspainfood.com\/fr\/wp-json\/wp\/v2\/product"}],"about":[{"href":"https:\/\/myspainfood.com\/fr\/wp-json\/wp\/v2\/types\/product"}],"wp:attachment":[{"href":"https:\/\/myspainfood.com\/fr\/wp-json\/wp\/v2\/media?parent=57145"}],"wp:term":[{"taxonomy":"product_brand","embeddable":true,"href":"https:\/\/myspainfood.com\/fr\/wp-json\/wp\/v2\/product_brand?post=57145"},{"taxonomy":"product_cat","embeddable":true,"href":"https:\/\/myspainfood.com\/fr\/wp-json\/wp\/v2\/product_cat?post=57145"},{"taxonomy":"product_tag","embeddable":true,"href":"https:\/\/myspainfood.com\/fr\/wp-json\/wp\/v2\/product_tag?post=57145"}],"curies":[{"name":"wp","href":"https:\/\/api.w.org\/{rel}","templated":true}]}}