{"id":62496,"date":"2025-10-10T12:25:50","date_gmt":"2025-10-10T10:25:50","guid":{"rendered":"https:\/\/myspainfood.com\/producto\/gildas-de-cecina-bokeo-45-unites\/"},"modified":"2025-10-10T12:25:50","modified_gmt":"2025-10-10T10:25:50","slug":"gildas-de-cecina-bokeo-45-unites","status":"publish","type":"product","link":"https:\/\/myspainfood.com\/fr\/producto\/gildas-de-cecina-bokeo-45-unites\/","title":{"rendered":"Gildas de Cecina Bokeo 45 unit\u00e9s"},"content":{"rendered":"<p>Huile (85 % de tournesol, 15 % d&rsquo;olive) et viande s\u00e9ch\u00e9e de b\u0153uf.<\/p>\n","protected":false},"excerpt":{"rendered":"<p>Huile (85 % de tournesol, 15 % d&rsquo;olive) et viande s\u00e9ch\u00e9e de b\u0153uf.<\/p>\n","protected":false},"featured_media":60050,"template":"","meta":{"_et_pb_use_builder":"","_et_pb_old_content":"","_et_gb_content_width":""},"product_brand":[1277],"product_cat":[2071,1570,1864,11064,1866,2296],"product_tag":[],"class_list":{"0":"post-62496","1":"product","2":"type-product","3":"status-publish","4":"has-post-thumbnail","6":"product_brand-bokeo","7":"product_cat-banderilles","8":"product_cat-cornichons","9":"product_cat-froid","10":"product_cat-nouveau","11":"product_cat-pintxos-fr","12":"product_cat-saucisse","13":"product_shipping_class-expedition-a-froid","15":"first","16":"outofstock","17":"taxable","18":"shipping-taxable","19":"product-type-variable"},"_links":{"self":[{"href":"https:\/\/myspainfood.com\/fr\/wp-json\/wp\/v2\/product\/62496","targetHints":{"allow":["GET"]}}],"collection":[{"href":"https:\/\/myspainfood.com\/fr\/wp-json\/wp\/v2\/product"}],"about":[{"href":"https:\/\/myspainfood.com\/fr\/wp-json\/wp\/v2\/types\/product"}],"wp:featuredmedia":[{"embeddable":true,"href":"https:\/\/myspainfood.com\/fr\/wp-json\/wp\/v2\/media\/60050"}],"wp:attachment":[{"href":"https:\/\/myspainfood.com\/fr\/wp-json\/wp\/v2\/media?parent=62496"}],"wp:term":[{"taxonomy":"product_brand","embeddable":true,"href":"https:\/\/myspainfood.com\/fr\/wp-json\/wp\/v2\/product_brand?post=62496"},{"taxonomy":"product_cat","embeddable":true,"href":"https:\/\/myspainfood.com\/fr\/wp-json\/wp\/v2\/product_cat?post=62496"},{"taxonomy":"product_tag","embeddable":true,"href":"https:\/\/myspainfood.com\/fr\/wp-json\/wp\/v2\/product_tag?post=62496"}],"curies":[{"name":"wp","href":"https:\/\/api.w.org\/{rel}","templated":true}]}}