{"id":62769,"date":"2025-10-10T12:25:50","date_gmt":"2025-10-10T10:25:50","guid":{"rendered":"https:\/\/myspainfood.com\/producto\/mini-pajaritos-aux-anchois-epices-de-cantabrie-bokeo-100-unites\/"},"modified":"2026-04-24T07:34:36","modified_gmt":"2026-04-24T05:34:36","slug":"mini-pajaritos-aux-anchois-epices-de-cantabrie-bokeo-100-unites","status":"publish","type":"product","link":"https:\/\/myspainfood.com\/fr\/producto\/mini-pajaritos-aux-anchois-epices-de-cantabrie-bokeo-100-unites\/","title":{"rendered":"Mini pajaritos aux anchois \u00e9pic\u00e9s de Cantabrie Bokeo 100 unit\u00e9s"},"content":{"rendered":"","protected":false},"excerpt":{"rendered":"","protected":false},"featured_media":59953,"template":"","meta":{"_et_pb_use_builder":"","_et_pb_old_content":"","_et_gb_content_width":""},"product_brand":[],"product_cat":[1865,2071,1570,1864,11064,1866],"product_tag":[],"class_list":{"0":"post-62769","1":"product","2":"type-product","3":"status-publish","4":"has-post-thumbnail","6":"product_cat-anchois","7":"product_cat-banderilles","8":"product_cat-cornichons","9":"product_cat-froid","10":"product_cat-nouveau","11":"product_cat-pintxos-fr","12":"product_shipping_class-expedition-a-froid","14":"first","15":"outofstock","16":"taxable","17":"shipping-taxable","18":"product-type-variable"},"_links":{"self":[{"href":"https:\/\/myspainfood.com\/fr\/wp-json\/wp\/v2\/product\/62769","targetHints":{"allow":["GET"]}}],"collection":[{"href":"https:\/\/myspainfood.com\/fr\/wp-json\/wp\/v2\/product"}],"about":[{"href":"https:\/\/myspainfood.com\/fr\/wp-json\/wp\/v2\/types\/product"}],"wp:featuredmedia":[{"embeddable":true,"href":"https:\/\/myspainfood.com\/fr\/wp-json\/wp\/v2\/media\/59953"}],"wp:attachment":[{"href":"https:\/\/myspainfood.com\/fr\/wp-json\/wp\/v2\/media?parent=62769"}],"wp:term":[{"taxonomy":"product_brand","embeddable":true,"href":"https:\/\/myspainfood.com\/fr\/wp-json\/wp\/v2\/product_brand?post=62769"},{"taxonomy":"product_cat","embeddable":true,"href":"https:\/\/myspainfood.com\/fr\/wp-json\/wp\/v2\/product_cat?post=62769"},{"taxonomy":"product_tag","embeddable":true,"href":"https:\/\/myspainfood.com\/fr\/wp-json\/wp\/v2\/product_tag?post=62769"}],"curies":[{"name":"wp","href":"https:\/\/api.w.org\/{rel}","templated":true}]}}