{"id":62870,"date":"2025-10-10T12:25:50","date_gmt":"2025-10-10T10:25:50","guid":{"rendered":"https:\/\/myspainfood.com\/producto\/sardinillas-a-lhuile-dolive-biologique-20-25-pieces-rias-baixas-115-gr\/"},"modified":"2025-10-10T12:25:50","modified_gmt":"2025-10-10T10:25:50","slug":"sardinillas-a-lhuile-dolive-biologique-20-25-pieces-rias-baixas-115-gr","status":"publish","type":"product","link":"https:\/\/myspainfood.com\/fr\/producto\/sardinillas-a-lhuile-dolive-biologique-20-25-pieces-rias-baixas-115-gr\/","title":{"rendered":"Sardinillas \u00e0 l&rsquo;huile d&rsquo;olive biologique 20\/25 pi\u00e8ces Rias Baixas 115 gr"},"content":{"rendered":"<p>Nos conserves de sardines sont d\u00e9licieuses, avec leur odeur, leur go\u00fbt intense, leur aspect argent\u00e9 et leur positionnement et pr\u00e9sentation parfaits dans la bo\u00eete. Le point de d\u00e9part est toujours la s\u00e9lection des meilleures, des plus fra\u00eeches et des plus petites sardines du march\u00e9 aux poissons (vous trouverez entre 12 et 16 sardines dans chaque bo\u00eete). <\/p>\n<p>Dans notre usine de Moa\u00f1a (Pontevedra), les mains expertes de notre personnel de production enl\u00e8vent la t\u00eate et \u00e9visc\u00e8rent chaque poisson un par un. Ils sont ensuite grill\u00e9s \u00e0 la vapeur et emball\u00e9s avec soin et pr\u00e9cision afin d&rsquo;obtenir l&rsquo;aspect le plus attrayant possible lorsque vous ouvrirez votre bo\u00eete. La cerise sur le g\u00e2teau est l&rsquo;ajout d&rsquo;<strong>huile d&rsquo;olive extra vierge biologique*.<\/strong> Le r\u00e9sultat est spectaculaire et vous pouvez d\u00e9sormais le constater par vous-m\u00eame.  <\/p>\n<p>N&rsquo;oubliez pas que le temps de maturation, qui peut durer de quelques mois \u00e0 plusieurs ann\u00e9es, est crucial, car la saveur des sardines s&rsquo;am\u00e9liore au fur et \u00e0 mesure que l&rsquo;huile p\u00e9n\u00e8tre dans le poisson. Le fait de retourner r\u00e9guli\u00e8rement les bo\u00eetes permet d&rsquo;obtenir une saveur exquise et uniforme qui satisfera les palais les plus exigeants. <\/p>\n<p>Ces derni\u00e8res ann\u00e9es, les sardines en conserve ont acquis une grande notori\u00e9t\u00e9 en tant qu&rsquo;aliment \u00e0 haute valeur nutritionnelle. On peut dire que, sur le plan nutritionnel, les sardines remportent la m\u00e9daille d&rsquo;or. Elles contiennent une forte concentration de vitamine B12, ainsi que des vitamines A, D, K et E. Elles sont \u00e9galement une source importante de prot\u00e9ines, de sodium et de phosphore. Elles sont \u00e9galement une source importante de prot\u00e9ines, de sodium, de phosphore, d&rsquo;iode et de calcium. Et riches en om\u00e9ga 3 et en acide ol\u00e9ique, que demander de plus ?    <\/p>\n","protected":false},"excerpt":{"rendered":"<p>Nos conserves de sardines sont d\u00e9licieuses, avec leur odeur, leur go\u00fbt intense, leur aspect argent\u00e9 et leur positionnement et pr\u00e9sentation parfaits dans la bo\u00eete. Le point de d\u00e9part est toujours la s\u00e9lection des meilleures, des plus fra\u00eeches et des plus petites sardines du march\u00e9 aux poissons (vous trouverez entre 12 et 16 sardines dans chaque [&hellip;]<\/p>\n","protected":false},"featured_media":59416,"template":"","meta":{"_et_pb_use_builder":"","_et_pb_old_content":"","_et_gb_content_width":""},"product_brand":[11014],"product_cat":[1941,11064,3776],"product_tag":[],"class_list":{"0":"post-62870","1":"product","2":"type-product","3":"status-publish","4":"has-post-thumbnail","6":"product_brand-rias-baixas","7":"product_cat-conserves","8":"product_cat-nouveau","9":"product_cat-sardinillas-fr","11":"first","12":"instock","13":"featured","14":"taxable","15":"shipping-taxable","16":"purchasable","17":"product-type-variable"},"_links":{"self":[{"href":"https:\/\/myspainfood.com\/fr\/wp-json\/wp\/v2\/product\/62870","targetHints":{"allow":["GET"]}}],"collection":[{"href":"https:\/\/myspainfood.com\/fr\/wp-json\/wp\/v2\/product"}],"about":[{"href":"https:\/\/myspainfood.com\/fr\/wp-json\/wp\/v2\/types\/product"}],"wp:featuredmedia":[{"embeddable":true,"href":"https:\/\/myspainfood.com\/fr\/wp-json\/wp\/v2\/media\/59416"}],"wp:attachment":[{"href":"https:\/\/myspainfood.com\/fr\/wp-json\/wp\/v2\/media?parent=62870"}],"wp:term":[{"taxonomy":"product_brand","embeddable":true,"href":"https:\/\/myspainfood.com\/fr\/wp-json\/wp\/v2\/product_brand?post=62870"},{"taxonomy":"product_cat","embeddable":true,"href":"https:\/\/myspainfood.com\/fr\/wp-json\/wp\/v2\/product_cat?post=62870"},{"taxonomy":"product_tag","embeddable":true,"href":"https:\/\/myspainfood.com\/fr\/wp-json\/wp\/v2\/product_tag?post=62870"}],"curies":[{"name":"wp","href":"https:\/\/api.w.org\/{rel}","templated":true}]}}