{"id":62918,"date":"2025-10-10T12:25:49","date_gmt":"2025-10-10T10:25:49","guid":{"rendered":"https:\/\/myspainfood.com\/producto\/moules-au-vinaigre-6-8-pieces-huile-dolive-biologique-rias-baixas-115-g\/"},"modified":"2025-10-10T12:25:49","modified_gmt":"2025-10-10T10:25:49","slug":"moules-au-vinaigre-6-8-pieces-huile-dolive-biologique-rias-baixas-115-g","status":"publish","type":"product","link":"https:\/\/myspainfood.com\/fr\/producto\/moules-au-vinaigre-6-8-pieces-huile-dolive-biologique-rias-baixas-115-g\/","title":{"rendered":"Moules au vinaigre 6\/8 pi\u00e8ces Huile d&rsquo;olive biologique Rias Baixas 115 g"},"content":{"rendered":"<p>La moule de Galice (mytilus galloprovincialis) est d\u00e9j\u00e0 devenue l&rsquo;esp\u00e8ce cultiv\u00e9e la plus importante du XXIe si\u00e8cle en Espagne. Il faut croire que les moules de nos c\u00f4tes ont quelque chose \u00e0 voir avec le fait qu&rsquo;elles \u00e9taient d\u00e9j\u00e0 consomm\u00e9es par les habitants des Castros au IVe si\u00e8cle avant J.-C. et qu&rsquo;aujourd&rsquo;hui, plus de 3 000 parcs \u00e0 moules sont n\u00e9cessaires pour r\u00e9pondre \u00e0 la demande croissante du march\u00e9. <\/p>\n<p>CONSERVAS R\u00cdAS BAIXAS 1907 s\u00e9lectionne les moules dans les parcs les mieux situ\u00e9s et attend patiemment le bon moment pour les extraire, lorsque le mollusque est \u00e0 son meilleur stade de maturit\u00e9. Nous pr\u00e9f\u00e9rons rompre les stocks plut\u00f4t que de vous offrir une moule fray\u00e9e de mauvaise qualit\u00e9. <\/p>\n<p>Les moules, apr\u00e8s avoir \u00e9t\u00e9 lav\u00e9es et purifi\u00e9es, sont cuites \u00e0 la vapeur et les barbes sont d\u00e9licatement enlev\u00e9es afin de ne pas endommager les moules. Ensuite, nous les faisons frire dans une bonne huile et, apr\u00e8s avoir s\u00e9lectionn\u00e9 les bonnes tailles, nous les emballons \u00e0 la main, une par une, de sorte que lorsque vous ouvrirez la bo\u00eete, vous d\u00e9couvrirez une belle vue de l&rsquo;un de nos produits phares. <\/p>\n<p>L&rsquo;autre secret qui fait de nos moules l&rsquo;une des plus appr\u00e9ci\u00e9es du march\u00e9 est notre escab\u00e8che, fabriqu\u00e9e \u00e0 la main selon une recette h\u00e9rit\u00e9e de plusieurs g\u00e9n\u00e9rations. Nous utilisons du paprika et du vinaigre de vin rouge de la meilleure qualit\u00e9, de l&rsquo;huile d&rsquo;olive extra vierge biologique* et nous l&rsquo;agr\u00e9mentons de feuilles de laurier naturelles. <\/p>\n<p>Et comme vous le savez sans doute d\u00e9j\u00e0, la moule de Galice est une source de prot\u00e9ines d&rsquo;excellente qualit\u00e9, avec des valeurs nutritionnelles similaires \u00e0 celles du homard ou du merlu. Mais en plus d&rsquo;\u00eatre riche en prot\u00e9ines, elle est peu calorique et riche en vitamines A, B, C, E et K, ainsi qu&rsquo;en min\u00e9raux : calcium, cuivre, phosphore, fer, magn\u00e9sium, mangan\u00e8se, potassium, s\u00e9l\u00e9nium, sodium, iode et zinc. <\/p>\n","protected":false},"excerpt":{"rendered":"<p>La moule de Galice (mytilus galloprovincialis) est d\u00e9j\u00e0 devenue l&rsquo;esp\u00e8ce cultiv\u00e9e la plus importante du XXIe si\u00e8cle en Espagne. Il faut croire que les moules de nos c\u00f4tes ont quelque chose \u00e0 voir avec le fait qu&rsquo;elles \u00e9taient d\u00e9j\u00e0 consomm\u00e9es par les habitants des Castros au IVe si\u00e8cle avant J.-C. et qu&rsquo;aujourd&rsquo;hui, plus de 3 [&hellip;]<\/p>\n","protected":false},"featured_media":59367,"template":"","meta":{"_et_pb_use_builder":"","_et_pb_old_content":"","_et_gb_content_width":""},"product_brand":[11014],"product_cat":[1941,4068,11064],"product_tag":[],"class_list":{"0":"post-62918","1":"product","2":"type-product","3":"status-publish","4":"has-post-thumbnail","6":"product_brand-rias-baixas","7":"product_cat-conserves","8":"product_cat-moules-fr","9":"product_cat-nouveau","11":"first","12":"instock","13":"taxable","14":"shipping-taxable","15":"purchasable","16":"product-type-variable"},"_links":{"self":[{"href":"https:\/\/myspainfood.com\/fr\/wp-json\/wp\/v2\/product\/62918","targetHints":{"allow":["GET"]}}],"collection":[{"href":"https:\/\/myspainfood.com\/fr\/wp-json\/wp\/v2\/product"}],"about":[{"href":"https:\/\/myspainfood.com\/fr\/wp-json\/wp\/v2\/types\/product"}],"wp:featuredmedia":[{"embeddable":true,"href":"https:\/\/myspainfood.com\/fr\/wp-json\/wp\/v2\/media\/59367"}],"wp:attachment":[{"href":"https:\/\/myspainfood.com\/fr\/wp-json\/wp\/v2\/media?parent=62918"}],"wp:term":[{"taxonomy":"product_brand","embeddable":true,"href":"https:\/\/myspainfood.com\/fr\/wp-json\/wp\/v2\/product_brand?post=62918"},{"taxonomy":"product_cat","embeddable":true,"href":"https:\/\/myspainfood.com\/fr\/wp-json\/wp\/v2\/product_cat?post=62918"},{"taxonomy":"product_tag","embeddable":true,"href":"https:\/\/myspainfood.com\/fr\/wp-json\/wp\/v2\/product_tag?post=62918"}],"curies":[{"name":"wp","href":"https:\/\/api.w.org\/{rel}","templated":true}]}}