{"id":62996,"date":"2025-10-10T12:25:49","date_gmt":"2025-10-10T10:25:49","guid":{"rendered":"https:\/\/myspainfood.com\/producto\/palourdes-du-finisterre-dans-lhuile-dolive-biologique-de-rias-baixas-115-g\/"},"modified":"2025-10-10T12:25:49","modified_gmt":"2025-10-10T10:25:49","slug":"palourdes-du-finisterre-dans-lhuile-dolive-biologique-de-rias-baixas-115-g","status":"publish","type":"product","link":"https:\/\/myspainfood.com\/fr\/producto\/palourdes-du-finisterre-dans-lhuile-dolive-biologique-de-rias-baixas-115-g\/","title":{"rendered":"Palourdes du Finisterre dans l&rsquo;huile d&rsquo;olive biologique de Rias Baixas 115 g"},"content":{"rendered":"<p>Les couteaux sont extraits dans de nombreux endroits de nos belles R\u00edas, mais il y en a un o\u00f9 les couteaux et les longirones atteignent la plus haute qualit\u00e9 : Finisterre (Fisterra). Et comme il ne peut en \u00eatre autrement, chez CONSERVAS R\u00cdAS BAIXAS 1907, nous n&rsquo;achetons que des couteaux provenant de ces plages paradisiaques et uniquement ceux qui sont p\u00each\u00e9s un par un par des plongeurs libres afin de garantir la pr\u00e9servation de l&rsquo;environnement naturel, de sorte que les g\u00e9n\u00e9rations futures puissent elles aussi profiter de ce d\u00e9lice. <\/p>\n<p>Le rasoir frais est purifi\u00e9 dans de l&rsquo;eau sal\u00e9e pour expulser le sable restant, puis soigneusement emball\u00e9 dans nos installations de Moa\u00f1a.<\/p>\n<p>Et bien que les couteaux du Finist\u00e8re soient un d\u00e9lice en soi, nous avons choisi de les pr\u00e9senter dans de l&rsquo;huile d&rsquo;olive extra vierge biologique*. Le r\u00e9sultat est spectaculaire et nous vous invitons \u00e0 le go\u00fbter. <\/p>\n<p>De plus, les couteaux sont tr\u00e8s pauvres en calories et en lipides. En revanche, les couteaux sont riches en acides gras polyinsatur\u00e9s OMEGA 3, c&rsquo;est pourquoi leur consommation est fortement recommand\u00e9e. <\/p>\n","protected":false},"excerpt":{"rendered":"<p>Les couteaux sont extraits dans de nombreux endroits de nos belles R\u00edas, mais il y en a un o\u00f9 les couteaux et les longirones atteignent la plus haute qualit\u00e9 : Finisterre (Fisterra). Et comme il ne peut en \u00eatre autrement, chez CONSERVAS R\u00cdAS BAIXAS 1907, nous n&rsquo;achetons que des couteaux provenant de ces plages paradisiaques [&hellip;]<\/p>\n","protected":false},"featured_media":59294,"template":"","meta":{"_et_pb_use_builder":"","_et_pb_old_content":"","_et_gb_content_width":""},"product_brand":[11014],"product_cat":[1941,11064,7611],"product_tag":[],"class_list":{"0":"post-62996","1":"product","2":"type-product","3":"status-publish","4":"has-post-thumbnail","6":"product_brand-rias-baixas","7":"product_cat-conserves","8":"product_cat-nouveau","9":"product_cat-rasoirs","11":"first","12":"instock","13":"taxable","14":"shipping-taxable","15":"purchasable","16":"product-type-variable"},"_links":{"self":[{"href":"https:\/\/myspainfood.com\/fr\/wp-json\/wp\/v2\/product\/62996","targetHints":{"allow":["GET"]}}],"collection":[{"href":"https:\/\/myspainfood.com\/fr\/wp-json\/wp\/v2\/product"}],"about":[{"href":"https:\/\/myspainfood.com\/fr\/wp-json\/wp\/v2\/types\/product"}],"wp:featuredmedia":[{"embeddable":true,"href":"https:\/\/myspainfood.com\/fr\/wp-json\/wp\/v2\/media\/59294"}],"wp:attachment":[{"href":"https:\/\/myspainfood.com\/fr\/wp-json\/wp\/v2\/media?parent=62996"}],"wp:term":[{"taxonomy":"product_brand","embeddable":true,"href":"https:\/\/myspainfood.com\/fr\/wp-json\/wp\/v2\/product_brand?post=62996"},{"taxonomy":"product_cat","embeddable":true,"href":"https:\/\/myspainfood.com\/fr\/wp-json\/wp\/v2\/product_cat?post=62996"},{"taxonomy":"product_tag","embeddable":true,"href":"https:\/\/myspainfood.com\/fr\/wp-json\/wp\/v2\/product_tag?post=62996"}],"curies":[{"name":"wp","href":"https:\/\/api.w.org\/{rel}","templated":true}]}}