{"id":63122,"date":"2025-10-10T12:25:49","date_gmt":"2025-10-10T10:25:49","guid":{"rendered":"https:\/\/myspainfood.com\/producto\/petites-anguilles-a-lhuile-dolive-biologique-rias-baixas-110-g\/"},"modified":"2026-01-29T11:17:42","modified_gmt":"2026-01-29T10:17:42","slug":"petites-anguilles-a-lhuile-dolive-biologique-rias-baixas-110-g","status":"publish","type":"product","link":"https:\/\/myspainfood.com\/fr\/producto\/petites-anguilles-a-lhuile-dolive-biologique-rias-baixas-110-g\/","title":{"rendered":"Petites anguilles \u00e0 l&rsquo;huile d&rsquo;olive biologique Rias Baixas 110 g"},"content":{"rendered":"<p>Comme vous le savez sans doute, la civelle est l&rsquo;alevin de l&rsquo;anguille. Leur aventure commence dans la mer des Sargasses, au milieu des Cara\u00efbes, o\u00f9 les anguilles frayent et font \u00e9clore leurs \u0153ufs qui, pendant les trois ann\u00e9es suivantes, se d\u00e9placeront le long du Gulf Stream jusqu&rsquo;\u00e0 atteindre les rivi\u00e8res europ\u00e9ennes. Les civelles se rassemblent en masse \u00e0 l&#8217;embouchure des rivi\u00e8res et remontent le courant jusqu&rsquo;\u00e0 ce qu&rsquo;elles deviennent adultes. Et le plus curieux, c&rsquo;est que chaque civelle arrive dans la m\u00eame rivi\u00e8re que celle o\u00f9 ses parents ont \u00e9merg\u00e9. Lorsqu&rsquo;elle est captur\u00e9e, chaque civelle p\u00e8se g\u00e9n\u00e9ralement 1 g et mesure un peu moins de 8 cm.     <\/p>\n<p>Il va sans dire qu&rsquo;un poisson aussi fragile et pr\u00e9cieux est trait\u00e9 avec le plus grand soin et la plus grande d\u00e9licatesse lors de son transport jusqu&rsquo;\u00e0 l&rsquo;usine, de sa cuisson et de sa mise en conserve. Nous vous le pr\u00e9sentons selon la recette traditionnelle de ce d\u00e9lice, avec une g\u00e9n\u00e9reuse touche \u00e9pic\u00e9e apport\u00e9e par un piment naturel et baign\u00e9 dans de l&rsquo;huile d&rsquo;olive extra vierge biologique*. <\/p>\n<p>Outre sa saveur qui, pour de nombreux experts, est imbattable, la civelle est un produit \u00e0 tr\u00e8s haute valeur nutritionnelle. En effet, c&rsquo;est le poisson gras le plus gras que l&rsquo;on connaisse et il contient une grande quantit\u00e9 de prot\u00e9ines (16,3 g pour 100 g). Il apporte \u00e9galement des quantit\u00e9s int\u00e9ressantes de certains min\u00e9raux comme le phosphore et le potassium, favorisant notre sant\u00e9 r\u00e9nale et notre syst\u00e8me nerveux. Mais la caract\u00e9ristique la plus notable est sa proportion tr\u00e8s \u00e9lev\u00e9e de vitamine A, qui a parmi ses vertus celle de favoriser notre sant\u00e9 oculaire et visuelle.   <\/p>\n","protected":false},"excerpt":{"rendered":"<p>Comme vous le savez sans doute, la civelle est l&rsquo;alevin de l&rsquo;anguille. Leur aventure commence dans la mer des Sargasses, au milieu des Cara\u00efbes, o\u00f9 les anguilles frayent et font \u00e9clore leurs \u0153ufs qui, pendant les trois ann\u00e9es suivantes, se d\u00e9placeront le long du Gulf Stream jusqu&rsquo;\u00e0 atteindre les rivi\u00e8res europ\u00e9ennes. Les civelles se rassemblent [&hellip;]<\/p>\n","protected":false},"featured_media":59148,"template":"","meta":{"_et_pb_use_builder":"","_et_pb_old_content":"","_et_gb_content_width":""},"product_brand":[11014],"product_cat":[1941,11064],"product_tag":[],"class_list":{"0":"post-63122","1":"product","2":"type-product","3":"status-publish","4":"has-post-thumbnail","6":"product_brand-rias-baixas","7":"product_cat-conserves","8":"product_cat-nouveau","10":"first","11":"instock","12":"taxable","13":"shipping-taxable","14":"purchasable","15":"product-type-variable"},"_links":{"self":[{"href":"https:\/\/myspainfood.com\/fr\/wp-json\/wp\/v2\/product\/63122","targetHints":{"allow":["GET"]}}],"collection":[{"href":"https:\/\/myspainfood.com\/fr\/wp-json\/wp\/v2\/product"}],"about":[{"href":"https:\/\/myspainfood.com\/fr\/wp-json\/wp\/v2\/types\/product"}],"wp:featuredmedia":[{"embeddable":true,"href":"https:\/\/myspainfood.com\/fr\/wp-json\/wp\/v2\/media\/59148"}],"wp:attachment":[{"href":"https:\/\/myspainfood.com\/fr\/wp-json\/wp\/v2\/media?parent=63122"}],"wp:term":[{"taxonomy":"product_brand","embeddable":true,"href":"https:\/\/myspainfood.com\/fr\/wp-json\/wp\/v2\/product_brand?post=63122"},{"taxonomy":"product_cat","embeddable":true,"href":"https:\/\/myspainfood.com\/fr\/wp-json\/wp\/v2\/product_cat?post=63122"},{"taxonomy":"product_tag","embeddable":true,"href":"https:\/\/myspainfood.com\/fr\/wp-json\/wp\/v2\/product_tag?post=63122"}],"curies":[{"name":"wp","href":"https:\/\/api.w.org\/{rel}","templated":true}]}}