{"id":63233,"date":"2025-10-10T12:25:49","date_gmt":"2025-10-10T10:25:49","guid":{"rendered":"https:\/\/myspainfood.com\/producto\/thon-a-lhuile-de-tournesol-arlequin-750-g\/"},"modified":"2025-10-10T12:25:49","modified_gmt":"2025-10-10T10:25:49","slug":"thon-a-lhuile-de-tournesol-arlequin-750-g","status":"publish","type":"product","link":"https:\/\/myspainfood.com\/fr\/producto\/thon-a-lhuile-de-tournesol-arlequin-750-g\/","title":{"rendered":"Thon \u00e0 l&rsquo;huile de tournesol Arlequ\u00edn 750 g"},"content":{"rendered":"<p>Le thon au tournesol <a href=\"https:\/\/conservasarlequin.com\/arlequin\/\" target=\"_blank\" rel=\"noopener noreferrer nofollow\">Arlequ\u00edn<\/a> 750g est un produit en conserve fabriqu\u00e9 de mani\u00e8re traditionnelle.<\/p>\n<p><strong>Poids net\/ Escu :<\/strong> 750g \/ 650g<\/p>\n<p><strong>Dur\u00e9e de conservation :<\/strong> 5 ans<\/p>\n<p><strong>Conservation :<\/strong> Environnement<\/p>\n<p>Conservas Arlequ\u00edn a pour mission d&rsquo;offrir un excellent produit, le meilleur service et une vaste gamme de conserves de poisson au meilleur prix. Conservas <a href=\"https:\/\/latiendadesami.com\/marca\/arlequin\/\" target=\"_blank\" rel=\"noopener noreferrer nofollow\">Arlequ\u00edn<\/a> a pour mission d&rsquo;offrir un excellent produit, le meilleur service et une vaste gamme de conserves de poisson au meilleur prix.<\/p>\n<p>Ils sont \u00e9galement sp\u00e9cialis\u00e9s dans les anchois, les anchois, les anchois, la bonite, le thon \u00e0 nageoires jaunes, le thon \u00e0 nageoires jaunes, le thon b\u00fbche 900gr, les moules, les maquereaux et les sardines.<\/p>\n<p>Par exemple, le Comidista du journal El Pa\u00eds a dit de la ventresca : \u00ab\u00a0Elle est si tendre, presque cr\u00e9meuse, qu&rsquo;elle donne envie de l&rsquo;\u00e9pouser et de vivre heureux jusqu&rsquo;\u00e0 ce que le Seigneur vous prenne\u00a0\u00bb.<\/p>\n<h4>Principaux avantages des aliments en conserve<\/h4>\n<ol>\n<li>Ils pr\u00e9servent toutes les propri\u00e9t\u00e9s nutritionnelles de l&rsquo;aliment lui-m\u00eame. Les aliments conservent leur fra\u00eecheur. <\/li>\n<li>Les aliments utilis\u00e9s sont sains et conviennent donc \u00e0 un r\u00e9gime optimal en raison de leur teneur \u00e9lev\u00e9e en vitamines et en prot\u00e9ines.<\/li>\n<li>Ces produits ont une dur\u00e9e de vie plus longue (2 \u00e0 5 ans en g\u00e9n\u00e9ral).<\/li>\n<li>Les conserves sont tr\u00e8s faciles \u00e0 conserver car leur emballage est facile \u00e0 appliquer.<\/li>\n<\/ol>\n<p>Si vous souhaitez acheter du thon ou tout autre type d&rsquo;<a href=\"https:\/\/latiendadesami.com\/categoria-producto\/conservas\/\" rel=\"noopener noreferrer nofollow\" target=\"_blank\">aliment en conserve<\/a>, n&rsquo;h\u00e9sitez pas \u00e0 consulter notre catalogue en ligne pour voir la grande vari\u00e9t\u00e9 de <a href=\"https:\/\/latiendadesami.com\/categoria-producto\/conservas\/atun-y-bonito\/\" target=\"_blank\" rel=\"noopener noreferrer nofollow\">thon<\/a> que nous avons.<\/p>\n<p>\u00c9crivez-nous pour plus d&rsquo;informations.<\/p>\n","protected":false},"excerpt":{"rendered":"<p>Le thon au tournesol Arlequ\u00edn 750g est un produit en conserve fabriqu\u00e9 de mani\u00e8re traditionnelle. Poids net\/ Escu : 750g \/ 650g Dur\u00e9e de conservation : 5 ans Conservation : Environnement Conservas Arlequ\u00edn a pour mission d&rsquo;offrir un excellent produit, le meilleur service et une vaste gamme de conserves de poisson au meilleur prix. Conservas [&hellip;]<\/p>\n","protected":false},"featured_media":59049,"template":"","meta":{"_et_pb_use_builder":"","_et_pb_old_content":"","_et_gb_content_width":""},"product_brand":[1162],"product_cat":[1941,11064,4266],"product_tag":[],"class_list":{"0":"post-63233","1":"product","2":"type-product","3":"status-publish","4":"has-post-thumbnail","6":"product_brand-arlequin","7":"product_cat-conserves","8":"product_cat-nouveau","9":"product_cat-thon-et-bonite","11":"first","12":"instock","13":"taxable","14":"shipping-taxable","15":"product-type-variable"},"_links":{"self":[{"href":"https:\/\/myspainfood.com\/fr\/wp-json\/wp\/v2\/product\/63233","targetHints":{"allow":["GET"]}}],"collection":[{"href":"https:\/\/myspainfood.com\/fr\/wp-json\/wp\/v2\/product"}],"about":[{"href":"https:\/\/myspainfood.com\/fr\/wp-json\/wp\/v2\/types\/product"}],"wp:featuredmedia":[{"embeddable":true,"href":"https:\/\/myspainfood.com\/fr\/wp-json\/wp\/v2\/media\/59049"}],"wp:attachment":[{"href":"https:\/\/myspainfood.com\/fr\/wp-json\/wp\/v2\/media?parent=63233"}],"wp:term":[{"taxonomy":"product_brand","embeddable":true,"href":"https:\/\/myspainfood.com\/fr\/wp-json\/wp\/v2\/product_brand?post=63233"},{"taxonomy":"product_cat","embeddable":true,"href":"https:\/\/myspainfood.com\/fr\/wp-json\/wp\/v2\/product_cat?post=63233"},{"taxonomy":"product_tag","embeddable":true,"href":"https:\/\/myspainfood.com\/fr\/wp-json\/wp\/v2\/product_tag?post=63233"}],"curies":[{"name":"wp","href":"https:\/\/api.w.org\/{rel}","templated":true}]}}