{"id":18525,"date":"2025-04-08T08:43:07","date_gmt":"2025-04-08T06:43:07","guid":{"rendered":"https:\/\/myspainfood.com\/pravila-o-privatnosti\/"},"modified":"2025-05-08T09:59:26","modified_gmt":"2025-05-08T07:59:26","slug":"pravila-o-privatnosti","status":"publish","type":"page","link":"https:\/\/myspainfood.com\/hr\/pravila-o-privatnosti\/","title":{"rendered":"Pravila o privatnosti"},"content":{"rendered":"\n<p>Dobrodo\u0161li na https:\/\/myspainfood.com (\u201eStranica\u201c). Razumijemo da je online privatnost va\u017ena korisnicima na\u0161e stranice, posebno prilikom obavljanja poslovnih transakcija. Ova izjava ure\u0111uje na\u0161a pravila o privatnosti u odnosu na korisnike Stranice (\u201ePosjetitelji\u201c) koji posje\u0107uju Stranicu bez obavljanja poslovnih transakcija i Posjetitelje koji se registriraju za obavljanje poslovnih transakcija na Stranici i koriste razli\u010dite usluge koje nudi SUMINISTROS HOSTELEROS, SL (zajedni\u010dki nazvani \u201eUsluge\u201c) (\u201eOvla\u0161teni korisnici\u201c).  <\/p>\n\n<p><strong>&#8220;Osobni podaci&#8221;<\/strong><\/p>\n\n<p>odnosi se na bilo koju informaciju koja identificira ili se mo\u017ee koristiti za identifikaciju, kontaktiranje ili lociranje osobe na koju se takva informacija odnosi, uklju\u010duju\u0107i, ali ne ograni\u010davaju\u0107i se na, ime, adresu, broj telefona, broj faksa, adresu e-po\u0161te, financijske profile, broj socijalnog osiguranja i podatke o kreditnoj kartici. Osobni podaci ne uklju\u010duju podatke koji se prikupljaju anonimno (tj. bez identifikacije pojedinog korisnika) ili demografske podatke koji nisu povezani s identificiranom osobom. <\/p>\n\n<p><strong>Koji se osobni podaci prikupljaju?<\/strong><\/p>\n\n<p>Mo\u017eemo prikupljati osnovne podatke o korisni\u010dkom profilu od svih na\u0161ih posjetitelja. Od na\u0161ih ovla\u0161tenih kupaca prikupljamo sljede\u0107e dodatne podatke: imena, adrese, telefonske brojeve i adrese e-po\u0161te ovla\u0161tenih kupaca, prirodu i veli\u010dinu poslovanja te prirodu i veli\u010dinu oglasnog prostora koji ovla\u0161teni kupac namjerava kupiti ili prodati. <\/p>\n\n<p><strong>Koje organizacije prikupljaju podatke?<\/strong><\/p>\n\n<p>Uz izravno prikupljanje informacija, na\u0161i vanjski pru\u017eatelji usluga (kao \u0161to su tvrtke kreditnih kartica, klirin\u0161ke ku\u0107e i banke) koji mogu pru\u017eati usluge poput kredita, osiguranja i escrow usluga mogu prikupljati ove informacije od na\u0161ih posjetitelja i ovla\u0161tenih korisnika. Ne kontroliramo kako te tre\u0107e strane koriste takve podatke, ali ih molimo da otkriju kako koriste osobne podatke koje su im dali Posjetitelji i Ovla\u0161teni korisnici. Neke od tih tre\u0107ih strana mogu biti posrednici koji djeluju isklju\u010divo kao karike u distribucijskom lancu i ne pohranjuju, zadr\u017eavaju niti koriste informacije koje su im dostavljene.  <\/p>\n\n<p><strong>Kako web stranica koristi osobne podatke?<\/strong><\/p>\n\n<p>Osobne podatke koristimo za personalizaciju Stranice, ponudu odgovaraju\u0107ih usluga i ispunjavanje zahtjeva za kupnju i prodaju na Stranici. Posjetiteljima i ovla\u0161tenim kupcima mo\u017eemo slati e-po\u0161tu o istra\u017eivanjima ili mogu\u0107nostima kupnje i prodaje na Stranici ili informacijama vezanim uz temu Stranice. Tako\u0111er mo\u017eemo koristiti osobne podatke za kontaktiranje posjetitelja i ovla\u0161tenih kupaca kao odgovor na odre\u0111ene upite ili za pru\u017eanje tra\u017eenih informacija.  <\/p>\n\n<p><strong>S kim se informacije mogu podijeliti?<\/strong><\/p>\n\n<p>Osobni podaci Ovla\u0161tenih kupaca mogu se dijeliti s drugim Ovla\u0161tenim kupcima koji \u017eele procijeniti potencijalne transakcije s drugim Ovla\u0161tenim kupcima. Mo\u017eemo dijeliti agregirane podatke o na\u0161im Posjetiteljima, uklju\u010duju\u0107i demografske podatke na\u0161ih Posjetitelja i Ovla\u0161tenih kupaca, s na\u0161im povezanim agencijama i tre\u0107im stranama. Tako\u0111er nudimo mogu\u0107nost &#8220;odjave&#8221; od primanja informacija ili kontaktiranja od strane nas ili bilo koje agencije koja djeluje u na\u0161e ime.  <\/p>\n\n<p><strong>Kako se pohranjuju osobni podaci?<\/strong><\/p>\n\n<p>Osobni podaci koje prikuplja SUMINISTROS HOSTELEROS, SL sigurno se pohranjuju i nisu dostupni tre\u0107im stranama ili zaposlenicima SUMINISTROS HOSTELEROS, SL osim u gore navedene svrhe.<\/p>\n\n<p><strong>Koje mogu\u0107nosti izbora imaju posjetitelji u vezi s prikupljanjem, kori\u0161tenjem i distribucijom informacija?<\/strong><\/p>\n\n<p>Posjetitelji i ovla\u0161teni kupci mogu se isklju\u010diti iz primanja ne\u017eeljenih informacija od nas i\/ili na\u0161ih dobavlja\u010da i povezanih agencija ili iz kontakta s njima odgovaranjem na e-poruke prema uputama ili kontaktiranjem nas na<\/p>\n\n<p><strong>Koriste li se kola\u010di\u0107i na web stranici?<\/strong><\/p>\n\n<p>Kola\u010di\u0107i se koriste iz raznih razloga. Kola\u010di\u0107e koristimo kako bismo dobili informacije o preferencijama na\u0161ih posjetitelja i uslugama koje odabiru. Tako\u0111er koristimo kola\u010di\u0107e iz sigurnosnih razloga kako bismo za\u0161titili na\u0161e ovla\u0161tene korisnike. Na primjer, ako je ovla\u0161teni korisnik prijavljen, a stranica se ne koristi dulje od 10 minuta, automatski \u0107emo odjaviti ovla\u0161tenog korisnika.   <\/p>\n\n<p><strong>Kako SUMINISTROS HOSTELEROS, SL koristi podatke za prijavu?<\/strong><\/p>\n\n<p>SUMINISTROS HOSTELEROS, SL koristi podatke za prijavu, uklju\u010duju\u0107i, ali ne ograni\u010davaju\u0107i se na, IP adrese, pru\u017eatelje internetskih usluga i vrste preglednika, za analizu trendova, upravljanje web-stranicom, pra\u0107enje kretanja i kori\u0161tenja korisnika te prikupljanje op\u0107ih demografskih podataka.<\/p>\n\n<p><strong>Koji partneri ili pru\u017eatelji usluga imaju pristup osobnim podacima posjetitelja i\/ili ovla\u0161tenih korisnika na stranici?<\/strong><\/p>\n\n<p>SUMINISTROS HOSTELEROS, SL sklopio je i nastavit \u0107e sklapati ugovore o suradnji i druge oblike povezanosti s nekoliko dobavlja\u010da, koji mogu imati pristup odre\u0111enim osobnim podacima kako bi procijenili prikladnost ovla\u0161tenih korisnika za uslugu. Na\u0161a politika privatnosti ne pokriva prikupljanje ili kori\u0161tenje ovih informacija. Otkrivanje osobnih podataka radi po\u0161tivanja zakona. Otkrit \u0107emo osobne podatke kako bismo postupili po sudskom nalogu ili sudskom pozivu ili zahtjevu za informacijama od strane agencije za provo\u0111enje zakona. Tako\u0111er \u0107emo otkriti osobne podatke kada je to razumno potrebno radi za\u0161tite sigurnosti na\u0161ih posjetitelja i ovla\u0161tenih kupaca.    <\/p>\n\n<p><strong>Kako stranica \u0161titi osobne podatke?<\/strong><\/p>\n\n<p>Svi na\u0161i zaposlenici upoznati su s na\u0161om sigurnosnom politikom i praksama. Osobni podaci na\u0161ih posjetitelja i ovla\u0161tenih kupaca dostupni su samo ograni\u010denom broju kvalificiranih zaposlenika kojima je dodijeljena lozinka za pristup informacijama. Provodimo periodi\u010dne revizije na\u0161ih sigurnosnih sustava i procesa. Osjetljive informacije, poput brojeva kreditnih kartica ili socijalnog osiguranja, za\u0161ti\u0107ene su protokolima za \u0161ifriranje koji su osmi\u0161ljeni za za\u0161titu informacija poslanih putem interneta. Iako poduzimamo komercijalno razumne mjere za odr\u017eavanje sigurnosti stranice, elektroni\u010dke komunikacije i baze podataka podlo\u017ene su pogre\u0161kama, neovla\u0161tenim pristupima i provalama te ne mo\u017eemo jam\u010diti ili jam\u010diti da se takvi doga\u0111aji ne\u0107e dogoditi i ne\u0107emo biti odgovorni Posjetiteljima ili Ovla\u0161tenim korisnicima za takve doga\u0111aje.    <\/p>\n\n<p><strong>Kako posjetitelji mogu ispraviti bilo kakve neto\u010dnosti u svojim osobnim podacima?<\/strong><\/p>\n\n<p>Posjetitelji i ovla\u0161teni kupci mogu nas kontaktirati kako bi a\u017eurirali svoje osobne podatke ili ispravili bilo kakve neto\u010dnosti slanjem e-po\u0161te na hola@myspainfood.com.<\/p>\n\n<p><strong>Mo\u017ee li posjetitelj izbrisati ili deaktivirati osobne podatke koje prikuplja stranica?<\/strong><\/p>\n\n<p>Posjetiteljima i ovla\u0161tenim korisnicima pru\u017eamo mehanizam za brisanje\/deaktiviranje osobnih podataka iz baze podataka Stranice kontaktiranjem . Me\u0111utim, zbog sigurnosnih kopija i zapisa o brisanjima, mo\u017eda \u0107e biti nemogu\u0107e izbrisati unos Posjetitelja bez zadr\u017eavanja nekih preostalih informacija. Ako pojedinac zatra\u017ei deaktivaciju svojih osobnih podataka, oni \u0107e biti funkcionalno izbrisani i mi vi\u0161e ne\u0107emo prodavati, prenositi ili koristiti osobne podatke o toj osobi ni na koji na\u010din u budu\u0107nosti.  <\/p>\n\n<p><strong>\u0160to se doga\u0111a ako se promijeni politika privatnosti?<\/strong><\/p>\n\n<p>O promjenama na\u0161e politike privatnosti obavijestit \u0107emo na\u0161e Posjetitelje i Ovla\u0161tene korisnike objavljivanjem takvih promjena na Stranici. Me\u0111utim, ako promijenimo na\u0161u politiku privatnosti na na\u010din koji bi mogao uzrokovati otkrivanje osobnih podataka za koje je Posjetitelj ili Ovla\u0161teni korisnik prethodno zatra\u017eio da se ne otkrivaju, kontaktirat \u0107emo takvog Posjetitelja ili Ovla\u0161tenog korisnika kako bismo mu omogu\u0107ili da sprije\u010di takvo otkrivanje. <\/p>\n\n<p><strong>Pravila povrata?<\/strong><\/p>\n\n<p>Sljede\u0107i uvjeti za povrat na\u0161ih proizvoda ne primjenjuju se na ostvarivanje va\u0161eg prava na odustajanje od kupnje. Povrat ili zamjena proizvoda bit \u0107e prihva\u0107eni samo u slu\u010daju proizvodne gre\u0161ke, o\u0161te\u0107enja tijekom dostave ili pogre\u0161aka prilikom dostave. U svakom slu\u010daju, od primitka proizvoda ne smije pro\u0107i vi\u0161e od 14 dana, a ambala\u017ea i pribor moraju biti uklju\u010deni. Prethodno \u0107e se provjeriti da se radi o proizvodnoj ili pakirnoj gre\u0161ci ili anomalija, a ne o nepravilnoj ili nemarnoj uporabi, rukovanju ili skladi\u0161tenju. Uvijek \u0107e im biti prilo\u017eena odgovaraju\u0107a otpremnica ili ra\u010dun. U slu\u010daju povrata zbog proizvodnih ili pakirnih nedostataka ili u slu\u010daju pogre\u0161ke u narud\u017ebi, KUPCU \u0107e se, ako je mogu\u0107e, ponuditi zamjena alternativom bez dodatnih tro\u0161kova i bez prava KUPCA na bilo kakvu vrstu naknade. Tro\u0161kove dostave narud\u017ebe snosit \u0107e MySpainFood. U svakom slu\u010daju, povrat \u0107e uvijek biti podlo\u017ean prethodnom pregledu od strane MySpainFood-a o stanju vra\u0107enog proizvoda i provjeri jesu li ispunjeni zahtjevi navedeni u ovim uvjetima prodaje. Nakon \u0161to primimo povrat, ako je primjenjivo, vratit \u0107emo napla\u0107eni iznos u roku od najvi\u0161e 30 dana i pod istim uvjetima koji su kori\u0161teni za pla\u0107anje. MySpainFood zadr\u017eava pravo odbiti povrate prijavljene ili poslane izvan utvr\u0111enog roka ili proizvode koji nisu u istom stanju kao kada su primljeni. Povrat \u0107e se obraditi slanjem e-po\u0161te na info@latiendadesami.com s opisom razloga i navedenim razlozima za povrat. Tako\u0111er \u0107ete morati navesti svoje puno ime i prezime te referentni broj narud\u017ebe. Nakon \u0161to primimo va\u0161 zahtjev, odmah \u0107emo ga obraditi.            <\/p>\n\n<p><strong>Linkovi:<\/strong><\/p>\n\n<p>https:\/\/myspainfood.com sadr\u017ei poveznice na druge web stranice. Imajte na umu da \u0107e vas klik na jednu od ovih poveznica odvesti na drugu web stranicu. Poti\u010demo vas da pro\u010ditate izjave o privatnosti ovih povezanih stranica, jer se njihove politike privatnosti mogu razlikovati od na\u0161ih.  <\/p>\n","protected":false},"excerpt":{"rendered":"<p>Dobrodo\u0161li na https:\/\/myspainfood.com (\u201eStranica\u201c). Razumijemo da je online privatnost va\u017ena korisnicima na\u0161e stranice, posebno prilikom obavljanja poslovnih transakcija. Ova izjava ure\u0111uje na\u0161a pravila o privatnosti u odnosu na korisnike Stranice (\u201ePosjetitelji\u201c) koji posje\u0107uju Stranicu bez obavljanja poslovnih transakcija i Posjetitelje koji se registriraju za obavljanje poslovnih transakcija na Stranici i koriste razli\u010dite usluge koje nudi [&hellip;]<\/p>\n","protected":false},"author":1,"featured_media":0,"parent":0,"menu_order":0,"comment_status":"closed","ping_status":"closed","template":"","meta":{"_et_pb_use_builder":"","_et_pb_old_content":"","_et_gb_content_width":"","footnotes":""},"class_list":["post-18525","page","type-page","status-publish","hentry"],"_links":{"self":[{"href":"https:\/\/myspainfood.com\/hr\/wp-json\/wp\/v2\/pages\/18525","targetHints":{"allow":["GET"]}}],"collection":[{"href":"https:\/\/myspainfood.com\/hr\/wp-json\/wp\/v2\/pages"}],"about":[{"href":"https:\/\/myspainfood.com\/hr\/wp-json\/wp\/v2\/types\/page"}],"author":[{"embeddable":true,"href":"https:\/\/myspainfood.com\/hr\/wp-json\/wp\/v2\/users\/1"}],"replies":[{"embeddable":true,"href":"https:\/\/myspainfood.com\/hr\/wp-json\/wp\/v2\/comments?post=18525"}],"version-history":[{"count":1,"href":"https:\/\/myspainfood.com\/hr\/wp-json\/wp\/v2\/pages\/18525\/revisions"}],"predecessor-version":[{"id":18527,"href":"https:\/\/myspainfood.com\/hr\/wp-json\/wp\/v2\/pages\/18525\/revisions\/18527"}],"wp:attachment":[{"href":"https:\/\/myspainfood.com\/hr\/wp-json\/wp\/v2\/media?parent=18525"}],"curies":[{"name":"wp","href":"https:\/\/api.w.org\/{rel}","templated":true}]}}