{"id":18594,"date":"2025-04-10T15:12:12","date_gmt":"2025-04-10T13:12:12","guid":{"rendered":"https:\/\/myspainfood.com\/kupnje-povrati-i-posiljke\/"},"modified":"2025-05-08T09:59:50","modified_gmt":"2025-05-08T07:59:50","slug":"kupnje-povrati-i-posiljke","status":"publish","type":"page","link":"https:\/\/myspainfood.com\/hr\/kupnje-povrati-i-posiljke\/","title":{"rendered":"Kupnje, povrati i po\u0161iljke"},"content":{"rendered":"\n<p>Ovaj ugovor regulira op\u0107e uvjete kupnje razli\u010ditih proizvoda i usluga koje na ovoj web stranici nudi SAMI SUMINISTROS HOSTELEROS, SL (u daljnjem tekstu MY SPAIN FOOD) s NIF B84614064 i adresom c\/ Luis i 60, podrum, nave 27. 28031 Madrid. Madrid, \u0160panjolska.<br\/> Kada KUPAC zavr\u0161i proces registracije i kupi bilo koji od na\u0161ih proizvoda, izri\u010dito prihva\u0107a dolje navedene klauzule, kao i uvjete pristupa i kori\u0161tenja na\u0161e web stranice i njezinu politiku privatnosti, dostupnu putem poveznice Politika privatnosti.<br\/> KLIJENT potvr\u0111uje da ima dovoljnu pravnu sposobnost za sklapanje ugovorne obveze.<br\/> Ovaj ugovor je trajno dostupan u pravnim obavijestima na na\u0161oj web stranici.  <\/p>\n\n<p>1. CIJENE I POREZI<br\/> U zamjenu za kupljeni proizvod, KUPAC izri\u010dito pristaje platiti tvrtki MY SPAIN FOOD iznose navedene u trenutku kupnje u cjeniku utvr\u0111enom na web stranici https:\/\/www.myspainfood.es za odabrane proizvode.<br\/>Proizvodi ponu\u0111eni na ovoj web stranici podlije\u017eu nacionalnom porezu na potro\u0161nju, koji JE UKLJU\u010cEN u cijene navedene za svaki proizvod.<br\/>Tro\u0161kovi dostave NISU uklju\u010deni u cijenu proizvoda.<br\/>Nakon \u0161to je odabir proizvoda zavr\u0161en, a prije potvrde narud\u017ebe i pla\u0107anja, na ekranu \u0107e se prikazati kona\u010dna cijena kupnje. Ova cijena \u0107e uklju\u010divati \u200b\u200bporeze, tro\u0161kove rukovanja, pakiranja i dostave, ako je primjenjivo. Ove cijene bit \u0107e prikazane na narud\u017ebenici prilikom kupnje i na ra\u010dunu.<br\/>Sve \u0161to nije navedeno u opisu kao uklju\u010deno nije.<\/p>\n\n<p>2. POSTUPAK KUPNJE<br\/> Samo osobe starije od 14 godina (bez alkohola) i 18 godina (s alkoholom) te tvrtke mogu naru\u010divati \u200b\u200bputem ove web stranice.<br\/> Svi na\u0161i proizvodi su pojedina\u010dno navedeni na web stranici. Postupak za obavljanje i upravljanje kupnjom nazna\u010den je na web stranici i potrebno je slijediti sljede\u0107e korake:<br\/> do. Odaberite proizvod koji \u017eelite kupiti.<br\/> b. Kada odaberete proizvod, mo\u017eete ga dodati u ko\u0161aricu i odabrati \u017eelite li nastaviti s kupnjom ili obraditi narud\u017ebu.<br\/> cca. Za obradu va\u0161e narud\u017ebe morate ispuniti obrazac sa svojim osobnim podacima kako biste formalizirali proces kupnje.<br\/> d. Narud\u017eba \u0107e zatim biti pregledana, gdje \u0107e odabrane stavke biti detaljno opisane jedna po jedna i izra\u010dunat \u0107e se ukupna cijena.<br\/> i. Tako\u0111er \u0107e biti potrebno navesti adresu za naplatu i dostavu za kupnju. Mo\u017eete navesti jednu adresu za naplatu i dostavu.<br\/> F. Nakon \u0161to je postupak dovr\u0161en, morat \u0107ete ozna\u010diti okvir kako biste potvrdili da ste pro\u010ditali i prihvatili uvjete i odredbe.<br\/> g. Web stranica \u0107e vam ponuditi mogu\u0107nosti pla\u0107anja na temelju sustava odabranog u svakom slu\u010daju.<br\/> h. Nakon \u0161to unesete podatke za pla\u0107anje, morate potvrditi narud\u017ebu klikom na gumb &#8220;Kupi&#8221;.<br\/> Jo. Nakon \u0161to kliknete gumb &#8220;Kupi&#8221;, pla\u0107anje je izvr\u0161eno i proizvodi \u0107e vam biti dostupni.<br\/> KUPAC je obavije\u0161ten da su fotografije i opisi proizvoda na web stranici pribli\u017ean prikaz ponu\u0111enih proizvoda i usluga te se stoga mogu razlikovati od originala. Opisi i ilustracije proizvoda ponu\u0111enih na ovoj web stranici slu\u017ee samo u informativne svrhe.          <\/p>\n\n<p>3. RASPOLO\u017dIVOST I DOSTAVA<br\/> Proizvodi koje nudi MY SPAIN FOOD dostupni su za distribuciju samo u kontinentalnoj \u0160panjolskoj.<br\/> Narud\u017ebe \u0107e biti obra\u0111ene nakon \u0161to uplata bude uspje\u0161no primljena. Proizvodi koje nudi MY SPAIN FOOD uvijek su dostupni ovisno o raspolo\u017eivosti, \u0161to \u0107e biti posebno nazna\u010deno na na\u0161oj web stranici za svaki proizvod. U slu\u010daju da artikl nije dostupan, kupac \u0107e biti pravovremeno obavije\u0161ten o nedostupnosti. U normalnim uvjetima, svi proizvodi navedeni na na\u0161oj web stranici dostupni su za isporuku u navedenim rokovima. U slu\u010dajevima kada, nakon \u0161to je narud\u017eba izvr\u0161ena, proizvod koji je KUPAC kupio nije na zalihi, KUPAC \u0107e biti pravovremeno obavije\u0161ten i bit \u0107e mu ponu\u0111en alternativni proizvod sa sli\u010dnim karakteristikama te istom cijenom i kvalitetom. Ako unato\u010d tome KUPAC nije zainteresiran za prihva\u0107anje predlo\u017eene alternative, MY SPAIN FOOD \u0107e vratiti ve\u0107 upla\u0107eni iznos i obavijestiti KUPCA o postupcima i rokovima povrata. Op\u0107enito, maksimalno vrijeme isporuke bit \u0107e 5 do 10 dana od trenutka kupnje i nakon \u0161to potvrdimo va\u0161u uplatu. Narud\u017ebe primljene prije 14:00 sati. obra\u0111uju se istog dana i uvijek radnim danima unutar grada Madrida (\u0160panjolska). Ova vremena dostave su pribli\u017ena i ni na koji na\u010din ne obvezuju MY SPAIN FOOD. Dostave \u0107e se vr\u0161iti radnim danima (od ponedjeljka do petka). Kupljeni proizvod bit \u0107e dostavljen na va\u0161u ku\u0107nu adresu putem prijevoznika zajedno s dostavnicom na adresu navedenu u narud\u017ebenici, koju kupac mora potpisati kao dokaz primitka. Isto tako, KUPAC \u0107e biti propisno obavije\u0161ten u slu\u010daju bilo kakvog incidenta ili ka\u0161njenja u isporuci iz bilo kojeg razloga. Ako dostava nije mogu\u0107a na navedenu adresu zbog odsutnosti primatelja, dostavlja\u010d \u0107e izravno kontaktirati KUPCA kako bi dogovorio vrijeme dostave, preuzeo paket u odgovaraju\u0107oj poslovnici ili, u svakom slu\u010daju, obavijestio ga o koracima koje treba slijediti za preuzimanje proizvoda.<br\/> Nakon tog razdoblja, ako narud\u017eba nije preuzeta, bit \u0107e vra\u0107ena u na\u0161a skladi\u0161ta i poslat \u0107e vam se e-po\u0161ta s uputama o tome kako \u0107e se izvr\u0161iti kona\u010dna dostava. U potonjem slu\u010daju, tro\u0161kove dostave snosi KUPAC. Tako\u0111er postoji mogu\u0107nost preuzimanja narud\u017ebe u trgovini; Ako KUPAC odabere ovu opciju, nakon \u0161to je uplata izvr\u0161ena, narud\u017eba \u0107e biti pripremljena. Nakon \u0161to je narud\u017eba pripremljena, u roku od 24 do 48 sati od potvrde, KUPAC \u0107e primiti e-poruku s obavijesti da je narud\u017eba spremna za preuzimanje i svim ostalim relevantnim informacijama. Ako KUPAC odabere ovaj na\u010din dostave, ne\u0107e snositi nikakve tro\u0161kove dostave ili prijevoza. Ako KUPAC, nakon \u0161to je odabrao preuzimanje narud\u017ebe u trgovini i primio e-poruku s obavijesti da je narud\u017eba spremna za preuzimanje, ne stigne u roku od 48-72 sata, ovisno o prirodi narud\u017ebe (pokvarljivi fizi\u010dki proizvodi), gubi sva prava na obavljenu kupnju. Ako proizvodi nisu ove prirode, rok za preuzimanje u trgovini bit \u0107e 7 dana. Ako proizvod ne bude preuzet, kontaktirat \u0107emo KUPCA kako bismo nastavili s kona\u010dnom dostavom narud\u017ebe.                 Kako biste u svakom trenutku bili obavije\u0161teni o napretku va\u0161e kupnje, primit \u0107ete e-poruku s potvrdom va\u0161e narud\u017ebe i pla\u0107anja. KUPAC tako\u0111er mo\u017ee provjeriti status svoje narud\u017ebe slanjem e-po\u0161te na hola@myspainfood.com. <\/p>\n\n<p>4. PLA\u0106ANJE I UVJETI PLA\u0106ANJA<br\/> Prihva\u0107aju se sljede\u0107i oblici pla\u0107anja:<br\/> \u2013 Kreditne i debitne kartice. Transakcija se vr\u0161i izravnim povezivanjem sa Stripeom. <br\/>\u2013 GOOGLE PLA\u0106ANJE. Transakcija se vr\u0161i izravnim povezivanjem sa Stripeom. <br\/>\u2013 APPLE PLA\u0106ANJE. Transakcija se vr\u0161i izravnim povezivanjem sa Stripeom. <br\/>\u2013 Paypal. Izravna veza s Paypalom. <br\/>\u2013 Bankovni transfer. Uplatom ukupnog iznosa kupnje na nazna\u010deni teku\u0107i ra\u010dun. Nakon \u0161to je uplata izvr\u0161ena, primit \u0107ete e-poruku s potvrdom.<br\/> MY SPAIN FOOD ne\u0107e imati pristup podacima va\u0161e kreditne kartice. Svi na\u0161i sustavi pla\u0107anja su potpuno sigurni. Pla\u0107anja se vr\u0161e prije isporuke proizvoda ili pru\u017eanja usluge, stoga MY SPAIN FOOD ne\u0107e isporu\u010diti tra\u017eeni proizvod dok se uplata ne primi. MY SPAIN FOOD zadr\u017eava pravo privremenog ili trajnog otkazivanja pru\u017eenih usluga u slu\u010daju bilo kakvih problema s pla\u0107anjem. KUPAC je obavije\u0161ten da \u0107e, u vezi s pla\u0107anjem karticama, osoba odgovorna za transakcije biti vlasnik kori\u0161tene kreditne ili debitne kartice.      <\/p>\n\n<p>5. RA\u010cUNI<br\/> Potvrdu o kupnji primit \u0107ete putem e-po\u0161te u trenutku kupnje. Ako \u017eelite primiti ra\u010dun, obratite se Slu\u017ebi za korisnike (hola@myspainfood.com) kako biste dobili potrebne porezne podatke. KUPAC je odgovoran za potvrdu primitka obavijesti i obavje\u0161tavanje nas o svim promjenama svojih podataka, a LA MY SPAIN FOOD je oslobo\u0111en bilo kakve odgovornosti koja proizlazi iz ove okolnosti.  <\/p>\n\n<p>6. JAMSTVO<br\/> U MY SPAIN FOOD nastojimo ponuditi usluge najvi\u0161e kvalitete, iako, s obzirom na prirodu na\u0161ih proizvoda (pokvarljivi proizvodi), nudimo jamstvo zadovoljstva za ve\u0107inu na\u0161ih proizvoda. Ako iz bilo kojeg razloga ne primite proizvod ili uslugu ispravno, morate nas o tome obavijestiti \u0161to je prije mogu\u0107e, navode\u0107i incident, a mi \u0107emo poku\u0161ati ispraviti gre\u0161ku \u0161to je prije mogu\u0107e ako se potvrdi.<br\/> Svi na\u0161i nepokvarljivi proizvodi prolaze kontrolu kvalitete i imaju jamstvo protiv proizvodnih nedostataka u razdoblju od dvije godine od datuma kupnje ili, ako to nije mogu\u0107e, od datuma isteka roka trajanja. Jamstvo pokriva sve nedostatke u proizvodnji, dizajnu ili materijalu, iako se neuskla\u0111enost mora prijaviti u roku od 14 dana od saznanja o njoj. Jamstvo pokriva samo neispravne proizvode. Ne pokriva udarce, zlouporabu ili druge \u0161tete koje se ne mogu pripisati nedostatku dobavlja\u010da ili nedostatku proizvoda. Tijekom jamstvenog roka, KUPAC mo\u017ee vratiti proizvod, a mi \u0107emo ga popraviti ili zamijeniti. Tro\u0161kove dostave nastale u slu\u010daju povrata robe u jamstvenom roku NE snosi KUPAC. Jamstveni dokument je ra\u010dun o kupnji.       <\/p>\n\n<p>7. POVRATI<br\/> Sljede\u0107i uvjeti za povrat na\u0161ih proizvoda ne primjenjuju se ako koristite svoje pravo na odustajanje od kupnje. Povrat ili zamjena bit \u0107e prihva\u0107eni samo u slu\u010daju proizvodnih nedostataka, o\u0161te\u0107enja prilikom dostave ili pogre\u0161aka u isporuci. U svakom slu\u010daju, proizvod ne smije biti vra\u0107en vi\u0161e od 14 dana od primitka, a sva ambala\u017ea i pribor moraju biti uklju\u010deni. Prethodno \u0107e se provjeriti da se radi o proizvodnoj ili pakirnoj gre\u0161ci ili anomalija, a ne o nepravilnoj ili nemarnoj uporabi, rukovanju ili skladi\u0161tenju. Uvijek \u0107e im biti prilo\u017eena odgovaraju\u0107a otpremnica ili ra\u010dun. U slu\u010daju povrata zbog proizvodnih ili pakirnih nedostataka ili u slu\u010daju pogre\u0161ke u narud\u017ebi, KUPCU \u0107e se, ako je mogu\u0107e, ponuditi zamjena alternativom bez dodatnih tro\u0161kova i bez prava KUPCA na bilo kakvu vrstu naknade. Tro\u0161kove dostave narud\u017ebe snosit \u0107e MY SPAIN FOOD. U svakom slu\u010daju, povrat \u0107e uvijek biti podlo\u017ean prethodnom pregledu od strane MY SPAIN FOOD stanja vra\u0107enog proizvoda i provjeri sukladnosti sa zahtjevima navedenim u ovim prodajnim uvjetima. Nakon \u0161to primimo povrat, ako je primjenjivo, vratit \u0107emo napla\u0107eni iznos u roku od najvi\u0161e 30 dana i u istom vremenskom okviru u kojem je pla\u0107anje izvr\u0161eno. MY SPAIN FOOD zadr\u017eava pravo odbiti povrate prijavljene ili poslane izvan roka ili proizvode koji nisu u istom stanju kao kada su primljeni. Povrat \u0107e se obraditi slanjem e-po\u0161te na hola@myspainfood.es s opisom razloga povrata. Tako\u0111er \u0107ete morati navesti svoje puno ime i prezime te referentni broj narud\u017ebe. Nakon \u0161to primimo va\u0161 zahtjev, odmah \u0107emo ga obraditi.            <\/p>\n\n<p>8. PRAVO NA ODUSTAJANJE OD UGOVORA<br\/> S obzirom na prirodu proizvoda (pokvarljiv proizvod) i uvjete njegovog skladi\u0161tenja te u skladu s \u010dlankom 103. to\u010dkama e i d Kraljevske zakonodavne uredbe 1\/2007 od 16. studenog za za\u0161titu potro\u0161a\u010da i korisnika, pravo na odustajanje od ugovora ne primjenjuje se na ovaj ugovor. Za bilo koji proizvod koji se ne smatra kvarljivim (\u010dl. 103.d) i pod uvjetom da nije otpe\u010da\u0107en (\u010dl. 103.e), imate pravo odustati od ovog ugovora u roku od 14 kalendarskih dana bez navo\u0111enja razloga. Rok za odustajanje od ugovora istje\u010de 14 kalendarskih dana od dana sklapanja ugovora. Da biste ostvarili svoje pravo na jednostrani raskid ugovora, morate obavijestiti MY SPAIN FOOD c\/ Luis I 60, s\u00f3tano, nave 27, 28031, Madrid, \u0160panjolska na e-mail: hola@myspainfood.com o svojoj odluci o jednostranom raskidu ugovora nedvosmislenom izjavom (na primjer, pismom poslanim po\u0161tom, faksom ili e-po\u0161tom). Mo\u017eete koristiti donji predlo\u017eak obrasca za odustajanje, iako njegova upotreba nije obvezna. Predlo\u017eak obrasca za odustajanje od ugovora Na pa\u017enju MY SPAIN FOOD c\/ Luis I 60, podrum, nave 27 MADRID (28031) \u0160panjolska hola@myspainfood.com Ovime vas obavje\u0161tavam da odustajem od ugovora o prodaji sljede\u0107e robe: Primljeno\/Naru\u010deno: Ime potro\u0161a\u010da: Potpis potro\u0161a\u010da Datum Kako biste se pridr\u017eavali roka za odustajanje od ugovora, dovoljno je da po\u0161aljete svoju obavijest u vezi s kori\u0161tenjem ovog prava prije isteka roka za odustajanje.     <br\/>Posljedice povla\u010denja:<br\/> Ako odustanete od ovog ugovora, vratit \u0107emo vam sve uplate koje smo primili od vas bez nepotrebnog odga\u0111anja, a u svakom slu\u010daju najkasnije u roku od 14 kalendarskih dana od datuma kada smo obavije\u0161teni o va\u0161oj odluci o odustajanju od ovog ugovora. KUPAC \u0107e snositi izravne tro\u0161kove vra\u0107anja robe, pa \u0107e tro\u0161kovi preuzimanja biti odbijeni od povrata novca, osim u slu\u010daju neispravne kvalitete ili pogre\u0161ke u dostavi s na\u0161e strane. Povrat \u0107emo izvr\u0161iti koriste\u0107i istu metodu pla\u0107anja koju ste koristili za po\u010detnu transakciju, osim ako niste izri\u010dito naveli druga\u010dije; U svakom slu\u010daju, ne\u0107ete imati nikakve tro\u0161kove kao rezultat povrata novca. Nakon \u0161to nas obavijestite o svom zahtjevu za jednostrano raskid ugovora, morate nam robu vratiti ili izravno dostaviti bez nepotrebnog odga\u0111anja, a u svakom slu\u010daju najkasnije u roku od 14 kalendarskih dana od datuma kada ste nas obavijestili o svojoj odluci o jednostranom raskidu ugovora. Rok \u0107e se smatrati ispunjenim ako robu vratite prije isteka roka. Roba koja se vra\u0107a mora biti u besprijekornom stanju, ne smije biti o\u0161te\u0107ena, deformirana ili pokazivati \u200b\u200bznakove habanja, ogrebotina ili mrlja. Bit \u0107ete odgovorni za svako smanjenje vrijednosti robe koje je rezultat rukovanja osim onog potrebnog za utvr\u0111ivanje prirode, karakteristika i funkcioniranja robe.      <\/p>\n\n<p>9. USAVR\u0160AVANJE UGOVORA I IZMJENE USLUGA<br\/> Ovaj ugovor bit \u0107e zaklju\u010den nakon pla\u0107anja proizvoda i slanja e-po\u0161te s potvrdom i opisom obavljene kupnje KUPCU.<br\/> MY SPAIN FOOD zadr\u017eava pravo izmjene karakteristika i uvjeta svojih usluga na bilo koji na\u010din, uvijek s ciljem njihovog pobolj\u0161anja i pru\u017eanja pogodnosti KUPCU.<\/p>\n\n<p>10. OBVEZE STRANAKA<br\/> MY SPAIN FOOD se obvezuje pru\u017eiti KUPCU ugovorene proizvode i usluge, primjenjuju\u0107i najve\u0107u mogu\u0107u marljivost u pru\u017eanju usluge, kao i brinuti se o odr\u017eavanju objekata potrebnih za rad mre\u017ee, posjeduju\u0107i odgovaraju\u0107u tehni\u010dku i ra\u010dunalnu opremu za tu svrhu, te upravljati logisti\u010dkim, otpremnim i dostavnim operacijama kupnje obavljene putem prijevoznika.<br\/>KUPAC se obvezuje koristiti usluge koje su mu dostupne u dobroj vjeri, bez kr\u0161enja va\u017ee\u0107ih zakona ili kr\u0161enja prava tre\u0107ih strana, te platiti odabrani proizvod u roku i na na\u010din utvr\u0111en ovim prodajnim uvjetima i preuzeti ga na mjestu nazna\u010denom za dostavu. MY SPAIN FOOD ne jam\u010di da \u0107e dostupnost usluge obuhva\u0107ene ovim ugovorom biti kontinuirana i neprekinuta zbog okolnosti uzrokovanih problemima s internetskom mre\u017eom, kvarovima ra\u010dunalnih ure\u0111aja i drugim nepredvi\u0111enim okolnostima. Stoga se KLIJENT sla\u017ee tolerirati ove okolnosti u razumnim granicama, te se stoga izri\u010dito odri\u010de svake ugovorne ili izvanugovorne odgovornosti prema LA MY SPAIN FOOD za mogu\u0107e kvarove, pogre\u0161ke i kori\u0161tenje ugovorene usluge.  <\/p>\n\n<p>11. KOMUNIKACIJE<br\/> Sve obavijesti izme\u0111u stranaka po mogu\u0107nosti \u0107e se obavljati putem e-po\u0161te. KUPAC je odgovoran za potvrdu primitka obavijesti i obavje\u0161tavanje MY SPAIN FOOD o svim promjenama svojih podataka te je oslobo\u0111en svake odgovornosti koja proizlazi iz te okolnosti. U slu\u010daju promjene, KUPAC mora obavijestiti MY SPAIN FOOD na adresu e-po\u0161te ili telefonski broj naveden na na\u0161oj web stranici. U skladu s \u010dlankom 21. Zakona 34\/2002 o uslugama informacijskog dru\u0161tva i elektroni\u010dkoj trgovini, obavje\u0161tavamo vas da \u0107emo vam na\u0161e komercijalne po\u0161iljke i informacije vezane uz na\u0161u web stranicu i proizvode koji se na njoj nude slati putem e-po\u0161te na adresu e-po\u0161te koju navedete, a koju uvijek mo\u017eete opozvati. U svakom slu\u010daju, imate mogu\u0107nost odjaviti se od na\u0161ih komercijalnih komunikacija slanjem e-po\u0161te na hola@myspainfood.com s rije\u010dju &#8220;ODJAVA&#8221; u naslovu.    <\/p>\n\n<p>12. OBVEZA, PRIHVAT I VALJANOST UGOVORA<br\/> KUPAC potvr\u0111uje da je pro\u010ditao i prihvatio pravne uvjete kori\u0161tenja i politiku privatnosti web stranice. KUPAC potvr\u0111uje da je razumio sve informacije o proizvodima i uslugama, uklju\u010duju\u0107i, gdje je primjenjivo, dostavu, ponu\u0111ene na na\u0161oj web stranici, kao i sve uvjete i odredbe sadr\u017eane u ovom elektroni\u010dkom ugovoru, te stoga izjavljuje da su oni dovoljni za isklju\u010divanje pogre\u0161ke u pristanku na ovaj ugovor, te ih stoga u potpunosti i izri\u010dito prihva\u0107a. KLIJENT je u potpunosti svjestan da \u0107e prihva\u0107anje i izvr\u0161enje ovog ugovora biti izvr\u0161eno davanjem njegovih podataka i klikom na gumb &#8220;Kupi&#8221; nazna\u010den na na\u0161oj web stranici, a bit \u0107e dovr\u0161eno pla\u0107anjem usluge.  <\/p>\n\n<p>13. MALOLJETNICI MLA\u0110I OD 18 GODINA<br\/> MY SPAIN FOOD se obvezuje da ne\u0107e dopustiti nikakve transakcije koje su nezakonite ili koje brendovi kreditnih kartica ili banka prihvatitelji smatraju da mogu ili imaju potencijal o\u0161tetiti ugled ili negativno utjecati na njih. Programi robnih marki kartica zabranjuju sljede\u0107e aktivnosti: prodaju ili ponudu proizvoda ili usluge koji nisu u potpunosti u skladu sa svim zakonima koji se primjenjuju na kupca, banku izdavatelja, trgovca, korisnika kartice ili kartice. Osim toga, izri\u010dito su zabranjene i sljede\u0107e aktivnosti: &#8220;Prodaja alkoholnih pi\u0107a maloljetnicima mla\u0111ima od 18 godina.&#8221;  <\/p>\n\n<p>14. PRIMJENJIVO ZAKONODAVSTVO<br\/> Ovaj ugovor je komercijalne prirode i podlije\u017ee \u0161panjolskom pravu i tuma\u010di se u skladu s njim. U slu\u010daju bilo kakvog neslaganja ili razlike izme\u0111u stranaka u vezi s tuma\u010denjem, sadr\u017eajem ili izvr\u0161enjem Ugovora koje se ne rije\u0161i me\u0111usobnim dogovorom, Stranke \u0107e se podvrgnuti nadle\u017enim sudovima ili tribunalima u svakom pojedinom slu\u010daju, a u slu\u010dajevima kada je predvi\u0111eno da se stranke mogu podvrgnuti nadle\u017enosti, podvrgnut \u0107e se sudovima i tribunalima u Madridu, izri\u010dito se odri\u010du\u0107i bilo koje druge nadle\u017enosti koja bi se na njih mogla primjenjivati. Tako\u0111er svojim klijentima pru\u017eamo sljede\u0107u poveznicu za pristup slu\u017ebenoj platformi Europske komisije za online rje\u0161avanje sporova: https:\/\/ec.europa.eu\/consumers\/odr\/main\/index.cfm?event=main.home2.show&amp;lng=ES  <\/p>\n\n<p>15. OSOBNI PODACI<br\/> Pogledajte Pravila o privatnosti. Pa\u017enja: Ovi Op\u0107i uvjeti a\u017eurirani su 29.7.2021. Mo\u017eemo ih izmijeniti u bilo kojem trenutku, kao i promijeniti popis cijena i ponu\u0111enih proizvoda. Molimo Vas da provjerite datum izdavanja svaki put kada pristupite na\u0161oj web stranici kako biste bili sigurni da nisu napravljene nikakve promjene koje bi mogle utjecati na Vas.   <\/p>\n","protected":false},"excerpt":{"rendered":"<p>Ovaj ugovor regulira op\u0107e uvjete kupnje razli\u010ditih proizvoda i usluga koje na ovoj web stranici nudi SAMI SUMINISTROS HOSTELEROS, SL (u daljnjem tekstu MY SPAIN FOOD) s NIF B84614064 i adresom c\/ Luis i 60, podrum, nave 27. 28031 Madrid. Madrid, \u0160panjolska. Kada KUPAC zavr\u0161i proces registracije i kupi bilo koji od na\u0161ih proizvoda, izri\u010dito [&hellip;]<\/p>\n","protected":false},"author":1,"featured_media":0,"parent":0,"menu_order":0,"comment_status":"closed","ping_status":"closed","template":"","meta":{"_et_pb_use_builder":"","_et_pb_old_content":"","_et_gb_content_width":"","footnotes":""},"class_list":["post-18594","page","type-page","status-publish","hentry"],"_links":{"self":[{"href":"https:\/\/myspainfood.com\/hr\/wp-json\/wp\/v2\/pages\/18594","targetHints":{"allow":["GET"]}}],"collection":[{"href":"https:\/\/myspainfood.com\/hr\/wp-json\/wp\/v2\/pages"}],"about":[{"href":"https:\/\/myspainfood.com\/hr\/wp-json\/wp\/v2\/types\/page"}],"author":[{"embeddable":true,"href":"https:\/\/myspainfood.com\/hr\/wp-json\/wp\/v2\/users\/1"}],"replies":[{"embeddable":true,"href":"https:\/\/myspainfood.com\/hr\/wp-json\/wp\/v2\/comments?post=18594"}],"version-history":[{"count":1,"href":"https:\/\/myspainfood.com\/hr\/wp-json\/wp\/v2\/pages\/18594\/revisions"}],"predecessor-version":[{"id":18596,"href":"https:\/\/myspainfood.com\/hr\/wp-json\/wp\/v2\/pages\/18594\/revisions\/18596"}],"wp:attachment":[{"href":"https:\/\/myspainfood.com\/hr\/wp-json\/wp\/v2\/media?parent=18594"}],"curies":[{"name":"wp","href":"https:\/\/api.w.org\/{rel}","templated":true}]}}