{"id":17740,"date":"2025-04-10T12:09:26","date_gmt":"2025-04-10T10:09:26","guid":{"rendered":"https:\/\/myspainfood.com\/producto\/punjeni-incuni-70-komada\/"},"modified":"2025-09-02T10:43:46","modified_gmt":"2025-09-02T08:43:46","slug":"punjeni-incuni-70-komada","status":"publish","type":"product","link":"https:\/\/myspainfood.com\/hr\/producto\/punjeni-incuni-70-komada\/","title":{"rendered":"Punjeni in\u0107uni 70 komada"},"content":{"rendered":"<p>Ulje (85% suncokretovo, 15% maslinovo), masline punjene in\u0107unima, ukiseljeni in\u0107uni, crvena paprika, per\u0161in i \u010de\u0161njak.<\/p>\n","protected":false},"excerpt":{"rendered":"<p>Ulje (85% suncokretovo, 15% maslinovo), masline punjene in\u0107unima, ukiseljeni in\u0107uni, crvena paprika, per\u0161in i \u010de\u0161njak.<\/p>\n","protected":false},"featured_media":17741,"template":"","meta":{"_et_pb_use_builder":"","_et_pb_old_content":"","_et_gb_content_width":""},"product_brand":[],"product_cat":[1876,1898,1791,1792,1878],"product_tag":[],"class_list":{"0":"post-17740","1":"product","2":"type-product","3":"status-publish","4":"has-post-thumbnail","6":"product_cat-hladno-hr","7":"product_cat-incuni-hr","8":"product_cat-kiseli-krastavci","9":"product_cat-masline-hr","10":"product_cat-pintxos-hr","11":"product_shipping_class-hladna-dostava","13":"first","14":"instock","15":"taxable","16":"shipping-taxable","17":"purchasable","18":"product-type-simple"},"_links":{"self":[{"href":"https:\/\/myspainfood.com\/hr\/wp-json\/wp\/v2\/product\/17740","targetHints":{"allow":["GET"]}}],"collection":[{"href":"https:\/\/myspainfood.com\/hr\/wp-json\/wp\/v2\/product"}],"about":[{"href":"https:\/\/myspainfood.com\/hr\/wp-json\/wp\/v2\/types\/product"}],"wp:featuredmedia":[{"embeddable":true,"href":"https:\/\/myspainfood.com\/hr\/wp-json\/wp\/v2\/media\/17741"}],"wp:attachment":[{"href":"https:\/\/myspainfood.com\/hr\/wp-json\/wp\/v2\/media?parent=17740"}],"wp:term":[{"taxonomy":"product_brand","embeddable":true,"href":"https:\/\/myspainfood.com\/hr\/wp-json\/wp\/v2\/product_brand?post=17740"},{"taxonomy":"product_cat","embeddable":true,"href":"https:\/\/myspainfood.com\/hr\/wp-json\/wp\/v2\/product_cat?post=17740"},{"taxonomy":"product_tag","embeddable":true,"href":"https:\/\/myspainfood.com\/hr\/wp-json\/wp\/v2\/product_tag?post=17740"}],"curies":[{"name":"wp","href":"https:\/\/api.w.org\/{rel}","templated":true}]}}