{"id":17869,"date":"2025-04-10T12:14:40","date_gmt":"2025-04-10T10:14:40","guid":{"rendered":"https:\/\/myspainfood.com\/producto\/prirodne-skoljke-morski-bademi-estela-do-mar-111-gr\/"},"modified":"2026-01-20T13:37:38","modified_gmt":"2026-01-20T12:37:38","slug":"prirodne-skoljke-morski-bademi-estela-do-mar-111-gr","status":"publish","type":"product","link":"https:\/\/myspainfood.com\/hr\/producto\/prirodne-skoljke-morski-bademi-estela-do-mar-111-gr\/","title":{"rendered":"Morska \u0161koljka (morski badem) u prirodnom stanju Estela do Mar 111 gr"},"content":{"rendered":"<p>Otkrijte autenti\u010dni okus mora uz <strong>prirodne \u0161koljke Estela do Mar.<\/strong> Ova konzerva od 111 grama konzerviranih morskih badema obuhva\u0107a svu svje\u017einu i \u010disto\u0107u najfinijih \u0161koljki, bez ikakvih aditiva ili konzervansa. Savr\u0161ene za one koji tra\u017ee visokokvalitetne, prirodne morske plodove, ove \u0161koljke su idealne za u\u017eivanje samostalno ili u va\u0161im omiljenim receptima, dodaju\u0107i nje\u017enu teksturu i intenzivan okus.  <\/p>\n<p>Bogate proteinima, omega-3 masnim kiselinama i esencijalnim mineralima, <strong>\u0161koljke Estela do Mar u salamuri<\/strong> hranjiv su izbor za svaku dijetu. Dodajte gurmanski i zdravi dodir svojim jelima i istra\u017eite vi\u0161e opcija u na\u0161em <a target=\"_new\" rel=\"noopener\">odjeljku s plodovima mora<\/a> ili se posavjetujte s referentnim stranicama kao \u0161to je <a href=\"https:\/\/www.fen.org.es\" target=\"_new\" rel=\"noopener noreferrer nofollow\" target=\"_blank\">\u0160panjolska zaklada za prehranu<\/a> . <\/p>\n<p>Dodajte \u0161koljke Estela do Mar svojim jelima i u\u017eivajte u gurmanskom dodiru!<\/p>\n<p><span class=\"BxUVEf ILfuVd\" lang=\"es\"><span class=\"hgKElc\"> <\/span><\/span><\/p>\n","protected":false},"excerpt":{"rendered":"<p>Otkrijte autenti\u010dni okus mora uz prirodne \u0161koljke Estela do Mar. Ova konzerva od 111 grama konzerviranih morskih badema obuhva\u0107a svu svje\u017einu i \u010disto\u0107u najfinijih \u0161koljki, bez ikakvih aditiva ili konzervansa. Savr\u0161ene za one koji tra\u017ee visokokvalitetne, prirodne morske plodove, ove \u0161koljke su idealne za u\u017eivanje samostalno ili u va\u0161im omiljenim receptima, dodaju\u0107i nje\u017enu teksturu i [&hellip;]<\/p>\n","protected":false},"featured_media":17872,"template":"","meta":{"_et_pb_use_builder":"","_et_pb_old_content":"","_et_gb_content_width":""},"product_brand":[1469],"product_cat":[1917,1918],"product_tag":[],"class_list":{"0":"post-17869","1":"product","2":"type-product","3":"status-publish","4":"has-post-thumbnail","6":"product_brand-estela-do-mar","7":"product_cat-konzerve","8":"product_cat-skoljke","10":"first","11":"outofstock","12":"taxable","13":"shipping-taxable","14":"product-type-variable"},"_links":{"self":[{"href":"https:\/\/myspainfood.com\/hr\/wp-json\/wp\/v2\/product\/17869","targetHints":{"allow":["GET"]}}],"collection":[{"href":"https:\/\/myspainfood.com\/hr\/wp-json\/wp\/v2\/product"}],"about":[{"href":"https:\/\/myspainfood.com\/hr\/wp-json\/wp\/v2\/types\/product"}],"wp:featuredmedia":[{"embeddable":true,"href":"https:\/\/myspainfood.com\/hr\/wp-json\/wp\/v2\/media\/17872"}],"wp:attachment":[{"href":"https:\/\/myspainfood.com\/hr\/wp-json\/wp\/v2\/media?parent=17869"}],"wp:term":[{"taxonomy":"product_brand","embeddable":true,"href":"https:\/\/myspainfood.com\/hr\/wp-json\/wp\/v2\/product_brand?post=17869"},{"taxonomy":"product_cat","embeddable":true,"href":"https:\/\/myspainfood.com\/hr\/wp-json\/wp\/v2\/product_cat?post=17869"},{"taxonomy":"product_tag","embeddable":true,"href":"https:\/\/myspainfood.com\/hr\/wp-json\/wp\/v2\/product_tag?post=17869"}],"curies":[{"name":"wp","href":"https:\/\/api.w.org\/{rel}","templated":true}]}}